{"id":2216,"date":"2023-03-03T22:03:03","date_gmt":"2023-03-03T19:03:03","guid":{"rendered":"https:\/\/wordpress-914273-3271339.cloudwaysapps.com\/?post_type=product&#038;p=2216"},"modified":"2023-03-17T03:14:17","modified_gmt":"2023-03-17T00:14:17","slug":"surtidores-totem-ste-shk","status":"publish","type":"product","link":"https:\/\/smartfluid.cl\/index.php\/producto\/surtidores-totem-ste-shk\/","title":{"rendered":"Surtidores TOTEM \u00b7 STE \u00b7 SHK"},"content":{"rendered":"<p>Surtidores TOTEM &#8211; STE- SHK\u00a0 Nuevo chasis en acero inoxidable y nuevos colores para mantener el aspecto de los surtidores inalterable durante el paso del tiempo.<br \/>\nSe ha dise\u00f1ado para una larga vida, f\u00e1cil instalaci\u00f3n y f\u00e1cil acceso a los diferentes componentes en caso de mantenimiento o posventa.<\/p>\n","protected":false},"excerpt":{"rendered":"<p>Surtidores TOTEM &#8211; STE- SHK\u00a0 Nuevo chasis en acero inoxidable y nuevos colores para mantener el aspecto de los surtidores inalterable durante el paso del tiempo. Se ha dise\u00f1ado para una larga vida, f\u00e1cil instalaci\u00f3n y f\u00e1cil [&hellip;]<\/p>\n","protected":false},"featured_media":2459,"comment_status":"open","ping_status":"closed","template":"","meta":[],"product_cat":[19,22],"product_tag":[60],"class_list":["post-2216","product","type-product","status-publish","has-post-thumbnail","hentry","product_cat-estaciones-de-servicio","product_cat-surtidor-de-flota","product_tag-dispensador-de-combustible"],"_links":{"self":[{"href":"https:\/\/smartfluid.cl\/index.php\/wp-json\/wp\/v2\/product\/2216","targetHints":{"allow":["GET"]}}],"collection":[{"href":"https:\/\/smartfluid.cl\/index.php\/wp-json\/wp\/v2\/product"}],"about":[{"href":"https:\/\/smartfluid.cl\/index.php\/wp-json\/wp\/v2\/types\/product"}],"replies":[{"embeddable":true,"href":"https:\/\/smartfluid.cl\/index.php\/wp-json\/wp\/v2\/comments?post=2216"}],"wp:featuredmedia":[{"embeddable":true,"href":"https:\/\/smartfluid.cl\/index.php\/wp-json\/wp\/v2\/media\/2459"}],"wp:attachment":[{"href":"https:\/\/smartfluid.cl\/index.php\/wp-json\/wp\/v2\/media?parent=2216"}],"wp:term":[{"taxonomy":"product_cat","embeddable":true,"href":"https:\/\/smartfluid.cl\/index.php\/wp-json\/wp\/v2\/product_cat?post=2216"},{"taxonomy":"product_tag","embeddable":true,"href":"https:\/\/smartfluid.cl\/index.php\/wp-json\/wp\/v2\/product_tag?post=2216"}],"curies":[{"name":"wp","href":"https:\/\/api.w.org\/{rel}","templated":true}]}}