{"id":2391,"date":"2023-03-16T04:00:20","date_gmt":"2023-03-16T01:00:20","guid":{"rendered":"https:\/\/smartfluid.cl\/?post_type=product&#038;p=2391"},"modified":"2023-03-16T04:00:21","modified_gmt":"2023-03-16T01:00:21","slug":"sensor-de-nivel-de-combustible-con-gsm-y-gps","status":"publish","type":"product","link":"https:\/\/smartfluid.cl\/index.php\/producto\/sensor-de-nivel-de-combustible-con-gsm-y-gps\/","title":{"rendered":"Sensor de nivel de combustible con GSM y GPS"},"content":{"rendered":"<div class=\"vc_row wpb_row vc_row-fluid vc_custom_1615530565424 vc_row-has-fill vc_row-o-equal-height vc_row-flex\" data-vc-full-width=\"true\" data-vc-full-width-init=\"true\" data-vc-stretch-content=\"true\">\n<div class=\"wpb_column vc_column_container vc_col-sm-6\">\n<div class=\"vc_column-inner\">\n<div class=\"wpb_wrapper\">\n<div class=\"wpb_text_column wpb_content_element \">\n<div class=\"wpb_wrapper\">\n<h1><a style=\"font-size: 16px;\" href=\"https:\/\/jv-technoton.com\/ru\/galereya_ustanovok\/\" target=\"_blank\" rel=\"noopener\">Galer\u00eda de instalaci\u00f3n<\/a><\/h1>\n<\/div>\n<\/div>\n<\/div>\n<\/div>\n<\/div>\n<\/div>\n<div class=\"vc_row wpb_row vc_row-fluid vc_custom_1615530558155 vc_row-o-equal-height vc_row-flex\" data-vc-full-width=\"true\" data-vc-full-width-init=\"true\">\n<div class=\"wpb_column vc_column_container vc_col-sm-6\">\n<div class=\"vc_column-inner\">\n<div class=\"wpb_wrapper\">\n<div class=\"wpb_text_column wpb_content_element \">\n<div class=\"wpb_wrapper\">\n<p>Sensor de nivel de combustible con GSM y GPS, DUT-E GSM mide el nivel y el volumen de combustible en el tanque, determina la ubicaci\u00f3n de los veh\u00edculos mediante GPS\/GLONASS, genera y env\u00eda informes a bordo sobre los par\u00e1metros de funcionamiento del veh\u00edculo a trav\u00e9s de la red GSM. El usuario (operador o propietario de la flota\/instalaci\u00f3n) en tiempo real tiene la capacidad de analizar r\u00e1pidamente la eficiencia del trabajo, en base a los datos recibidos de DUT-E GSM:<\/p>\n<ul>\n<li>ubicaci\u00f3n del objeto<\/li>\n<li>velocidad y direcci\u00f3n del veh\u00edculo<\/li>\n<li>nivel y volumen de combustible en el tanque o tanques<\/li>\n<li>temperatura del combustible<\/li>\n<li>voltaje de la red a bordo<\/li>\n<\/ul>\n<div class=\"wpb_text_column wpb_content_element \">\n<div class=\"wpb_wrapper\">\n<h3><span>Tareas a resolver<\/span><\/h3>\n<\/div>\n<\/div>\n<div class=\"wpb_text_column wpb_content_element \">\n<div class=\"wpb_wrapper\">\n<div class=\"icon_vert\"><img decoding=\"async\" class=\"alignnone wp-image-33046 \" title=\"Control de repostaje y vaciado de combustible del dep\u00f3sito\" src=\"https:\/\/jv-technoton.com\/wp-content\/uploads\/2019\/08\/004-1.png\" alt=\"\" width=\"50\" height=\"36\" \/>\u00a0<span>Control de repostaje y vaciado de combustible del dep\u00f3sito<\/span><\/div>\n<div class=\"icon_vert\"><img decoding=\"async\" class=\"alignnone wp-image-31513 \" title=\"Prevenir el robo de combustible del tanque\" src=\"https:\/\/jv-technoton.com\/wp-content\/uploads\/2019\/07\/003-1.png\" alt=\"\" width=\"50\" height=\"35\" \/><span>Prevenir el robo de combustible del tanque<\/span><\/div>\n<div class=\"icon_vert\"><img decoding=\"async\" class=\"alignnone wp-image-31517 \" title=\"Control de consumo de combustible del tanque\" src=\"https:\/\/jv-technoton.com\/wp-content\/uploads\/2019\/07\/001-1.png\" alt=\"\" width=\"50\" height=\"35\" \/><span>Control de consumo de combustible del tanque<\/span><\/div>\n<div class=\"icon_vert\"><img loading=\"lazy\" decoding=\"async\" class=\"alignnone wp-image-31670 \" title=\"Control de ubicaci\u00f3n\" src=\"https:\/\/jv-technoton.com\/wp-content\/uploads\/2019\/07\/001-2.png\" alt=\"\" width=\"50\" height=\"35\" \/><span>Control de ubicaci\u00f3n<\/span><\/div>\n<\/div>\n<\/div>\n<\/div>\n<\/div>\n<\/div>\n<\/div>\n<\/div>\n<\/div>\n","protected":false},"excerpt":{"rendered":"<p>Galer\u00eda de instalaci\u00f3n Sensor de nivel de combustible con GSM y GPS, DUT-E GSM mide el nivel y el volumen de combustible en el tanque, determina la ubicaci\u00f3n de los veh\u00edculos mediante GPS\/GLONASS, genera y env\u00eda informes [&hellip;]<\/p>\n","protected":false},"featured_media":2392,"comment_status":"open","ping_status":"closed","template":"","meta":[],"product_cat":[23],"product_tag":[68],"class_list":["post-2391","product","type-product","status-publish","has-post-thumbnail","hentry","product_cat-telemedicion","product_tag-sensor-de-nivel-de-combustible"],"_links":{"self":[{"href":"https:\/\/smartfluid.cl\/index.php\/wp-json\/wp\/v2\/product\/2391","targetHints":{"allow":["GET"]}}],"collection":[{"href":"https:\/\/smartfluid.cl\/index.php\/wp-json\/wp\/v2\/product"}],"about":[{"href":"https:\/\/smartfluid.cl\/index.php\/wp-json\/wp\/v2\/types\/product"}],"replies":[{"embeddable":true,"href":"https:\/\/smartfluid.cl\/index.php\/wp-json\/wp\/v2\/comments?post=2391"}],"wp:featuredmedia":[{"embeddable":true,"href":"https:\/\/smartfluid.cl\/index.php\/wp-json\/wp\/v2\/media\/2392"}],"wp:attachment":[{"href":"https:\/\/smartfluid.cl\/index.php\/wp-json\/wp\/v2\/media?parent=2391"}],"wp:term":[{"taxonomy":"product_cat","embeddable":true,"href":"https:\/\/smartfluid.cl\/index.php\/wp-json\/wp\/v2\/product_cat?post=2391"},{"taxonomy":"product_tag","embeddable":true,"href":"https:\/\/smartfluid.cl\/index.php\/wp-json\/wp\/v2\/product_tag?post=2391"}],"curies":[{"name":"wp","href":"https:\/\/api.w.org\/{rel}","templated":true}]}}