{"id":2399,"date":"2023-03-16T04:33:35","date_gmt":"2023-03-16T01:33:35","guid":{"rendered":"https:\/\/smartfluid.cl\/?post_type=product&#038;p=2399"},"modified":"2023-03-20T19:11:53","modified_gmt":"2023-03-20T16:11:53","slug":"medidor-de-flujo-de-combustible-diferencial","status":"publish","type":"product","link":"https:\/\/smartfluid.cl\/index.php\/producto\/medidor-de-flujo-de-combustible-diferencial\/","title":{"rendered":"Medidor de flujo de combustible diferencial"},"content":{"rendered":"<p>El medidor de flujo de combustible diferencial DFM D est\u00e1 dise\u00f1ado para medir el consumo de combustible di\u00e9sel en l\u00edneas de combustible de veh\u00edculos y motores estacionarios, y se utiliza como parte del sistema de seguimiento de veh\u00edculos por GPS.\u00a0Adem\u00e1s, DFM D registra el tiempo de trabajo del motor en varios modos de operaci\u00f3n.\u00a0DFM D se utiliza para el seguimiento del consumo de:<\/p>\n<ul>\n<li>combustible diesel;<\/li>\n<li>aceite de calefaccion;<\/li>\n<li>otros tipos de combustible l\u00edquido con una viscosidad cinem\u00e1tica de 1,5 a 6 mm\u00a0<sup>2<\/sup>\u00a0\/ s.<\/li>\n<\/ul>\n<p>Los medidores de flujo de combustible DFM D, que est\u00e1n equipados con pantalla, se utilizan como una soluci\u00f3n independiente (aut\u00f3noma) para contabilizar el consumo de combustible, sin necesidad de conexi\u00f3n a un servidor web.\u00a0Los DFM D son m\u00e1s adecuados para los motores modernos (Common rail o sistemas de inyecci\u00f3n de bomba de combustible) de veh\u00edculos y unidades estacionarias.<\/p>\n<p>&nbsp;<\/p>\n<div class=\"wpb_text_column wpb_content_element \">\n<div class=\"wpb_wrapper\">\n<h3>Tareas<\/h3>\n<\/div>\n<\/div>\n<div class=\"wpb_text_column wpb_content_element \">\n<div class=\"wpb_wrapper\">\n<div class=\"icon_vert\"><img decoding=\"async\" title=\"Prevenci\u00f3n de robos de combustible\" src=\"https:\/\/jv-technoton.com\/wp-content\/uploads\/2019\/06\/predotvraschenie-hishcheniya.png\" width=\"50\" \/>Prevenci\u00f3n del robo de combustible<\/div>\n<div class=\"icon_vert\"><a href=\"https:\/\/jv-technoton.com\/fuel-consumption-monitoring\/\" target=\"_blank\" rel=\"noopener\"><img decoding=\"async\" title=\"Supervisi\u00f3n del consumo de combustible\" src=\"https:\/\/jv-technoton.com\/wp-content\/uploads\/2019\/07\/002.png\" width=\"50\" \/><\/a><a href=\"https:\/\/jv-technoton.com\/fuel-consumption-monitoring\/\" target=\"_blank\" rel=\"noopener\">Supervisi\u00f3n del consumo de combustible<\/a><\/div>\n<div class=\"icon_vert\"><img decoding=\"async\" title=\"Prueba del motor para el consumo de combustible\" src=\"https:\/\/jv-technoton.com\/wp-content\/uploads\/2019\/06\/optimizaciya-tehobsluzivaniya.png\" width=\"50\" \/>Prueba del motor para el consumo de combustible<\/div>\n<div class=\"icon_vert\"><img decoding=\"async\" class=\"alignnone\" title=\"Seguimiento del tiempo de funcionamiento de la m\u00e1quina\" src=\"https:\/\/jv-technoton.com\/wp-content\/uploads\/2019\/07\/001.png\" alt=\"Seguimiento del tiempo de funcionamiento de la m\u00e1quina\" width=\"50\" height=\"50\" \/>Seguimiento del tiempo de funcionamiento de la m\u00e1quina<\/div>\n<\/div>\n<\/div>\n","protected":false},"excerpt":{"rendered":"<p>El medidor de flujo de combustible diferencial DFM D est\u00e1 dise\u00f1ado para medir el consumo de combustible di\u00e9sel en l\u00edneas de combustible de veh\u00edculos y motores estacionarios, y se utiliza como parte del sistema de seguimiento de [&hellip;]<\/p>\n","protected":false},"featured_media":2400,"comment_status":"open","ping_status":"closed","template":"","meta":[],"product_cat":[77],"product_tag":[71],"class_list":["post-2399","product","type-product","status-publish","has-post-thumbnail","hentry","product_cat-terminales-de-combustibles","product_tag-medidor-de-flujo"],"_links":{"self":[{"href":"https:\/\/smartfluid.cl\/index.php\/wp-json\/wp\/v2\/product\/2399","targetHints":{"allow":["GET"]}}],"collection":[{"href":"https:\/\/smartfluid.cl\/index.php\/wp-json\/wp\/v2\/product"}],"about":[{"href":"https:\/\/smartfluid.cl\/index.php\/wp-json\/wp\/v2\/types\/product"}],"replies":[{"embeddable":true,"href":"https:\/\/smartfluid.cl\/index.php\/wp-json\/wp\/v2\/comments?post=2399"}],"wp:featuredmedia":[{"embeddable":true,"href":"https:\/\/smartfluid.cl\/index.php\/wp-json\/wp\/v2\/media\/2400"}],"wp:attachment":[{"href":"https:\/\/smartfluid.cl\/index.php\/wp-json\/wp\/v2\/media?parent=2399"}],"wp:term":[{"taxonomy":"product_cat","embeddable":true,"href":"https:\/\/smartfluid.cl\/index.php\/wp-json\/wp\/v2\/product_cat?post=2399"},{"taxonomy":"product_tag","embeddable":true,"href":"https:\/\/smartfluid.cl\/index.php\/wp-json\/wp\/v2\/product_tag?post=2399"}],"curies":[{"name":"wp","href":"https:\/\/api.w.org\/{rel}","templated":true}]}}