{"id":2401,"date":"2023-03-16T04:39:13","date_gmt":"2023-03-16T01:39:13","guid":{"rendered":"https:\/\/smartfluid.cl\/?post_type=product&#038;p=2401"},"modified":"2023-03-20T19:11:00","modified_gmt":"2023-03-20T16:11:00","slug":"medidor-de-flujo-inalambrico","status":"publish","type":"product","link":"https:\/\/smartfluid.cl\/index.php\/producto\/medidor-de-flujo-inalambrico\/","title":{"rendered":"Medidor de flujo inal\u00e1mbrico"},"content":{"rendered":"<div class=\"wpb_text_column wpb_content_element \">\n<div class=\"wpb_wrapper\">\n<p>Medidor de flujo inal\u00e1mbrico, DFM S7 y DFM D S7: herramienta de hardware para medir directamente el consumo de combustible y monitorear el flujo de l\u00edquidos con una viscosidad cinem\u00e1tica de 1,5 a 6 mm <sup>2<\/sup>\u00a0\/s, tambi\u00e9n se utiliza para registrar el tiempo de funcionamiento del motor y el tiempo de flujo de combustible\/l\u00edquido.\u00a0Los medidores de flujo de combustible inal\u00e1mbricos DFM S7 se utilizan en telem\u00e1tica de veh\u00edculos (seguimiento de veh\u00edculos GPS\/GLONASS), sistemas de monitoreo en l\u00ednea de motores estacionarios, calderas\/calentadores, y como una soluci\u00f3n independiente para monitorear el consumo de combustible.<\/p>\n<p>Los medidores de flujo se basan en\u00a0<a href=\"https:\/\/jv-technoton.com\/s7-technology\/\" target=\"_blank\" rel=\"noopener\">la tecnolog\u00eda S7<\/a>\u00a0, que garantiza la transferencia inal\u00e1mbrica de datos a trav\u00e9s de Bluetooth 4.X (Bluetooth Low Energy) a varios dispositivos que utilizan BLE-radio.\u00a0En otras palabras, los medidores de flujo funcionan en modo \u00abpublicidad\u00bb: los datos se env\u00edan simult\u00e1neamente a unidades telem\u00e1ticas y rastreadores GPS, pantallas Bluetooth, tel\u00e9fonos inteligentes y tabletas.<\/p>\n<\/div>\n<\/div>\n<div class=\"wpb_text_column wpb_content_element \">\n<div class=\"wpb_wrapper\">\n<h3><\/h3>\n<h3>Caracter\u00edsticas principales<\/h3>\n<\/div>\n<\/div>\n<div class=\"wpb_text_column wpb_content_element \">\n<div class=\"wpb_wrapper\">\n<ul>\n<li>funcionamiento en modo BLE-radio: los datos se env\u00edan a varios Receptores al mismo tiempo<\/li>\n<li>bater\u00eda incorporada: el sensor de flujo de combustible funciona sin fuente de alimentaci\u00f3n externa<\/li>\n<li>El consumo de energ\u00eda muy bajo permite el funcionamiento aut\u00f3nomo del caudal\u00edmetro durante 5 a\u00f1os.<\/li>\n<li>seguridad contra explosiones e incendios sin barrera de seguridad intr\u00ednseca adicional<\/li>\n<li>sin cables: resistencia mejorada al vandalismo o da\u00f1os accidentales<\/li>\n<\/ul>\n<\/div>\n<\/div>\n","protected":false},"excerpt":{"rendered":"<p>Medidor de flujo inal\u00e1mbrico, DFM S7 y DFM D S7: herramienta de hardware para medir directamente el consumo de combustible y monitorear el flujo de l\u00edquidos con una viscosidad cinem\u00e1tica de 1,5 a 6 mm 2\u00a0\/s, tambi\u00e9n [&hellip;]<\/p>\n","protected":false},"featured_media":2402,"comment_status":"open","ping_status":"closed","template":"","meta":[],"product_cat":[77],"product_tag":[71],"class_list":["post-2401","product","type-product","status-publish","has-post-thumbnail","hentry","product_cat-terminales-de-combustibles","product_tag-medidor-de-flujo"],"_links":{"self":[{"href":"https:\/\/smartfluid.cl\/index.php\/wp-json\/wp\/v2\/product\/2401","targetHints":{"allow":["GET"]}}],"collection":[{"href":"https:\/\/smartfluid.cl\/index.php\/wp-json\/wp\/v2\/product"}],"about":[{"href":"https:\/\/smartfluid.cl\/index.php\/wp-json\/wp\/v2\/types\/product"}],"replies":[{"embeddable":true,"href":"https:\/\/smartfluid.cl\/index.php\/wp-json\/wp\/v2\/comments?post=2401"}],"wp:featuredmedia":[{"embeddable":true,"href":"https:\/\/smartfluid.cl\/index.php\/wp-json\/wp\/v2\/media\/2402"}],"wp:attachment":[{"href":"https:\/\/smartfluid.cl\/index.php\/wp-json\/wp\/v2\/media?parent=2401"}],"wp:term":[{"taxonomy":"product_cat","embeddable":true,"href":"https:\/\/smartfluid.cl\/index.php\/wp-json\/wp\/v2\/product_cat?post=2401"},{"taxonomy":"product_tag","embeddable":true,"href":"https:\/\/smartfluid.cl\/index.php\/wp-json\/wp\/v2\/product_tag?post=2401"}],"curies":[{"name":"wp","href":"https:\/\/api.w.org\/{rel}","templated":true}]}}