{"id":2408,"date":"2023-03-16T19:59:05","date_gmt":"2023-03-16T16:59:05","guid":{"rendered":"https:\/\/smartfluid.cl\/?post_type=product&#038;p=2408"},"modified":"2023-03-16T19:59:06","modified_gmt":"2023-03-16T16:59:06","slug":"consola-estaciones-de-servicio-y-deposito-medidor-automatico-de-tanques","status":"publish","type":"product","link":"https:\/\/smartfluid.cl\/index.php\/producto\/consola-estaciones-de-servicio-y-deposito-medidor-automatico-de-tanques\/","title":{"rendered":"Consola &#8211; Estaciones de Servicio y Dep\u00f3sito Medidor Autom\u00e1tico de Tanques"},"content":{"rendered":"<h3><span>Consola &#8211; Estaciones de Servicio y Dep\u00f3sito Medidor Autom\u00e1tico de Tanques<\/span><\/h3>\n<h3><span>Principales caracter\u00edsticas<\/span><\/h3>\n<div class=\"pricing-container\">\n<ul>\n<li>Dise\u00f1o a prueba de explosiones<\/li>\n<li>Gestiona hasta 4 tanques<\/li>\n<li>Pantalla gr\u00e1fica TFT a color de 3,5&#8243;<\/li>\n<li>Mesa de flejado de tanques hasta 100 lin.\u00a0puntos<\/li>\n<li>La pantalla muestra:\n<p>&#8211; Nivel de producto\/mm<br \/>\n&#8211; Nivel de interfaz\/mm (detecci\u00f3n de presencia de agua)<br \/>\n&#8211; Volumen real y compensado a 15 \u00b0C en litros<br \/>\n&#8211; Temperatura media del producto 5 temp.\u00a0sensores<br \/>\n&#8211; Volumen de la parte vac\u00eda del tanque en litros (lleno)<\/li>\n<\/ul>\n<div class=\"col-md-4 text-center\">\n<div class=\"box-area\">\n<h3><span>Caracter\u00edsticas mec\u00e1nicas<\/span><\/h3>\n<div class=\"pricing-container\">\n<ul>\n<li><span>Caja de aluminio fundido a presi\u00f3n IP 68 grado de protecci\u00f3n hasta 1 m.\u00a0inmersi\u00f3n en agua<\/span><\/li>\n<li><span>N.2 botones para activar la recuperaci\u00f3n de la copia de seguridad de la bater\u00eda interna y para cambiar las p\u00e1ginas<\/span><\/li>\n<\/ul>\n<\/div>\n<\/div>\n<\/div>\n<div class=\"col-md-4 text-center\"><i class=\"fa fa-bolt\"><\/i><\/p>\n<div class=\"box-area\">\n<h3><span>Caracter\u00edsticas el\u00e9ctricas<\/span><\/h3>\n<div class=\"pricing-container\">\n<ul>\n<li><span>N.4 canales de entrada programables E\/S<\/span><br \/>\n<span>digitales o anal\u00f3gicas 4-20 mA dos hilos<\/span><\/li>\n<li><span>Hasta N.4 rel\u00e9s 125VAC 2A<\/span><br \/>\n<span>Salida de alarmas SPDT programable<\/span><\/li>\n<li><span>N.2 Bus de campo RS 485 y cableado del sistema<\/span><\/li>\n<li><span>RS 232: impresora serie externa<\/span><\/li>\n<\/ul>\n<\/div>\n<\/div>\n<\/div>\n<\/div>\n","protected":false},"excerpt":{"rendered":"<p>Consola &#8211; Estaciones de Servicio y Dep\u00f3sito Medidor Autom\u00e1tico de Tanques Principales caracter\u00edsticas Dise\u00f1o a prueba de explosiones Gestiona hasta 4 tanques Pantalla gr\u00e1fica TFT a color de 3,5&#8243; Mesa de flejado de tanques hasta 100 lin.\u00a0puntos [&hellip;]<\/p>\n","protected":false},"featured_media":2409,"comment_status":"open","ping_status":"closed","template":"","meta":[],"product_cat":[23],"product_tag":[73],"class_list":["post-2408","product","type-product","status-publish","has-post-thumbnail","hentry","product_cat-telemedicion","product_tag-consola-de-estaciones-de-servicio"],"_links":{"self":[{"href":"https:\/\/smartfluid.cl\/index.php\/wp-json\/wp\/v2\/product\/2408","targetHints":{"allow":["GET"]}}],"collection":[{"href":"https:\/\/smartfluid.cl\/index.php\/wp-json\/wp\/v2\/product"}],"about":[{"href":"https:\/\/smartfluid.cl\/index.php\/wp-json\/wp\/v2\/types\/product"}],"replies":[{"embeddable":true,"href":"https:\/\/smartfluid.cl\/index.php\/wp-json\/wp\/v2\/comments?post=2408"}],"wp:featuredmedia":[{"embeddable":true,"href":"https:\/\/smartfluid.cl\/index.php\/wp-json\/wp\/v2\/media\/2409"}],"wp:attachment":[{"href":"https:\/\/smartfluid.cl\/index.php\/wp-json\/wp\/v2\/media?parent=2408"}],"wp:term":[{"taxonomy":"product_cat","embeddable":true,"href":"https:\/\/smartfluid.cl\/index.php\/wp-json\/wp\/v2\/product_cat?post=2408"},{"taxonomy":"product_tag","embeddable":true,"href":"https:\/\/smartfluid.cl\/index.php\/wp-json\/wp\/v2\/product_tag?post=2408"}],"curies":[{"name":"wp","href":"https:\/\/api.w.org\/{rel}","templated":true}]}}