{"id":241,"date":"2023-02-16T21:53:43","date_gmt":"2023-02-16T18:53:43","guid":{"rendered":"https:\/\/wordpress-914273-3271339.cloudwaysapps.com\/?post_type=product&#038;p=241"},"modified":"2023-02-16T21:53:43","modified_gmt":"2023-02-16T18:53:43","slug":"control-de-ventas-para-estaciones-de-servicios","status":"publish","type":"product","link":"https:\/\/smartfluid.cl\/index.php\/producto\/control-de-ventas-para-estaciones-de-servicios\/","title":{"rendered":"Control de ventas para estaciones de servicios"},"content":{"rendered":"<p>Protocolos de comunicaci\u00f3n con todas las marcas Existentes( Gilbarco, Wayne, Mepsan, 2A, Mekser, Bennett, Protocolos de Comunicaci\u00f3n para Telemedici\u00f3n , Veeder Root Comunicaci\u00f3n Loop de Corriente, RS232, RS 485, TCP\/ IP Ethernet Memoria Flash Pagina Web Built In Capacidad de Conectar sistemas de Pre- Identificaci\u00f3n Interfase para uso con PINPAD Puede administrar tarjetas de fidelidad de clientes Puede hacer reconciliaci\u00f3n del volumen despacho por el surtidor y lo que est\u00e1 en la Telemedici\u00f3n.<\/p>\n","protected":false},"excerpt":{"rendered":"<p>Nuestro controlador toma el dato directo desde el Surtidor mediante el canal de comunicaci\u00f3n para que no exista error en la transcripci\u00f3n de la info<\/p>\n<p>El Controlador puede con dispositivos opcionales identificar a los atendedores antes que se realize una venta manteniendo el surtidor Bloqueado.<\/p>\n<p>Puede operar con sistema de Atendedores(Bomberos) o Como Autoservicio<\/p>\n","protected":false},"featured_media":242,"comment_status":"open","ping_status":"closed","template":"","meta":[],"product_cat":[21],"product_tag":[],"class_list":["post-241","product","type-product","status-publish","has-post-thumbnail","hentry","product_cat-control-de-surtidor"],"_links":{"self":[{"href":"https:\/\/smartfluid.cl\/index.php\/wp-json\/wp\/v2\/product\/241","targetHints":{"allow":["GET"]}}],"collection":[{"href":"https:\/\/smartfluid.cl\/index.php\/wp-json\/wp\/v2\/product"}],"about":[{"href":"https:\/\/smartfluid.cl\/index.php\/wp-json\/wp\/v2\/types\/product"}],"replies":[{"embeddable":true,"href":"https:\/\/smartfluid.cl\/index.php\/wp-json\/wp\/v2\/comments?post=241"}],"wp:featuredmedia":[{"embeddable":true,"href":"https:\/\/smartfluid.cl\/index.php\/wp-json\/wp\/v2\/media\/242"}],"wp:attachment":[{"href":"https:\/\/smartfluid.cl\/index.php\/wp-json\/wp\/v2\/media?parent=241"}],"wp:term":[{"taxonomy":"product_cat","embeddable":true,"href":"https:\/\/smartfluid.cl\/index.php\/wp-json\/wp\/v2\/product_cat?post=241"},{"taxonomy":"product_tag","embeddable":true,"href":"https:\/\/smartfluid.cl\/index.php\/wp-json\/wp\/v2\/product_tag?post=241"}],"curies":[{"name":"wp","href":"https:\/\/api.w.org\/{rel}","templated":true}]}}