{"id":243,"date":"2023-02-16T21:57:29","date_gmt":"2023-02-16T18:57:29","guid":{"rendered":"https:\/\/wordpress-914273-3271339.cloudwaysapps.com\/?post_type=product&#038;p=243"},"modified":"2023-03-17T02:22:02","modified_gmt":"2023-03-16T23:22:02","slug":"detector-de-fuga-mecanico-para-bomba-sumergida","status":"publish","type":"product","link":"https:\/\/smartfluid.cl\/index.php\/producto\/detector-de-fuga-mecanico-para-bomba-sumergida\/","title":{"rendered":"Detector de fuga mec\u00e1nico para bomba sumergida"},"content":{"rendered":"<p>Detector de fugas mecanico para bomba sumergida, Nuestro detector VMI es est\u00e1 calibrado para detectar bajas abruptas de presion en la ca\u00f1er\u00edas hidraulicas de combustible que llegan al surtidor de combustible. en su estaci\u00f3n de servicio , dise\u00f1ado y fabricado en USA certificacion UL y PEI<\/p>\n","protected":false},"excerpt":{"rendered":"<h1 class=\"product_title entry-title\">Detector de Fuga Mec\u00e1nico para bomba sumergida<\/h1>\n","protected":false},"featured_media":2456,"comment_status":"open","ping_status":"closed","template":"","meta":[],"product_cat":[19],"product_tag":[],"class_list":["post-243","product","type-product","status-publish","has-post-thumbnail","hentry","product_cat-estaciones-de-servicio"],"_links":{"self":[{"href":"https:\/\/smartfluid.cl\/index.php\/wp-json\/wp\/v2\/product\/243","targetHints":{"allow":["GET"]}}],"collection":[{"href":"https:\/\/smartfluid.cl\/index.php\/wp-json\/wp\/v2\/product"}],"about":[{"href":"https:\/\/smartfluid.cl\/index.php\/wp-json\/wp\/v2\/types\/product"}],"replies":[{"embeddable":true,"href":"https:\/\/smartfluid.cl\/index.php\/wp-json\/wp\/v2\/comments?post=243"}],"wp:featuredmedia":[{"embeddable":true,"href":"https:\/\/smartfluid.cl\/index.php\/wp-json\/wp\/v2\/media\/2456"}],"wp:attachment":[{"href":"https:\/\/smartfluid.cl\/index.php\/wp-json\/wp\/v2\/media?parent=243"}],"wp:term":[{"taxonomy":"product_cat","embeddable":true,"href":"https:\/\/smartfluid.cl\/index.php\/wp-json\/wp\/v2\/product_cat?post=243"},{"taxonomy":"product_tag","embeddable":true,"href":"https:\/\/smartfluid.cl\/index.php\/wp-json\/wp\/v2\/product_tag?post=243"}],"curies":[{"name":"wp","href":"https:\/\/api.w.org\/{rel}","templated":true}]}}