{"id":245,"date":"2023-02-16T21:59:40","date_gmt":"2023-02-16T18:59:40","guid":{"rendered":"https:\/\/wordpress-914273-3271339.cloudwaysapps.com\/?post_type=product&#038;p=245"},"modified":"2023-03-17T03:20:52","modified_gmt":"2023-03-17T00:20:52","slug":"controlador-de-surtidor","status":"publish","type":"product","link":"https:\/\/smartfluid.cl\/index.php\/producto\/controlador-de-surtidor\/","title":{"rendered":"Controlador de Surtidor"},"content":{"rendered":"<div class=\"elementor-column elementor-col-33 elementor-inner-column elementor-element elementor-element-691af557\" data-id=\"691af557\" data-element_type=\"column\">\n<div class=\"elementor-widget-wrap elementor-element-populated\">\n<div class=\"elementor-element elementor-element-1ac3a422 ekit-equal-height-disable elementor-widget elementor-widget-elementskit-image-box\" data-id=\"1ac3a422\" data-element_type=\"widget\" data-widget_type=\"elementskit-image-box.default\">\n<div class=\"elementor-widget-container\">\n<div class=\"ekit-wid-con\">\n<div class=\"elementskit-info-image-box ekit-image-box text-left style-sideline\">\n<div class=\"elementskit-box-body ekit-image-box-body\">\n<div class=\"elementskit-box-content ekit-image-box-body-inner\">\n<div class=\"elementskit-box-style-content\">Controlador de surtidor Fabricado en Francia Puede controlar cualquier surtidor de Diesel, Adblue, Lubricantes , anticongelantes y cualquier fluido valorado. El dispensador debe contar con salida de pulsos para poder operar con el. Puede operar con llaves de proximidad o clave alfanumerica Entrada de Pulsos Salida de contacto Display LCD Retroiluminado Alimentaci\u00f3n 220 Volts 50 hz Controlador para surtidores mec\u00e1nicos y Electr\u00f3nicos con salida de pulsos para puntos industriales con flotas de veh\u00edculos Puede indicar volumen fecha y hora del consumo Puede indicar nombre y usuario Puede Bloquear y desbloquear uso del surtidor<\/div>\n<\/div>\n<div class=\"elementskit-box-footer\">\n<div class=\"box-footer\">\n<div class=\"btn-wraper\"><a class=\"elementskit-btn whitespace--normal\" href=\"https:\/\/wordpress-914273-3182500.cloudwaysapps.com\/index.php\/tienda-nueva\/#\" target=\"_blank\" rel=\"noopener\">Cotizaci\u00f3n\u00a0\u00a0<\/a><\/div>\n<div><\/div>\n<\/div>\n<div>\n<div id=\"block-568c5af1d8af1097861fb1a3\" class=\"sqs-block html-block sqs-block-html\" data-block-type=\"2\">\n<div class=\"sqs-block-content\">\n<h1>Terminal GIR TIP\/GCA<\/h1>\n<\/div>\n<\/div>\n<div id=\"block-yui_3_17_2_4_1452550252150_5363\" class=\"sqs-block gallery-block sqs-block-gallery sqs-col-4 span-4 float float-right\" data-block-json=\"{&quot;hSize&quot;:4,&quot;floatDir&quot;:&quot;right&quot;,&quot;methodOption&quot;:&quot;transient&quot;,&quot;existingGallery&quot;:null,&quot;aspect-ratio&quot;:&quot;standard&quot;,&quot;aspectRatio&quot;:null,&quot;auto-crop&quot;:true,&quot;blockAnimation&quot;:&quot;none&quot;,&quot;collectionId&quot;:&quot;569428d87086d73920fd9cf2&quot;,&quot;design&quot;:&quot;grid&quot;,&quot;lightbox&quot;:true,&quot;padding&quot;:0,&quot;show-meta&quot;:true,&quot;show-meta-basic&quot;:true,&quot;show-meta-only-title&quot;:false,&quot;show-meta-only-description&quot;:false,&quot;square-thumbs&quot;:true,&quot;thumbnails-per-row&quot;:1,&quot;vSize&quot;:null,&quot;transientGalleryId&quot;:&quot;569428d87086d73920fd9cf2&quot;}\" data-block-type=\"8\">\n<div id=\"yui_3_17_2_1_1679009367448_160\" class=\"sqs-block-content\">\n<div id=\"yui_3_17_2_1_1679009367448_74\" class=\" sqs-gallery-container sqs-gallery-block-grid sqs-gallery-aspect-ratio-standard sqs-gallery-thumbnails-per-row-1 sqs-gallery-block-show-meta block-animation-none clear\">\n<div id=\"yui_3_17_2_1_1679009367448_91\" class=\"sqs-gallery sqs-gallery-design-grid\">\n<div id=\"yui_3_17_2_1_1679009367448_125\" class=\"slide sqs-gallery-design-grid-slide\" data-type=\"image\" data-animation-role=\"image\">\n<div id=\"yui_3_17_2_1_1679009367448_491\" class=\"margin-wrapper\"><\/div>\n<\/div>\n<div id=\"yui_3_17_2_1_1679009367448_126\" class=\"slide sqs-gallery-design-grid-slide\" data-type=\"image\" data-animation-role=\"image\">\n<div class=\"margin-wrapper\"><\/div>\n<\/div>\n<\/div>\n<\/div>\n<\/div>\n<\/div>\n<div id=\"block-yui_3_17_2_1_1557839797668_13331\" class=\"sqs-block html-block sqs-block-html\" data-block-type=\"2\">\n<div class=\"sqs-block-content\">\n<ul data-rte-list=\"default\">\n<li>\n<p class=\"\"><strong>Dispositivo nativo de la nube<\/strong> , tambi\u00e9n compatible con software local.<\/p>\n<\/li>\n<li>\n<p class=\"\"><strong>Comunicaci\u00f3n en tiempo real<\/strong> entre terminales y software.<\/p>\n<\/li>\n<li>\n<p class=\"\"><strong>Dise\u00f1o modular<\/strong> que garantiza una excelente flexibilidad de mantenimiento y actualizaciones.<\/p>\n<\/li>\n<li>\n<p class=\"\">Compatible con los softwares <a tabindex=\"0\" href=\"http:\/\/www.eng.gir.fr\/gca\/w150\" target=\"_blank\" rel=\"noopener\">W150<\/a> y <a tabindex=\"0\" href=\"http:\/\/www.eng.gir.fr\/gca\/w250\" target=\"_blank\" rel=\"noopener\">W250<\/a><\/p>\n<\/li>\n<\/ul>\n<\/div>\n<\/div>\n<\/div>\n<\/div>\n<\/div>\n<\/div>\n<\/div>\n<\/div>\n<\/div>\n<\/div>\n<\/div>\n<div class=\"elementor-column elementor-col-33 elementor-inner-column elementor-element elementor-element-3d810ba1\" data-id=\"3d810ba1\" data-element_type=\"column\">\n<div class=\"elementor-widget-wrap elementor-element-populated\">\n<div class=\"elementor-element elementor-element-cdfc387 ekit-equal-height-enable elementor-widget elementor-widget-elementskit-image-box\" data-id=\"cdfc387\" data-element_type=\"widget\" data-widget_type=\"elementskit-image-box.default\">\n<div class=\"elementor-widget-container\">\n<div class=\"ekit-wid-con\">\n<div class=\"elementskit-info-image-box ekit-image-box text-left style-sideline\">\n<div class=\"elementskit-box-header image-box-img-left\"><\/div>\n<\/div>\n<\/div>\n<\/div>\n<\/div>\n<\/div>\n<\/div>\n","protected":false},"excerpt":{"rendered":"<p>Controlador para surtidores mecanicos y Electronicos\u00a0 con salida de pulsos para puntos industriales con flotas de vehiculos<\/p>\n<ul>\n<li>\u00a0P uede indicar volumen fecha y hora del consumo<\/li>\n<li>\u00a0 Puede indicar nombre y usuario<\/li>\n<li>\u00a0Puede\u00a0 Bloquear y desbloquear uso del surtidor<\/li>\n<\/ul>\n","protected":false},"featured_media":2457,"comment_status":"open","ping_status":"closed","template":"","meta":[],"product_cat":[22],"product_tag":[62],"class_list":["post-245","product","type-product","status-publish","has-post-thumbnail","hentry","product_cat-surtidor-de-flota","product_tag-controlador-de-surtidor"],"_links":{"self":[{"href":"https:\/\/smartfluid.cl\/index.php\/wp-json\/wp\/v2\/product\/245","targetHints":{"allow":["GET"]}}],"collection":[{"href":"https:\/\/smartfluid.cl\/index.php\/wp-json\/wp\/v2\/product"}],"about":[{"href":"https:\/\/smartfluid.cl\/index.php\/wp-json\/wp\/v2\/types\/product"}],"replies":[{"embeddable":true,"href":"https:\/\/smartfluid.cl\/index.php\/wp-json\/wp\/v2\/comments?post=245"}],"wp:featuredmedia":[{"embeddable":true,"href":"https:\/\/smartfluid.cl\/index.php\/wp-json\/wp\/v2\/media\/2457"}],"wp:attachment":[{"href":"https:\/\/smartfluid.cl\/index.php\/wp-json\/wp\/v2\/media?parent=245"}],"wp:term":[{"taxonomy":"product_cat","embeddable":true,"href":"https:\/\/smartfluid.cl\/index.php\/wp-json\/wp\/v2\/product_cat?post=245"},{"taxonomy":"product_tag","embeddable":true,"href":"https:\/\/smartfluid.cl\/index.php\/wp-json\/wp\/v2\/product_tag?post=245"}],"curies":[{"name":"wp","href":"https:\/\/api.w.org\/{rel}","templated":true}]}}