{"id":2478,"date":"2023-03-17T15:11:32","date_gmt":"2023-03-17T12:11:32","guid":{"rendered":"https:\/\/smartfluid.cl\/?post_type=product&#038;p=2478"},"modified":"2023-03-17T15:11:33","modified_gmt":"2023-03-17T12:11:33","slug":"bomba-de-engranajes-internos-rotan-ed","status":"publish","type":"product","link":"https:\/\/smartfluid.cl\/index.php\/producto\/bomba-de-engranajes-internos-rotan-ed\/","title":{"rendered":"Bomba de engranajes internos ROTAN ED"},"content":{"rendered":"<h2><span>Bomba de engranajes interna acoplada magn\u00e9ticamente para m\u00e1xima protecci\u00f3n contra fugas<\/span><\/h2>\n<p>&nbsp;<\/p>\n<p><span>Bomba de engranajes internos ROTAN ED es para el deber ambiental. Dado que solo se necesita un mantenimiento m\u00ednimo, las bombas ED ser\u00e1n una soluci\u00f3n muy econ\u00f3mica en comparaci\u00f3n con las bombas selladas tradicionales, especialmente cuando la aplicaci\u00f3n requiera el uso de sellos de eje mec\u00e1nicos dobles.<\/span><\/p>\n","protected":false},"excerpt":{"rendered":"<p>Bomba de engranajes interna acoplada magn\u00e9ticamente para m\u00e1xima protecci\u00f3n contra fugas &nbsp; Bomba de engranajes internos ROTAN ED es para el deber ambiental. Dado que solo se necesita un mantenimiento m\u00ednimo, las bombas ED ser\u00e1n una soluci\u00f3n [&hellip;]<\/p>\n","protected":false},"featured_media":2479,"comment_status":"open","ping_status":"closed","template":"","meta":[],"product_cat":[18],"product_tag":[65],"class_list":["post-2478","product","type-product","status-publish","has-post-thumbnail","hentry","product_cat-bombas","product_tag-bomba-de-engranajes-internos"],"_links":{"self":[{"href":"https:\/\/smartfluid.cl\/index.php\/wp-json\/wp\/v2\/product\/2478","targetHints":{"allow":["GET"]}}],"collection":[{"href":"https:\/\/smartfluid.cl\/index.php\/wp-json\/wp\/v2\/product"}],"about":[{"href":"https:\/\/smartfluid.cl\/index.php\/wp-json\/wp\/v2\/types\/product"}],"replies":[{"embeddable":true,"href":"https:\/\/smartfluid.cl\/index.php\/wp-json\/wp\/v2\/comments?post=2478"}],"wp:featuredmedia":[{"embeddable":true,"href":"https:\/\/smartfluid.cl\/index.php\/wp-json\/wp\/v2\/media\/2479"}],"wp:attachment":[{"href":"https:\/\/smartfluid.cl\/index.php\/wp-json\/wp\/v2\/media?parent=2478"}],"wp:term":[{"taxonomy":"product_cat","embeddable":true,"href":"https:\/\/smartfluid.cl\/index.php\/wp-json\/wp\/v2\/product_cat?post=2478"},{"taxonomy":"product_tag","embeddable":true,"href":"https:\/\/smartfluid.cl\/index.php\/wp-json\/wp\/v2\/product_tag?post=2478"}],"curies":[{"name":"wp","href":"https:\/\/api.w.org\/{rel}","templated":true}]}}