{"id":2480,"date":"2023-03-17T15:17:24","date_gmt":"2023-03-17T12:17:24","guid":{"rendered":"https:\/\/smartfluid.cl\/?post_type=product&#038;p=2480"},"modified":"2023-03-17T15:17:24","modified_gmt":"2023-03-17T12:17:24","slug":"bomba-de-engranajes-internos-rotan-pd","status":"publish","type":"product","link":"https:\/\/smartfluid.cl\/index.php\/producto\/bomba-de-engranajes-internos-rotan-pd\/","title":{"rendered":"Bomba de engranajes internos ROTAN PD"},"content":{"rendered":"<p>Bomba de engranajes internos ROTAN HD<\/p>\n<h2><span>Para aplicaciones de refiner\u00eda y petroqu\u00edmica<\/span><\/h2>\n<p>&nbsp;<\/p>\n<p><span>Petroqu\u00edmica Duty PD son bombas de engranajes internos dise\u00f1adas para aplicaciones petroqu\u00edmicas y de refiner\u00eda, todos los componentes que contienen presi\u00f3n son de acero al carbono.\u00a0Presi\u00f3n de dise\u00f1o seg\u00fan ANSI 300 Lbs o Pn40.<\/span><\/p>\n","protected":false},"excerpt":{"rendered":"<p>Bomba de engranajes internos ROTAN HD Para aplicaciones de refiner\u00eda y petroqu\u00edmica &nbsp; Petroqu\u00edmica Duty PD son bombas de engranajes internos dise\u00f1adas para aplicaciones petroqu\u00edmicas y de refiner\u00eda, todos los componentes que contienen presi\u00f3n son de acero [&hellip;]<\/p>\n","protected":false},"featured_media":2481,"comment_status":"open","ping_status":"closed","template":"","meta":[],"product_cat":[18],"product_tag":[65],"class_list":["post-2480","product","type-product","status-publish","has-post-thumbnail","hentry","product_cat-bombas","product_tag-bomba-de-engranajes-internos"],"_links":{"self":[{"href":"https:\/\/smartfluid.cl\/index.php\/wp-json\/wp\/v2\/product\/2480","targetHints":{"allow":["GET"]}}],"collection":[{"href":"https:\/\/smartfluid.cl\/index.php\/wp-json\/wp\/v2\/product"}],"about":[{"href":"https:\/\/smartfluid.cl\/index.php\/wp-json\/wp\/v2\/types\/product"}],"replies":[{"embeddable":true,"href":"https:\/\/smartfluid.cl\/index.php\/wp-json\/wp\/v2\/comments?post=2480"}],"wp:featuredmedia":[{"embeddable":true,"href":"https:\/\/smartfluid.cl\/index.php\/wp-json\/wp\/v2\/media\/2481"}],"wp:attachment":[{"href":"https:\/\/smartfluid.cl\/index.php\/wp-json\/wp\/v2\/media?parent=2480"}],"wp:term":[{"taxonomy":"product_cat","embeddable":true,"href":"https:\/\/smartfluid.cl\/index.php\/wp-json\/wp\/v2\/product_cat?post=2480"},{"taxonomy":"product_tag","embeddable":true,"href":"https:\/\/smartfluid.cl\/index.php\/wp-json\/wp\/v2\/product_tag?post=2480"}],"curies":[{"name":"wp","href":"https:\/\/api.w.org\/{rel}","templated":true}]}}