{"id":2482,"date":"2023-03-17T17:05:54","date_gmt":"2023-03-17T14:05:54","guid":{"rendered":"https:\/\/smartfluid.cl\/?post_type=product&#038;p=2482"},"modified":"2023-03-17T17:05:55","modified_gmt":"2023-03-17T14:05:55","slug":"detector-de-llama-rfd-3000x","status":"publish","type":"product","link":"https:\/\/smartfluid.cl\/index.php\/producto\/detector-de-llama-rfd-3000x\/","title":{"rendered":"Detector de llama RFD-3000X"},"content":{"rendered":"<p><span>El detector de llama RFD-3000X es un detector de llama triple IR (IR3) con certificaciones internacionales. <\/span><span>Identifique el fuego analizando las longitudes de onda IR de una llama de larga distancia. <\/span><span>Alcance m\u00e1ximo de detecci\u00f3n de 60 metros con un cono de visi\u00f3n de 90 grados. <\/span><span>Permisos de operaci\u00f3n en \u00e1reas peligrosas. <\/span><span>Opciones de salida seleccionables por el usuario entre rel\u00e9s, salida escalonada de 4-20\u3383 y RS-485. <\/span><span>\u2022 Sensores IR multiespectro \u2022 Homologaci\u00f3n para FM, ATEX, IECEx, CCCF, NEPSI, KFI y KGS \u2022 Alta fiabilidad en funcionamiento con autodiagn\u00f3stico autom\u00e1tico y manual \u2022 Inmunidad mejorada contra falsas alarmas contra la luz solar y fuentes artificiales de falsas alarmas \u2022 Homologaci\u00f3n a prueba de explosiones y a prueba de ignici\u00f3n por polvo \u2022 Apto para \u00e1reas peligrosas tales como estaciones de petr\u00f3leo, gasolineras y plantas petroqu\u00edmicas \u2022 Excelente resistencia a la corrosi\u00f3n \u2022 Sensibilidad seleccionable en campo y tiempo de retardo \u2022 Tipo: Infrarrojo triple \u2022 Rango de detecci\u00f3n:<\/span><\/p>\n","protected":false},"excerpt":{"rendered":"<p>El detector de llama RFD-3000X es un detector de llama triple IR (IR3) con certificaciones internacionales. Identifique el fuego analizando las longitudes de onda IR de una llama de larga distancia. Alcance m\u00e1ximo de detecci\u00f3n de 60 [&hellip;]<\/p>\n","protected":false},"featured_media":2484,"comment_status":"open","ping_status":"closed","template":"","meta":[],"product_cat":[55],"product_tag":[57],"class_list":["post-2482","product","type-product","status-publish","has-post-thumbnail","hentry","product_cat-detector-de-llama","product_tag-detector-de-llama"],"_links":{"self":[{"href":"https:\/\/smartfluid.cl\/index.php\/wp-json\/wp\/v2\/product\/2482","targetHints":{"allow":["GET"]}}],"collection":[{"href":"https:\/\/smartfluid.cl\/index.php\/wp-json\/wp\/v2\/product"}],"about":[{"href":"https:\/\/smartfluid.cl\/index.php\/wp-json\/wp\/v2\/types\/product"}],"replies":[{"embeddable":true,"href":"https:\/\/smartfluid.cl\/index.php\/wp-json\/wp\/v2\/comments?post=2482"}],"wp:featuredmedia":[{"embeddable":true,"href":"https:\/\/smartfluid.cl\/index.php\/wp-json\/wp\/v2\/media\/2484"}],"wp:attachment":[{"href":"https:\/\/smartfluid.cl\/index.php\/wp-json\/wp\/v2\/media?parent=2482"}],"wp:term":[{"taxonomy":"product_cat","embeddable":true,"href":"https:\/\/smartfluid.cl\/index.php\/wp-json\/wp\/v2\/product_cat?post=2482"},{"taxonomy":"product_tag","embeddable":true,"href":"https:\/\/smartfluid.cl\/index.php\/wp-json\/wp\/v2\/product_tag?post=2482"}],"curies":[{"name":"wp","href":"https:\/\/api.w.org\/{rel}","templated":true}]}}