{"id":2485,"date":"2023-03-17T17:13:06","date_gmt":"2023-03-17T14:13:06","guid":{"rendered":"https:\/\/smartfluid.cl\/?post_type=product&#038;p=2485"},"modified":"2023-03-17T17:13:07","modified_gmt":"2023-03-17T14:13:07","slug":"detector-de-llama-uvir-rfd-2ft5-i","status":"publish","type":"product","link":"https:\/\/smartfluid.cl\/index.php\/producto\/detector-de-llama-uvir-rfd-2ft5-i\/","title":{"rendered":"Detector de llama UVIR | RFD-2FT5-I"},"content":{"rendered":"<p>Detector de llama UVIR | RFD-2FT5-I<\/p>\n<p>El RFD-2FT5-I es un detector de llama de tipo UV\/IR.<\/p>\n<p>&nbsp;<\/p>\n<p>Identifica el fuego cuando los sensores UV e IR detectan simult\u00e1neamente la presencia de una llama.<\/p>\n<p>&nbsp;<\/p>\n<p>Alcance m\u00e1ximo de detecci\u00f3n de 40 metros con un cono de visi\u00f3n de 90 grados.<\/p>\n<p>&nbsp;<\/p>\n<p>Permite el funcionamiento en zonas peligrosas.<\/p>\n<p>&nbsp;<\/p>\n<p>Opciones de salida seleccionables por el usuario entre rel\u00e9s, salida escalonada 4-20\u3383 y RS-485.<\/p>\n<p>Traducci\u00f3n realizada con la versi\u00f3n gratuita del traductor www.DeepL.com\/Translator<\/p>\n","protected":false},"excerpt":{"rendered":"<p>Detector de llama UVIR | RFD-2FT5-I El RFD-2FT5-I es un detector de llama de tipo UV\/IR. &nbsp; Identifica el fuego cuando los sensores UV e IR detectan simult\u00e1neamente la presencia de una llama. &nbsp; Alcance m\u00e1ximo de [&hellip;]<\/p>\n","protected":false},"featured_media":2486,"comment_status":"open","ping_status":"closed","template":"","meta":[],"product_cat":[55],"product_tag":[57],"class_list":["post-2485","product","type-product","status-publish","has-post-thumbnail","hentry","product_cat-detector-de-llama","product_tag-detector-de-llama"],"_links":{"self":[{"href":"https:\/\/smartfluid.cl\/index.php\/wp-json\/wp\/v2\/product\/2485","targetHints":{"allow":["GET"]}}],"collection":[{"href":"https:\/\/smartfluid.cl\/index.php\/wp-json\/wp\/v2\/product"}],"about":[{"href":"https:\/\/smartfluid.cl\/index.php\/wp-json\/wp\/v2\/types\/product"}],"replies":[{"embeddable":true,"href":"https:\/\/smartfluid.cl\/index.php\/wp-json\/wp\/v2\/comments?post=2485"}],"wp:featuredmedia":[{"embeddable":true,"href":"https:\/\/smartfluid.cl\/index.php\/wp-json\/wp\/v2\/media\/2486"}],"wp:attachment":[{"href":"https:\/\/smartfluid.cl\/index.php\/wp-json\/wp\/v2\/media?parent=2485"}],"wp:term":[{"taxonomy":"product_cat","embeddable":true,"href":"https:\/\/smartfluid.cl\/index.php\/wp-json\/wp\/v2\/product_cat?post=2485"},{"taxonomy":"product_tag","embeddable":true,"href":"https:\/\/smartfluid.cl\/index.php\/wp-json\/wp\/v2\/product_tag?post=2485"}],"curies":[{"name":"wp","href":"https:\/\/api.w.org\/{rel}","templated":true}]}}