{"id":2487,"date":"2023-03-20T18:44:36","date_gmt":"2023-03-20T15:44:36","guid":{"rendered":"https:\/\/smartfluid.cl\/?post_type=product&#038;p=2487"},"modified":"2023-03-20T19:00:24","modified_gmt":"2023-03-20T16:00:24","slug":"multiload-ii","status":"publish","type":"product","link":"https:\/\/smartfluid.cl\/index.php\/producto\/multiload-ii\/","title":{"rendered":"Multiload II"},"content":{"rendered":"<p>Predeterminador de carga a granel\u00a0 Multiload II,\u00a0 es el \u00fanico preajuste que puede presumir de una flexibilidad casi ilimitada (l\u00f3gica personalizada), uso prolongado (expansi\u00f3n externa) y f\u00e1cil mantenimiento (interior espacioso). Multiload II funciona en modo independiente o conectado a wi-fi para enviar informaci\u00f3n de transacciones directamente a TMS o a la mayor\u00eda de los otros sistemas de automatizaci\u00f3n de terminales.\u00a0Multiload II ofrece recetas de productos puros o de productos m\u00faltiples utilizando m\u00e9todos de mezcla de proporci\u00f3n, secuenciales y varios h\u00edbridos.<\/p>\n<p>Las unidades Multiload II permiten una mayor expansi\u00f3n de E\/S que cualquier otro preajuste, lo que respalda el crecimiento de su empresa y permite configuraciones flexibles.\u00a0Agregue E\/S (unidades FCM) en un gabinete externo en lugar de comprar mezcladores adicionales, inyectores inteligentes, ajustes preestablecidos o PLC.\u00a0Este dise\u00f1o innovador tambi\u00e9n significa que el interior del Multiload II es espacioso para facilitar el mantenimiento.<\/p>\n<p>Adem\u00e1s, disfrute de actualizaciones de firmware gratuitas y seguridad rigurosa, con encriptaci\u00f3n SSL y la capacidad de tener m\u00faltiples cuentas y niveles de seguridad.<\/p>\n<p>&nbsp;<\/p>\n<p>&nbsp;<\/p>\n","protected":false},"excerpt":{"rendered":"<p>Predeterminador de carga a granel\u00a0 Multiload II,\u00a0 es el \u00fanico preajuste que puede presumir de una flexibilidad casi ilimitada (l\u00f3gica personalizada), uso prolongado (expansi\u00f3n externa) y f\u00e1cil mantenimiento (interior espacioso). Multiload II funciona en modo independiente o [&hellip;]<\/p>\n","protected":false},"featured_media":2492,"comment_status":"open","ping_status":"closed","template":"","meta":[],"product_cat":[77],"product_tag":[79],"class_list":["post-2487","product","type-product","status-publish","has-post-thumbnail","hentry","product_cat-terminales-de-combustibles","product_tag-predeterminador-de-carga"],"_links":{"self":[{"href":"https:\/\/smartfluid.cl\/index.php\/wp-json\/wp\/v2\/product\/2487","targetHints":{"allow":["GET"]}}],"collection":[{"href":"https:\/\/smartfluid.cl\/index.php\/wp-json\/wp\/v2\/product"}],"about":[{"href":"https:\/\/smartfluid.cl\/index.php\/wp-json\/wp\/v2\/types\/product"}],"replies":[{"embeddable":true,"href":"https:\/\/smartfluid.cl\/index.php\/wp-json\/wp\/v2\/comments?post=2487"}],"wp:featuredmedia":[{"embeddable":true,"href":"https:\/\/smartfluid.cl\/index.php\/wp-json\/wp\/v2\/media\/2492"}],"wp:attachment":[{"href":"https:\/\/smartfluid.cl\/index.php\/wp-json\/wp\/v2\/media?parent=2487"}],"wp:term":[{"taxonomy":"product_cat","embeddable":true,"href":"https:\/\/smartfluid.cl\/index.php\/wp-json\/wp\/v2\/product_cat?post=2487"},{"taxonomy":"product_tag","embeddable":true,"href":"https:\/\/smartfluid.cl\/index.php\/wp-json\/wp\/v2\/product_tag?post=2487"}],"curies":[{"name":"wp","href":"https:\/\/api.w.org\/{rel}","templated":true}]}}