{"id":2493,"date":"2023-03-20T19:05:39","date_gmt":"2023-03-20T16:05:39","guid":{"rendered":"https:\/\/smartfluid.cl\/?post_type=product&#038;p=2493"},"modified":"2023-03-20T19:05:40","modified_gmt":"2023-03-20T16:05:40","slug":"multiload-ii-scs","status":"publish","type":"product","link":"https:\/\/smartfluid.cl\/index.php\/producto\/multiload-ii-scs\/","title":{"rendered":"Multiload II SCS"},"content":{"rendered":"<p><span>Multiload II SCS es un sistema de monitoreo de flujo aprobado para transferencia de custodia que ofrece la mejor combinaci\u00f3n de facilidad de uso, funciones y escalabilidad de E\/S.\u00a0<\/span><span>El SCS cierra las brechas de automatizaci\u00f3n para las unidades LACT.<\/span><\/p>\n<p>&nbsp;<\/p>\n<div class=\"elementor-element elementor-element-2bf0fb3 elementor-widget elementor-widget-heading\" data-id=\"2bf0fb3\" data-element_type=\"widget\" data-widget_type=\"heading.default\">\n<div class=\"elementor-widget-container\">\n<h2 class=\"elementor-heading-title elementor-size-default\"><span>AHORRE MILES POR PATIN CON SCS<\/span><\/h2>\n<\/div>\n<\/div>\n<div class=\"elementor-element elementor-element-d8899f9 elementor-widget elementor-widget-text-editor\" data-id=\"d8899f9\" data-element_type=\"widget\" data-widget_type=\"text-editor.default\">\n<div class=\"elementor-widget-container\">\n<div class=\"elementor-text-editor elementor-clearfix\">\n<p><span>Ya sea que sea un transportista, un operador de arrendamiento, un productor, una empresa de servicios intermedios o cualquier otra cosa intermedia, puede beneficiarse de Multiload II SCS ahorr\u00e1ndole miles por pat\u00edn con controles de patines consolidados, ahorr\u00e1ndole tiempo con datos de transacciones e informes en tiempo real, y brind\u00e1ndole acceso y control remotos las 24 horas del d\u00eda, los 7 d\u00edas de la semana.<\/span><\/p>\n<\/div>\n<\/div>\n<\/div>\n","protected":false},"excerpt":{"rendered":"<p>Multiload II SCS es un sistema de monitoreo de flujo aprobado para transferencia de custodia que ofrece la mejor combinaci\u00f3n de facilidad de uso, funciones y escalabilidad de E\/S.\u00a0El SCS cierra las brechas de automatizaci\u00f3n para las [&hellip;]<\/p>\n","protected":false},"featured_media":2494,"comment_status":"open","ping_status":"closed","template":"","meta":[],"product_cat":[77],"product_tag":[79],"class_list":["post-2493","product","type-product","status-publish","has-post-thumbnail","hentry","product_cat-terminales-de-combustibles","product_tag-predeterminador-de-carga"],"_links":{"self":[{"href":"https:\/\/smartfluid.cl\/index.php\/wp-json\/wp\/v2\/product\/2493","targetHints":{"allow":["GET"]}}],"collection":[{"href":"https:\/\/smartfluid.cl\/index.php\/wp-json\/wp\/v2\/product"}],"about":[{"href":"https:\/\/smartfluid.cl\/index.php\/wp-json\/wp\/v2\/types\/product"}],"replies":[{"embeddable":true,"href":"https:\/\/smartfluid.cl\/index.php\/wp-json\/wp\/v2\/comments?post=2493"}],"wp:featuredmedia":[{"embeddable":true,"href":"https:\/\/smartfluid.cl\/index.php\/wp-json\/wp\/v2\/media\/2494"}],"wp:attachment":[{"href":"https:\/\/smartfluid.cl\/index.php\/wp-json\/wp\/v2\/media?parent=2493"}],"wp:term":[{"taxonomy":"product_cat","embeddable":true,"href":"https:\/\/smartfluid.cl\/index.php\/wp-json\/wp\/v2\/product_cat?post=2493"},{"taxonomy":"product_tag","embeddable":true,"href":"https:\/\/smartfluid.cl\/index.php\/wp-json\/wp\/v2\/product_tag?post=2493"}],"curies":[{"name":"wp","href":"https:\/\/api.w.org\/{rel}","templated":true}]}}