{"id":2588,"date":"2023-06-26T23:56:39","date_gmt":"2023-06-26T20:56:39","guid":{"rendered":"https:\/\/smartfluid.cl\/?post_type=product&#038;p=2588"},"modified":"2023-07-20T04:26:30","modified_gmt":"2023-07-20T01:26:30","slug":"shk-d-sh-plusd-doble","status":"publish","type":"product","link":"https:\/\/smartfluid.cl\/index.php\/producto\/shk-d-sh-plusd-doble\/","title":{"rendered":"SHK-D \/ SH-PlusD \u00b7 DOBLE"},"content":{"rendered":"<h1>SHK-D \/ SH-PlusD \u00b7 DOBLE<\/h1>\n<p>&nbsp;<\/p>\n<header class=\"article__header\">\n<h2>Control GK-7 | 80 \u00b7 110 l\/min<\/h2>\n<div class=\"article__tags\">\n<div class=\"article__label article__label--384\"><img decoding=\"async\" class=\"icon-liquit\" title=\"Gasoil\" src=\"https:\/\/www.gespasa.es\/img_admin\/ga-1.svg\" alt=\"Gasoil\" width=\"15\" height=\"20\" \/>DI\u00c9SEL<\/div>\n<div class=\"article__label article__label--364\"><img decoding=\"async\" class=\"icon-liquit\" title=\"Gasolina\" src=\"https:\/\/www.gespasa.es\/img_admin\/di-2.svg\" alt=\"Gasolina\" width=\"15\" height=\"20\" \/>GASOLINA<\/div>\n<\/div>\n<\/header>\n<div>\n<div class=\"referencies\">\n<div id=\"ref-id-4157\" class=\"referencia-inter filter-color  \">\n<div class=\"body-text\">\n<ul>\n<li>Equipos de suministro con componentes ATEX, especiales para instalaciones de suministro de gas\u00f3leo, gasolina y queroseno.<\/li>\n<li>Equipo formado por dos grupos hidr\u00e1ulicos de gran precisi\u00f3n y el controlador de consumo GK-7 o GK-7Plus.<\/li>\n<\/ul>\n<p>Compuestos por:<\/p>\n<p><strong>CHASIS:<\/strong><\/p>\n<ul>\n<li>Laterales en acero inoxidable<\/li>\n<li>Puertas en aluminio, resto estructura en acero<\/li>\n<li>Tratamiento especial para proteger contra la corrosi\u00f3n y acabado en pintura QUALICOAT CLASE 1<\/li>\n<li>Resistente a la intemperie<\/li>\n<\/ul>\n<p><strong>2 GRUPOS HIDR\u00c1ULICOS<\/strong>\u00a0compuestos por:<\/p>\n<ul>\n<li><i><strong>Bomba:<\/strong><\/i>\u00a0Autoaspirante, exc\u00e9ntrica de paletas autoajustables con separador de gases \u00b7 Caudal:\u00a0<strong>80 o 110 l\/min<\/strong>\u00a0\u00b7 V\u00e1lvula de by-pass de recirculaci\u00f3n \u00b7 filtro<\/li>\n<li><i><strong>Medidor:<\/strong><\/i>\u00a0de aluminio de 4 pistones con desplazamiento positivo \u00b7 Precisi\u00f3n:\u00a0<strong>\u00b10,2 %<\/strong>\u00a0\u00b7 Emisor de impulsos de 2 canales de 100 pulsos por litro \u00b7 Totalizador mec\u00e1nico<\/li>\n<li><i><strong>Motor EExd con certificado ATEX \u00b7 protecci\u00f3n IP-55:<\/strong><\/i><br \/>\nTrif\u00e1sico 80 l\/min: 1 kW 230\/400 VCA<br \/>\nMonof\u00e1sico 80 l\/min: 1 kW 230 VCA<br \/>\nTrif\u00e1sico 110 l\/min: 1,5 kW 230\/400 VCA<\/li>\n<\/ul>\n<p><strong>ELECTR\u00d3NICA (x2):<\/strong>\u00a0Display electr\u00f3nico frontal<\/p>\n<p><strong>CONTROLADOR:<\/strong><\/p>\n<ul>\n<li><a href=\"https:\/\/www.gespasa.es\/es\/productos\/carburantes\/software\/dieselplus.html\" target=\"_blank\" rel=\"noopener\">GK-7 Plus<\/a>: Comunica autom\u00e1ticamente y sin cables, mediante 2G, al software cloud www.dieselplus.net<\/li>\n<li><a href=\"https:\/\/www.gespasa.es\/es\/productos\/carburantes\/software\/gksuite.html\" target=\"_blank\" rel=\"noopener\">GK-7<\/a>: Necesitar\u00e1 adquirir un kit de comunicaci\u00f3n, que incluye el software y hardware necesario para conectar su surtidor a un PC<\/li>\n<\/ul>\n<p>Se suministra con:<\/p>\n<ul>\n<li>4 m manguera impulsi\u00f3n doble capa especial gas\u00f3leo, racorada 1&#8243;<\/li>\n<li>Pistola autom\u00e1tica<\/li>\n<\/ul>\n<p>Pesos y dimensiones (aprox.):<\/p>\n<ul>\n<li>Dim.: 800x400x1500 mm (LxWxH)<\/li>\n<li>Peso: 146 kg<\/li>\n<\/ul>\n<\/div>\n<\/div>\n<div id=\"ref-id-4256\" class=\"referencia-inter filter-color  \">\n<div class=\"referencia-title\">\n<div class=\"title-in\"><a href=\"https:\/\/www.gespasa.es\/es\/productos\/carburantes\/software\/dieselplus.html\" target=\"_blank\" rel=\"noopener\">Modelos con GK-7Plus (conexi\u00f3n a internet www.dieselplus.net)\u00a0<span class=\"uk-icon\">\u00a0<\/span><\/a><\/div>\n<\/div>\n<\/div>\n<div id=\"ref-id-4171\" class=\"referencia-inter filter-color  \">\n<div class=\"referencia-title\">\n<div class=\"title-in\">Caudal: 80 l\/min<\/div>\n<\/div>\n<\/div>\n<div id=\"ref-id-4947\" class=\"referencia-inter filter-color  \">\n<div class=\"referencia-codi\">\n<div class=\"title-in\">SH-80PlusD-130 usuarios \u00b7 500 servicios \u00b7 trif\u00e1sico<\/div>\n<div class=\"codi\">42110-CF00000<\/div>\n<\/div>\n<\/div>\n<div id=\"ref-id-4948\" class=\"referencia-inter filter-color  \">\n<div class=\"referencia-codi\">\n<div class=\"title-in\">SH-80PlusD-1000 usuarios \u00b7 1000 servicios \u00b7 trif\u00e1sico<\/div>\n<div class=\"codi\">42110-CF00001<\/div>\n<\/div>\n<\/div>\n<div id=\"ref-id-4949\" class=\"referencia-inter filter-color  \">\n<div class=\"referencia-codi\">\n<div class=\"title-in\">SH-80PlusD-130 usuarios \u00b7 500 servicios \u00b7 monof\u00e1sico<\/div>\n<div class=\"codi\">42050-CF00000<\/div>\n<\/div>\n<\/div>\n<div id=\"ref-id-4950\" class=\"referencia-inter filter-color  \">\n<div class=\"referencia-codi\">\n<div class=\"title-in\">SH-80PlusD-1000 usuarios \u00b7 1000 servicios \u00b7 monof\u00e1sico<\/div>\n<div class=\"codi\">42050-CF00001<\/div>\n<\/div>\n<\/div>\n<div id=\"ref-id-4166\" class=\"referencia-inter filter-color  \">\n<div class=\"referencia-title\">\n<div class=\"title-in\">Caudal: 110 l\/min<\/div>\n<\/div>\n<\/div>\n<div id=\"ref-id-4951\" class=\"referencia-inter filter-color  \">\n<div class=\"referencia-codi\">\n<div class=\"title-in\">SH-110PlusD-130 usuarios \u00b7 500 servicios \u00b7 trif\u00e1sico<\/div>\n<div class=\"codi\">42150-CF00000<\/div>\n<\/div>\n<\/div>\n<div id=\"ref-id-4952\" class=\"referencia-inter filter-color  \">\n<div class=\"referencia-codi\">\n<div class=\"title-in\">SH-110PlusD-1000 usuarios \u00b7 1000 servicios \u00b7 trif\u00e1sico<\/div>\n<div class=\"codi\">42150-CF00001<\/div>\n<\/div>\n<\/div>\n<div id=\"ref-id-4159\" class=\"referencia-inter filter-color  \">\n<div class=\"referencia-title\">\n<div class=\"title-in\">Caudal: 80+110 l\/min<\/div>\n<\/div>\n<\/div>\n<div id=\"ref-id-4953\" class=\"referencia-inter filter-color  \">\n<div class=\"referencia-codi\">\n<div class=\"title-in\">SH-80\/110PlusD-130 usuarios \u00b7 500 servicios \u00b7 trif\u00e1sico<\/div>\n<div class=\"codi\">42180-CF00000<\/div>\n<\/div>\n<\/div>\n<div id=\"ref-id-4954\" class=\"referencia-inter filter-color  \">\n<div class=\"referencia-codi\">\n<div class=\"title-in\">SH-80\/110PlusD-1000 usuarios \u00b7 1000 servicios \u00b7 trif\u00e1sico<\/div>\n<div class=\"codi\">42180-CF00001<\/div>\n<\/div>\n<\/div>\n<div id=\"ref-id-4165\" class=\"referencia-inter filter-color  \">\n<div class=\"referencia-title\">\n<div class=\"title-in\"><a href=\"https:\/\/www.gespasa.es\/es\/productos\/carburantes\/software\/gksuite.html\" target=\"_blank\" rel=\"noopener\">Modelos con GK-7 (conexi\u00f3n a PC)\u00a0<span class=\"uk-icon\">\u00a0<\/span><\/a><\/div>\n<\/div>\n<\/div>\n<div id=\"ref-id-4955\" class=\"referencia-inter filter-color  \">\n<div class=\"referencia-title\">\n<div class=\"title-in\">Caudal: 80 l\/min<\/div>\n<\/div>\n<\/div>\n<div id=\"ref-id-4956\" class=\"referencia-inter filter-color  \">\n<div class=\"referencia-codi\">\n<div class=\"title-in\">SHK-80D-130 usuarios \u00b7 500 servicios \u00b7 trif\u00e1sico<\/div>\n<div class=\"codi\">42100-CF00000<\/div>\n<\/div>\n<\/div>\n<div id=\"ref-id-4957\" class=\"referencia-inter filter-color  \">\n<div class=\"referencia-codi\">\n<div class=\"title-in\">SHK-80D-1000 usuarios \u00b7 1000 servicios &#8211; trif\u00e1sico<\/div>\n<div class=\"codi\">42100-CF00001<\/div>\n<\/div>\n<\/div>\n<div id=\"ref-id-4958\" class=\"referencia-inter filter-color  \">\n<div class=\"referencia-codi\">\n<div class=\"title-in\">SHK-80D-130 usuarios \u00b7 500 servicios \u00b7 monof\u00e1sico<\/div>\n<div class=\"codi\">42040-CF00000<\/div>\n<\/div>\n<\/div>\n<div id=\"ref-id-4959\" class=\"referencia-inter filter-color  \">\n<div class=\"referencia-codi\">\n<div class=\"title-in\">SHK-80D-1000 usuarios \u00b7 1000 servicios \u00b7 monof\u00e1sico<\/div>\n<div class=\"codi\">42040-CF00001<\/div>\n<\/div>\n<\/div>\n<div id=\"ref-id-4160\" class=\"referencia-inter filter-color  \">\n<div class=\"referencia-title\">\n<div class=\"title-in\">Caudal: 110 l\/min<\/div>\n<\/div>\n<\/div>\n<div id=\"ref-id-4168\" class=\"referencia-inter filter-color  \">\n<div class=\"referencia-codi\">\n<div class=\"title-in\">SHK-110D-130 usuarios \u00b7 500 servicios \u00b7 trif\u00e1sico<\/div>\n<div class=\"codi\">42120-CF00000<\/div>\n<\/div>\n<\/div>\n<div id=\"ref-id-4167\" class=\"referencia-inter filter-color  \">\n<div class=\"referencia-codi\">\n<div class=\"title-in\">SHK-110D-1000 usuarios \u00b7 1000 servicios \u00b7 trif\u00e1sico<\/div>\n<div class=\"codi\">42120-CF00001<\/div>\n<\/div>\n<\/div>\n<div id=\"ref-id-4960\" class=\"referencia-inter filter-color  \">\n<div class=\"referencia-title\">\n<div class=\"title-in\">Caudal: 80+110 l\/min<\/div>\n<\/div>\n<\/div>\n<div id=\"ref-id-4961\" class=\"referencia-inter filter-color  \">\n<div class=\"referencia-codi\">\n<div class=\"title-in\">SHK-80\/110D-130 usuarios \u00b7 500 servicios \u00b7 trif\u00e1sico<\/div>\n<div class=\"codi\">42170-CF00000<\/div>\n<\/div>\n<\/div>\n<div id=\"ref-id-4962\" class=\"referencia-inter filter-color  \">\n<div class=\"referencia-codi\">\n<div class=\"title-in\">SHK-80\/110D-1000 usuarios \u00b7 1000 servicios \u00b7 trif\u00e1sico<\/div>\n<div class=\"codi\">42170-CF00001<\/div>\n<\/div>\n<\/div>\n<div id=\"ref-id-4163\" class=\"referencia-inter filter-color  \"><\/div>\n<div id=\"ref-id-4173\" class=\"referencia-inter filter-color  \"><\/div>\n<div id=\"ref-id-3135\" class=\"referencia-inter filter-color  \">\n<div class=\"referencia-codi\">\n<div class=\"title-in\">(+) IMPRESORA T\u00c9RMICA DE T\u00cdQUETS interna<\/div>\n<div class=\"codi\">FE006002<\/div>\n<\/div>\n<\/div>\n<div id=\"ref-id-3137\" class=\"referencia-inter filter-color  \">\n<div class=\"referencia-codi\">\n<div class=\"title-in\">(+) VISERA DE PROTECCI\u00d3N<\/div>\n<div class=\"codi\">FE016001<\/div>\n<\/div>\n<\/div>\n<div id=\"ref-id-3139\" class=\"referencia-inter filter-color  \">\n<div class=\"referencia-title\">\n<div class=\"title-in\">SISTEMAS DE IDENTIFICACI\u00d3N OPCIONALES<\/div>\n<\/div>\n<\/div>\n<div id=\"ref-id-3140\" class=\"referencia-inter filter-color  \">\n<div class=\"referencia-codi\">\n<div class=\"title-in\">(+) Lector de tarjetas de proximidad<\/div>\n<div class=\"codi\">FE017002<\/div>\n<\/div>\n<\/div>\n<div id=\"ref-id-3141\" class=\"referencia-inter filter-color  \">\n<div class=\"referencia-codi\">\n<div class=\"title-in\">(+) Lector de tarjetas banda magn\u00e9tica<\/div>\n<div class=\"codi\">FE017003<\/div>\n<\/div>\n<\/div>\n<div id=\"ref-id-3142\" class=\"referencia-inter filter-color  \">\n<div class=\"referencia-codi\">\n<div class=\"title-in\"><a href=\"https:\/\/www.gespasa.es\/es\/productos\/carburantes\/surtidores-con-controlador-gk-7-integrado\/lector-tag-wireless.html\" target=\"_blank\" rel=\"noopener\">(+) Lector TAG con cable espiral\u00a0<\/a><\/div>\n<div class=\"codi\">FE017004<\/div>\n<div><\/div>\n<\/div>\n<div>\n<h5 class=\"serp-title\">SHK-D \/ SH-PlusD \u00b7 DOBLE<\/h5>\n<\/div>\n<\/div>\n<\/div>\n<\/div>\n","protected":false},"excerpt":{"rendered":"<p>SHK-D \/ SH-PlusD \u00b7 DOBLE &nbsp; Control GK-7 | 80 \u00b7 110 l\/min DI\u00c9SEL GASOLINA Equipos de suministro con componentes ATEX, especiales para instalaciones de suministro de gas\u00f3leo, gasolina y queroseno. Equipo formado por dos grupos hidr\u00e1ulicos [&hellip;]<\/p>\n","protected":false},"featured_media":2589,"comment_status":"open","ping_status":"closed","template":"","meta":[],"product_cat":[80,19],"product_tag":[81,86],"class_list":["post-2588","product","type-product","status-publish","has-post-thumbnail","hentry","product_cat-gespasa","product_cat-estaciones-de-servicio","product_tag-gespasa","product_tag-surtidores"],"_links":{"self":[{"href":"https:\/\/smartfluid.cl\/index.php\/wp-json\/wp\/v2\/product\/2588","targetHints":{"allow":["GET"]}}],"collection":[{"href":"https:\/\/smartfluid.cl\/index.php\/wp-json\/wp\/v2\/product"}],"about":[{"href":"https:\/\/smartfluid.cl\/index.php\/wp-json\/wp\/v2\/types\/product"}],"replies":[{"embeddable":true,"href":"https:\/\/smartfluid.cl\/index.php\/wp-json\/wp\/v2\/comments?post=2588"}],"wp:featuredmedia":[{"embeddable":true,"href":"https:\/\/smartfluid.cl\/index.php\/wp-json\/wp\/v2\/media\/2589"}],"wp:attachment":[{"href":"https:\/\/smartfluid.cl\/index.php\/wp-json\/wp\/v2\/media?parent=2588"}],"wp:term":[{"taxonomy":"product_cat","embeddable":true,"href":"https:\/\/smartfluid.cl\/index.php\/wp-json\/wp\/v2\/product_cat?post=2588"},{"taxonomy":"product_tag","embeddable":true,"href":"https:\/\/smartfluid.cl\/index.php\/wp-json\/wp\/v2\/product_tag?post=2588"}],"curies":[{"name":"wp","href":"https:\/\/api.w.org\/{rel}","templated":true}]}}