{"id":2592,"date":"2023-06-27T00:06:44","date_gmt":"2023-06-26T21:06:44","guid":{"rendered":"https:\/\/smartfluid.cl\/?post_type=product&#038;p=2592"},"modified":"2023-07-20T04:25:38","modified_gmt":"2023-07-20T01:25:38","slug":"shk-sh-plusmj-monsterjet","status":"publish","type":"product","link":"https:\/\/smartfluid.cl\/index.php\/producto\/shk-sh-plusmj-monsterjet\/","title":{"rendered":"SHK \/ SH-PlusMJ \u00b7 MonsterJet"},"content":{"rendered":"<p>SHK \/ SH-PlusMJ \u00b7 MonsterJet<\/p>\n<header class=\"article__header\">\n<h2>Control GK-7 \u00b7 ALTO CAUDAL 140 \u00b7 160 \u00b7 200 l\/min<\/h2>\n<div class=\"article__tags\">\n<div class=\"article__label article__label--384\"><img decoding=\"async\" class=\"icon-liquit\" title=\"Gasoil\" src=\"https:\/\/www.gespasa.es\/img_admin\/ga-1.svg\" alt=\"Gasoil\" width=\"15\" height=\"20\" \/>DI\u00c9SEL<\/div>\n<div class=\"article__label article__label--364\"><img decoding=\"async\" class=\"icon-liquit\" title=\"Gasolina\" src=\"https:\/\/www.gespasa.es\/img_admin\/di-2.svg\" alt=\"Gasolina\" width=\"15\" height=\"20\" \/>GASOLINA<\/div>\n<\/div>\n<\/header>\n<div>\n<div class=\"referencies\">\n<div id=\"ref-id-4257\" class=\"referencia-inter filter-color  \">\n<div class=\"body-text\">\n<p><strong>APLICACI\u00d3N<\/strong><\/p>\n<ul>\n<li>El suministro a alto caudal reduce el tiempo de espera en el suministro, permitiendo ganar tiempo y dimensionar la instalaci\u00f3n con menos surtidores.<\/li>\n<li>Equipos de suministro electr\u00f3nicos con componentes ATEX, especiales para instalaciones de suministro de carburantes.<\/li>\n<li>Formado por un grupo hidr\u00e1ulico de gran precisi\u00f3n<\/li>\n<li>Son aptos para empresas de transporte, flotas privadas de veh\u00edculos, empresas agr\u00edcolas, obras civiles, miner\u00eda&#8230;<\/li>\n<\/ul>\n<p>&nbsp;<\/p>\n<p><strong>COMPUESTO POR:<\/strong><\/p>\n<p><strong>CHASIS:<\/strong><\/p>\n<ul>\n<li>Cuerpo principal en acero inoxidable, puertas y cabezal en acero con pintura ep\u00f3xico brillante.<\/li>\n<li>Tratamiento especial interior y exterior para proteger contra la corrosi\u00f3n.<\/li>\n<li>Resistente a la intemperie.<\/li>\n<\/ul>\n<p><strong>GRUPO HIDR\u00c1ULICO \u00b7<\/strong>\u00a0<strong>2 grupos en paralelo<\/strong>. Compuestos por:<\/p>\n<ul>\n<li><i><strong>Bomba (2x)<\/strong><\/i>: Autoaspirante, exc\u00e9ntrica de paletas autoajustables con separador de gases \u00b7 v\u00e1lvula de bypass de recirculaci\u00f3n \u00b7 filtro<\/li>\n<li><i><strong>Medidor (2x)<\/strong><\/i>: de aluminio de 4 pistones con desplazamiento positivo \u00b7 Precisi\u00f3n:\u00a0<strong>\u00b10,2 %<\/strong>\u00a0\u00b7 emisor de impulsos de 2 canales de 100 pulsos por litro y totalizador mec\u00e1nico<\/li>\n<li><i><strong>Motor EExd con certificado ATEX \u00b7 Proteccion IP-55<\/strong><\/i>\n<ul>\n<li>1 kW 230\/400 VCA o 230 VCA (trif\u00e1sico o monof\u00e1sico)<\/li>\n<li><i>Modelo 200 l\/min<\/i>: 1,5 kW 230\/400 VCA trif\u00e1sico<\/li>\n<\/ul>\n<\/li>\n<\/ul>\n<p><strong>CONTROLADOR:<\/strong><\/p>\n<ul>\n<li><a href=\"https:\/\/www.gespasa.es\/es\/productos\/carburantes\/controlador-de-flotas-y-consumo-propio-gk-7\/gk-7plus.html\" target=\"_blank\" rel=\"noopener\">GK-7 Plus<\/a>: Comunica autom\u00e1ticamente y sin cables, mediante 2G, al software cloud www.dieselplus.net<\/li>\n<li><a href=\"https:\/\/www.gespasa.es\/es\/productos\/carburantes\/controlador-de-flotas-y-consumo-propio-gk-7\/gk-7.html\" target=\"_blank\" rel=\"noopener\">GK-7<\/a>: Necesitar\u00e1s adquirir un kit de comunicaci\u00f3n, que incluye el software y hardware necesario para conectar tu surtidor a un PC<\/li>\n<\/ul>\n<p>&nbsp;<\/p>\n<p>Se suministra con:<\/p>\n<ul>\n<li>4 m manguera de impulsi\u00f3n doble capa para gas\u00f3leo \u00d81&#8243; or 1 1\/2&#8243; (seg\u00fan modelo) racorada<\/li>\n<li>Pistola autom\u00e1tica con giratorio<\/li>\n<\/ul>\n<\/div>\n<\/div>\n<\/div>\n<\/div>\n","protected":false},"excerpt":{"rendered":"<p>SHK \/ SH-PlusMJ \u00b7 MonsterJet Control GK-7 \u00b7 ALTO CAUDAL 140 \u00b7 160 \u00b7 200 l\/min DI\u00c9SEL GASOLINA APLICACI\u00d3N El suministro a alto caudal reduce el tiempo de espera en el suministro, permitiendo ganar tiempo y dimensionar [&hellip;]<\/p>\n","protected":false},"featured_media":2593,"comment_status":"open","ping_status":"closed","template":"","meta":[],"product_cat":[80,19],"product_tag":[81,85],"class_list":["post-2592","product","type-product","status-publish","has-post-thumbnail","hentry","product_cat-gespasa","product_cat-estaciones-de-servicio","product_tag-gespasa","product_tag-surtidores-y-dispensadores-de-combustible"],"_links":{"self":[{"href":"https:\/\/smartfluid.cl\/index.php\/wp-json\/wp\/v2\/product\/2592","targetHints":{"allow":["GET"]}}],"collection":[{"href":"https:\/\/smartfluid.cl\/index.php\/wp-json\/wp\/v2\/product"}],"about":[{"href":"https:\/\/smartfluid.cl\/index.php\/wp-json\/wp\/v2\/types\/product"}],"replies":[{"embeddable":true,"href":"https:\/\/smartfluid.cl\/index.php\/wp-json\/wp\/v2\/comments?post=2592"}],"wp:featuredmedia":[{"embeddable":true,"href":"https:\/\/smartfluid.cl\/index.php\/wp-json\/wp\/v2\/media\/2593"}],"wp:attachment":[{"href":"https:\/\/smartfluid.cl\/index.php\/wp-json\/wp\/v2\/media?parent=2592"}],"wp:term":[{"taxonomy":"product_cat","embeddable":true,"href":"https:\/\/smartfluid.cl\/index.php\/wp-json\/wp\/v2\/product_cat?post=2592"},{"taxonomy":"product_tag","embeddable":true,"href":"https:\/\/smartfluid.cl\/index.php\/wp-json\/wp\/v2\/product_tag?post=2592"}],"curies":[{"name":"wp","href":"https:\/\/api.w.org\/{rel}","templated":true}]}}