{"id":2596,"date":"2023-07-04T18:36:08","date_gmt":"2023-07-04T15:36:08","guid":{"rendered":"https:\/\/smartfluid.cl\/?post_type=product&#038;p=2596"},"modified":"2023-07-04T18:46:41","modified_gmt":"2023-07-04T15:46:41","slug":"kit-camion-gk-7plus","status":"publish","type":"product","link":"https:\/\/smartfluid.cl\/index.php\/producto\/kit-camion-gk-7plus\/","title":{"rendered":"KIT CAMI\u00d3N GK-7Plus"},"content":{"rendered":"<header class=\"article__header\">\n<h1>KIT CAMI\u00d3N GK-7Plus<\/h1>\n<div class=\"article__tags\">\n<div class=\"article__label article__label--384\"><img decoding=\"async\" class=\"icon-liquit\" title=\"Gasoil\" src=\"https:\/\/www.gespasa.es\/img_admin\/ga-1.svg\" alt=\"Gasoil\" width=\"15\" height=\"20\" \/>DI\u00c9SEL<\/div>\n<p><span class=\"article__label article__label--new\">NUEVO<\/span><\/p>\n<\/div>\n<\/header>\n<div>\n<div class=\"referencies\">\n<div id=\"ref-id-3978\" class=\"referencia-inter filter-color \">\n<div class=\"referencia-codi\">\n<div class=\"title-in\">KIT CAMI\u00d3N GK-7Plus \u00b7 AG-90 12 VCC<\/div>\n<div class=\"codi\">15771-CF00000<\/div>\n<\/div>\n<\/div>\n<div id=\"ref-id-3979\" class=\"referencia-inter filter-color \">\n<div class=\"referencia-codi\">\n<div class=\"title-in\">KIT CAMI\u00d3N GK-7Plus \u00b7 AG-90 24 VCC<\/div>\n<div class=\"codi\">15771-CF00003<\/div>\n<\/div>\n<\/div>\n<div id=\"ref-id-3977\" class=\"referencia-inter filter-color \">\n<div class=\"body-text\">\n<ul>\n<li>Kit de suministro y control de carburante montado en chasis fijo para el suministro, filtraje y medici\u00f3n de carburante. Kit ideal para suministrar carburante desde furgoneta o cami\u00f3n cisterna.<\/li>\n<li>Puede ser montado en un cami\u00f3n, camioneta o instalaci\u00f3n fija.<\/li>\n<li>Va equipado con la consola de control GK-7Plus. Comunicaci\u00f3n al cloud de forma instant\u00e1nea y sin cables. Consulta de los datos a trav\u00e9s de internet o de APP en su smartphone.<\/li>\n<\/ul>\n<p><strong>Kit est\u00e1ndar compuesto por:<\/strong><\/p>\n<ul>\n<li>Enrollador con 10 m de manguera 1&#8243;<\/li>\n<li>Pistola autom\u00e1tica PA-80<\/li>\n<li>Colgador de manguera<\/li>\n<li>Bomba AG-90 12 o 24 VCC \u00b7 55 l\/min* (con manguera aspiraci\u00f3n \u00d81 1\/2&#8243;)<\/li>\n<li>Interruptor ON\/OFF<\/li>\n<li>Caja de conexiones para cable conexi\u00f3n a bater\u00eda<\/li>\n<li>Emisor de impulsos MGI-110 \u00b7 Precisi\u00f3n \u00b10,5 %<\/li>\n<li>Microfiltro transparente FG-100 \u00b7 5 \u00b5m (micra)<\/li>\n<li>Consola GK-7Plus+antena<\/li>\n<\/ul>\n<\/div>\n<\/div>\n<div id=\"ref-id-3980\" class=\"referencia-inter filter-color \"><\/div>\n<div id=\"ref-id-3981\" class=\"referencia-inter filter-color \">\n<div class=\"referencia-title\">\n<div class=\"title-in\">Dimensiones y peso (aprox.):<\/div>\n<\/div>\n<div class=\"body-text\">\n<p>Conjunto:<\/p>\n<ul>\n<li>Dim.: 500x850x850 mm (largo x ancho x alto)<\/li>\n<li>Peso: 63 kg<\/li>\n<\/ul>\n<p>Base:<\/p>\n<ul>\n<li>Dim.: 500&#215;510 (largo x ancho)<\/li>\n<\/ul>\n<\/div>\n<\/div>\n<div id=\"ref-id-3982\" class=\"referencia-inter filter-color \">\n<div class=\"body-text\">\n<p><img fetchpriority=\"high\" decoding=\"async\" src=\"https:\/\/www.gespasa.es\/img_editor\/image\/truckit%20gk7%20grafic.jpg\" alt=\"&amp; foto muntatge\" width=\"350\" height=\"189\" \/><\/p>\n<\/div>\n<\/div>\n<\/div>\n<\/div>\n","protected":false},"excerpt":{"rendered":"<p>KIT CAMI\u00d3N GK-7Plus DI\u00c9SEL NUEVO KIT CAMI\u00d3N GK-7Plus \u00b7 AG-90 12 VCC 15771-CF00000 KIT CAMI\u00d3N GK-7Plus \u00b7 AG-90 24 VCC 15771-CF00003 Kit de suministro y control de carburante montado en chasis fijo para el suministro, filtraje y [&hellip;]<\/p>\n","protected":false},"featured_media":2597,"comment_status":"open","ping_status":"closed","template":"","meta":[],"product_cat":[80,87],"product_tag":[88],"class_list":["post-2596","product","type-product","status-publish","has-post-thumbnail","hentry","product_cat-gespasa","product_cat-kit-camion","product_tag-kit-camion"],"_links":{"self":[{"href":"https:\/\/smartfluid.cl\/index.php\/wp-json\/wp\/v2\/product\/2596","targetHints":{"allow":["GET"]}}],"collection":[{"href":"https:\/\/smartfluid.cl\/index.php\/wp-json\/wp\/v2\/product"}],"about":[{"href":"https:\/\/smartfluid.cl\/index.php\/wp-json\/wp\/v2\/types\/product"}],"replies":[{"embeddable":true,"href":"https:\/\/smartfluid.cl\/index.php\/wp-json\/wp\/v2\/comments?post=2596"}],"wp:featuredmedia":[{"embeddable":true,"href":"https:\/\/smartfluid.cl\/index.php\/wp-json\/wp\/v2\/media\/2597"}],"wp:attachment":[{"href":"https:\/\/smartfluid.cl\/index.php\/wp-json\/wp\/v2\/media?parent=2596"}],"wp:term":[{"taxonomy":"product_cat","embeddable":true,"href":"https:\/\/smartfluid.cl\/index.php\/wp-json\/wp\/v2\/product_cat?post=2596"},{"taxonomy":"product_tag","embeddable":true,"href":"https:\/\/smartfluid.cl\/index.php\/wp-json\/wp\/v2\/product_tag?post=2596"}],"curies":[{"name":"wp","href":"https:\/\/api.w.org\/{rel}","templated":true}]}}