{"id":2603,"date":"2023-07-04T19:01:48","date_gmt":"2023-07-04T16:01:48","guid":{"rendered":"https:\/\/smartfluid.cl\/?post_type=product&#038;p=2603"},"modified":"2023-07-04T19:01:49","modified_gmt":"2023-07-04T16:01:49","slug":"iron-75-230-vca","status":"publish","type":"product","link":"https:\/\/smartfluid.cl\/index.php\/producto\/iron-75-230-vca\/","title":{"rendered":"IRON-75 230 VCA"},"content":{"rendered":"<header class=\"article__header\">\n<h2>Bomba el\u00e9ctrica auto aspirante para trasvase de di\u00e9sel | 0,5 kW | 75 l\/min<\/h2>\n<\/header>\n<h1>IRON-75 230 VCA<\/h1>\n<header class=\"article__header\">\n<div class=\"article__tags\">\n<div class=\"article__label article__label--384\"><img decoding=\"async\" class=\"icon-liquit\" title=\"Gasoil\" src=\"https:\/\/www.gespasa.es\/img_admin\/ga-1.svg\" alt=\"Gasoil\" width=\"15\" height=\"20\" \/>DI\u00c9SEL<\/div>\n<\/div>\n<\/header>\n<div>\n<div class=\"referencies\">\n<div id=\"ref-id-2914\" class=\"referencia-inter filter-color  \">\n<div class=\"referencia-codi\">\n<div class=\"title-in\">IRON-75 230 VCA 75 l\/min<\/div>\n<div class=\"codi\">00350<\/div>\n<\/div>\n<\/div>\n<div id=\"ref-id-2915\" class=\"referencia-inter filter-color  \">\n<div class=\"body-text\">\n<ul>\n<li>Autoaspirante-autocebante. Exc\u00e9ntrica de paletas autoajustables<\/li>\n<li>Dotada de v\u00e1lvula by-pass de recirculaci\u00f3n<\/li>\n<li>Aspiraci\u00f3n: 2,7 m \u00b7 Impulsi\u00f3n: 30 m<\/li>\n<li>Aspiraci\u00f3n con circuito cebado: 5 m<\/li>\n<li>Caudal con salida libre: 75 l\/min<\/li>\n<li>Consumo: 1,9-4,5 A<\/li>\n<li>Motor: 0,5 kW 230 VCA 50\/60 Hz monof\u00e1sico autoventilado con protector t\u00e9rmico<\/li>\n<li>Funcionamiento continuo S1<\/li>\n<li>Protecci\u00f3n IP-55<\/li>\n<li>3000 rpm<\/li>\n<li>Conexi\u00f3n mediante roscas H1&#8243; (BSP) o bridas<\/li>\n<li>Incorpora filtro limpiable de acero de 350\u00a0<span id=\"main\"><span id=\"search\">\u00b5m (<\/span><\/span>micra)<\/li>\n<li>Interruptor luminoso ON\/OFF con protecci\u00f3n IP-55<\/li>\n<li>3 m de cable el\u00e9ctrico con clavija homologada<\/li>\n<li>Tratamiento anti\u00f3xido<\/li>\n<\/ul>\n<\/div>\n<\/div>\n<div id=\"ref-id-2916\" class=\"referencia-inter filter-color  \">\n<div class=\"referencia-title\">\n<div class=\"title-in\">Dimensiones y peso (aprox.):<\/div>\n<\/div>\n<div class=\"body-text\">\n<ul>\n<li>Dim.: 146x225x185 mm (largo x ancho x alto)<\/li>\n<li>Peso: 8,5 kg<\/li>\n<\/ul>\n<h1>IRON-75 230 VCA<\/h1>\n<\/div>\n<\/div>\n<\/div>\n<\/div>\n","protected":false},"excerpt":{"rendered":"<p>Bomba el\u00e9ctrica auto aspirante para trasvase de di\u00e9sel | 0,5 kW | 75 l\/min IRON-75 230 VCA DI\u00c9SEL IRON-75 230 VCA 75 l\/min 00350 Autoaspirante-autocebante. Exc\u00e9ntrica de paletas autoajustables Dotada de v\u00e1lvula by-pass de recirculaci\u00f3n Aspiraci\u00f3n: 2,7 [&hellip;]<\/p>\n","protected":false},"featured_media":2604,"comment_status":"open","ping_status":"closed","template":"","meta":[],"product_cat":[80,18],"product_tag":[89,81],"class_list":["post-2603","product","type-product","status-publish","has-post-thumbnail","hentry","product_cat-gespasa","product_cat-bombas","product_tag-bombas","product_tag-gespasa"],"_links":{"self":[{"href":"https:\/\/smartfluid.cl\/index.php\/wp-json\/wp\/v2\/product\/2603","targetHints":{"allow":["GET"]}}],"collection":[{"href":"https:\/\/smartfluid.cl\/index.php\/wp-json\/wp\/v2\/product"}],"about":[{"href":"https:\/\/smartfluid.cl\/index.php\/wp-json\/wp\/v2\/types\/product"}],"replies":[{"embeddable":true,"href":"https:\/\/smartfluid.cl\/index.php\/wp-json\/wp\/v2\/comments?post=2603"}],"wp:featuredmedia":[{"embeddable":true,"href":"https:\/\/smartfluid.cl\/index.php\/wp-json\/wp\/v2\/media\/2604"}],"wp:attachment":[{"href":"https:\/\/smartfluid.cl\/index.php\/wp-json\/wp\/v2\/media?parent=2603"}],"wp:term":[{"taxonomy":"product_cat","embeddable":true,"href":"https:\/\/smartfluid.cl\/index.php\/wp-json\/wp\/v2\/product_cat?post=2603"},{"taxonomy":"product_tag","embeddable":true,"href":"https:\/\/smartfluid.cl\/index.php\/wp-json\/wp\/v2\/product_tag?post=2603"}],"curies":[{"name":"wp","href":"https:\/\/api.w.org\/{rel}","templated":true}]}}