{"id":2614,"date":"2023-07-04T19:18:37","date_gmt":"2023-07-04T16:18:37","guid":{"rendered":"https:\/\/smartfluid.cl\/?post_type=product&#038;p=2614"},"modified":"2023-07-04T19:18:38","modified_gmt":"2023-07-04T16:18:38","slug":"monsterpump-200-24-vcc","status":"publish","type":"product","link":"https:\/\/smartfluid.cl\/index.php\/producto\/monsterpump-200-24-vcc\/","title":{"rendered":"MONSTERPUMP-200 24 VCC"},"content":{"rendered":"<header class=\"article__header\">\n<h2>MONSTERPUMP-200 24 VCC<\/h2>\n<h2>Autoaspirante de paletas 0,74 kW \u00b7 200 l\/min<\/h2>\n<div class=\"article__tags\">\n<div class=\"article__label article__label--384\"><img decoding=\"async\" class=\"icon-liquit\" title=\"Gasoil\" src=\"https:\/\/www.gespasa.es\/img_admin\/ga-1.svg\" alt=\"Gasoil\" width=\"15\" height=\"20\" \/>DI\u00c9SEL<\/div>\n<p><span class=\"article__label article__label--new\">NUEVO<\/span><\/div>\n<\/header>\n<div>\n<div class=\"referencies\">\n<div id=\"ref-id-4226\" class=\"referencia-inter filter-color  \">\n<div class=\"referencia-codi\">\n<div class=\"title-in\">MONSTERPUMP-200 24 VCC<\/div>\n<div class=\"codi\">000900000<\/div>\n<\/div>\n<\/div>\n<div id=\"ref-id-4829\" class=\"referencia-inter filter-color  \">\n<div class=\"body-text\">\n<p><strong>APLICACI\u00d3N<\/strong><\/p>\n<ul>\n<li>Bomba autoaspirante, autocebante, exc\u00e9ntrica de paletas<\/li>\n<li>Formado por dos bombas unidas mediante colector (el colector puede ser fabricado bajo demanda)<\/li>\n<li>Ideal para el transvase de gas\u00f3leo a alto caudal, en zonas donde no sea posible una conexi\u00f3n a 230 VCA o 110 VCA<\/li>\n<\/ul>\n<p><strong>CARACTER\u00cdSTICAS T\u00c9CNICAS<\/strong><\/p>\n<ul>\n<li>Caudal: 200 l\/min<\/li>\n<li>Consumo: 30-47 A<\/li>\n<li>Presi\u00f3n: 1,4 bar<\/li>\n<li>Motor: 2&#215;0,37 kW 24 VCC \u00b7 protegido antipolvo \u00b7 autoventilado<\/li>\n<li>Tropicalizado<\/li>\n<li>Funcionamiento continuo<\/li>\n<li>Protecci\u00f3n IP-55<\/li>\n<li>1500 rpm<\/li>\n<li>Dotada de by-pass de recirculaci\u00f3n<\/li>\n<li>Aspiraci\u00f3n: 2,7 m<\/li>\n<li>Aspiraci\u00f3n con circuito cebado: 5 m<\/li>\n<li>Conexi\u00f3n mediante roscas M1 \u00bd\u00bb (BSP). El colector puede ser construido seg\u00fan necesidades concretas bajo petici\u00f3n.<\/li>\n<li>Caja de conexiones con interruptor de llave<\/li>\n<li>Tratamiento anti\u00f3xido<\/li>\n<\/ul>\n<p>Dimensiones y peso (aprox.):<\/p>\n<ul>\n<li>Dim.: 440x410x460 mm (LxWxH)<\/li>\n<li>Peso: 35 kg<\/li>\n<\/ul>\n<p><strong>Opcional<\/strong><\/p>\n<ul>\n<li>Carro met\u00e1lico con bancada y ruedas<\/li>\n<li>Mangueras y accesorios<\/li>\n<li>Enrollador<\/li>\n<\/ul>\n<p>MONSTERPUMP-200 24 VCC<\/p>\n<\/div>\n<\/div>\n<\/div>\n<\/div>\n","protected":false},"excerpt":{"rendered":"<p>MONSTERPUMP-200 24 VCC Autoaspirante de paletas 0,74 kW \u00b7 200 l\/min DI\u00c9SEL NUEVO MONSTERPUMP-200 24 VCC 000900000 APLICACI\u00d3N Bomba autoaspirante, autocebante, exc\u00e9ntrica de paletas Formado por dos bombas unidas mediante colector (el colector puede ser fabricado bajo [&hellip;]<\/p>\n","protected":false},"featured_media":2615,"comment_status":"open","ping_status":"closed","template":"","meta":[],"product_cat":[80,18],"product_tag":[89,81],"class_list":["post-2614","product","type-product","status-publish","has-post-thumbnail","hentry","product_cat-gespasa","product_cat-bombas","product_tag-bombas","product_tag-gespasa"],"_links":{"self":[{"href":"https:\/\/smartfluid.cl\/index.php\/wp-json\/wp\/v2\/product\/2614","targetHints":{"allow":["GET"]}}],"collection":[{"href":"https:\/\/smartfluid.cl\/index.php\/wp-json\/wp\/v2\/product"}],"about":[{"href":"https:\/\/smartfluid.cl\/index.php\/wp-json\/wp\/v2\/types\/product"}],"replies":[{"embeddable":true,"href":"https:\/\/smartfluid.cl\/index.php\/wp-json\/wp\/v2\/comments?post=2614"}],"wp:featuredmedia":[{"embeddable":true,"href":"https:\/\/smartfluid.cl\/index.php\/wp-json\/wp\/v2\/media\/2615"}],"wp:attachment":[{"href":"https:\/\/smartfluid.cl\/index.php\/wp-json\/wp\/v2\/media?parent=2614"}],"wp:term":[{"taxonomy":"product_cat","embeddable":true,"href":"https:\/\/smartfluid.cl\/index.php\/wp-json\/wp\/v2\/product_cat?post=2614"},{"taxonomy":"product_tag","embeddable":true,"href":"https:\/\/smartfluid.cl\/index.php\/wp-json\/wp\/v2\/product_tag?post=2614"}],"curies":[{"name":"wp","href":"https:\/\/api.w.org\/{rel}","templated":true}]}}