{"id":2618,"date":"2023-07-04T19:31:20","date_gmt":"2023-07-04T16:31:20","guid":{"rendered":"https:\/\/smartfluid.cl\/?post_type=product&#038;p=2618"},"modified":"2023-07-17T23:49:57","modified_gmt":"2023-07-17T20:49:57","slug":"compact-m-equipos-de-suministro-mecanicos","status":"publish","type":"product","link":"https:\/\/smartfluid.cl\/index.php\/producto\/compact-m-equipos-de-suministro-mecanicos\/","title":{"rendered":"COMPACT M \u00b7 EQUIPOS DE SUMINISTRO MEC\u00c1NICOS"},"content":{"rendered":"<h1>COMPACT M \u00b7 EQUIPOS DE SUMINISTRO MEC\u00c1NICOS<\/h1>\n<p>&nbsp;<\/p>\n<div class=\"uk-width-1-3@m uk-first-column\">\n<div class=\"uk-card-body uk-card card-slider\">\n<div class=\"slider-pro\">\n<div class=\"uk-slider\">\n<div class=\"uk-position-relative\">\n<div class=\"uk-slider-container uk-light\">\n<ul class=\"uk-slider-items uk-child-width-1-1\">\n<li class=\"uk-text-center\" tabindex=\"-1\"><a class=\"uk-panel\" href=\"https:\/\/www.gespasa.es\/img_admin\/compact-m-28110-28040-28270-28190-28280-28140-28150-perspectiva-web_xxl-677tr2.png\" aria-label=\"\/img_admin\/compact-m-28110-28040-28270-28190-28280-28140-28150-perspectiva-web_xxl-677tr2.png\" target=\"_blank\" rel=\"noopener\"><img fetchpriority=\"high\" decoding=\"async\" title=\"COMPACT M \u00b7 EQUIPOS DE SUMINISTRO MEC\u00c1NICOS\" src=\"https:\/\/www.gespasa.es\/img_admin\/compact-m-28110-28040-28270-28190-28280-28140-28150-perspectiva-web_m-677tr2.png\" alt=\"COMPACT M \u00b7 EQUIPOS DE SUMINISTRO MEC\u00c1NICOS\" width=\"468\" height=\"468\" \/><\/a><\/li>\n<li class=\"uk-text-center\" tabindex=\"-1\"><\/li>\n<\/ul>\n<\/div>\n<div class=\"uk-light\"><\/div>\n<\/div>\n<ul class=\"uk-slider-nav uk-dotnav uk-flex-center uk-margin\">\n<li class=\"uk-active\"><\/li>\n<li><\/li>\n<li><\/li>\n<\/ul>\n<\/div>\n<\/div>\n<\/div>\n<\/div>\n<div class=\"uk-width-expand@m\">\n<header class=\"article__header\">\n<h1>COMPACT M \u00b7 EQUIPOS DE SUMINISTRO MEC\u00c1NICOS<\/h1>\n<div class=\"article__tags\">\n<div class=\"article__label article__label--384\"><img decoding=\"async\" class=\"icon-liquit\" title=\"Gasoil\" src=\"https:\/\/www.gespasa.es\/img_admin\/ga-1.svg\" alt=\"Gasoil\" width=\"15\" height=\"20\" \/>DI\u00c9SEL<\/div>\n<div class=\"article__label article__label--364\"><img decoding=\"async\" class=\"icon-liquit\" title=\"Gasolina\" src=\"https:\/\/www.gespasa.es\/img_admin\/di-2.svg\" alt=\"Gasolina\" width=\"15\" height=\"20\" \/>GASOLINA<\/div>\n<\/div>\n<\/header>\n<div>\n<div class=\"referencies\">\n<div id=\"ref-id-3821\" class=\"referencia-inter filter-color  \">\n<div class=\"body-text\">\n<p>Equipos de suministro compacto apropiados para el suministro y medici\u00f3n del gas\u00f3leo o gasolina para el consumo propio de veh\u00edculos.<\/p>\n<p>Est\u00e1n compuestos por:<\/p>\n<p><strong>CHASIS<\/strong><\/p>\n<ul>\n<li>Realizado en acero<\/li>\n<li>Tratamiento especial interior y exterior para proteger contra la corrosi\u00f3n<\/li>\n<li>Acabado en pintura ep\u00f3xico<\/li>\n<li>Resistente a la intemperie<\/li>\n<\/ul>\n<p><strong>BOMBA<\/strong><\/p>\n<p>autoaspirante de paletas autoajustables<\/p>\n<p><strong>MEDIDOR DE LITROS<\/strong><\/p>\n<ul>\n<li>mec\u00e1nico\u00a0<a href=\"https:\/\/www.gespasa.es\/es\/productos\/carburantes\/medidores\/mg-80-mecanico.html\" target=\"_blank\" rel=\"noopener\">MG-80<\/a>\u00a0\u00b7 Precisi\u00f3n \u00b11 %<\/li>\n<\/ul>\n<p><strong>PISTOLA<\/strong><\/p>\n<ul>\n<li>autom\u00e1tica<\/li>\n<\/ul>\n<p><strong>MANGUERA<\/strong><\/p>\n<ul>\n<li>4 m manguera de impulsi\u00f3n para gas\u00f3leo doble capa racorada<\/li>\n<\/ul>\n<\/div>\n<\/div>\n<div id=\"ref-id-4265\" class=\"referencia-inter filter-color  \">\n<div class=\"body-text\">\n<p><strong>GAS\u00d3LEO<\/strong><\/p>\n<\/div>\n<\/div>\n<div id=\"ref-id-4753\" class=\"referencia-inter filter-color  \">\n<div class=\"referencia-codi\">\n<div class=\"title-in\">COMPACT 50M-12 V \u00b7 Equipo de suministro mec\u00e1nico<\/div>\n<div class=\"codi\">28110-CF00000<\/div>\n<\/div>\n<\/div>\n<div id=\"ref-id-4823\" class=\"referencia-inter filter-color  \">\n<div class=\"body-text\">\n<ul>\n<li><a href=\"https:\/\/www.gespasa.es\/es\/productos\/carburantes\/bombas-gasoleo\/iron-50-12-o-24-vcc.html\" target=\"_blank\" rel=\"noopener\">IRON-50 12 VCC<\/a>\u00a0\u00b7 Caudal: 35-45 l\/min<\/li>\n<\/ul>\n<p>Dimensiones y peso (aprox.):<\/p>\n<ul>\n<li>Dim.: 380x345x360 mm (LxWxH)<\/li>\n<li>Peso: 18 kg<\/li>\n<\/ul>\n<\/div>\n<\/div>\n<div id=\"ref-id-4754\" class=\"referencia-inter filter-color  \">\n<div class=\"referencia-codi\">\n<div class=\"title-in\">COMPACT 50M-230 V \u00b7 Equipo de suministro mec\u00e1nico<\/div>\n<div class=\"codi\">28040-CF00000<\/div>\n<\/div>\n<\/div>\n<div id=\"ref-id-4824\" class=\"referencia-inter filter-color  \">\n<div class=\"body-text\">\n<ul>\n<li><a href=\"https:\/\/www.gespasa.es\/es\/productos\/carburantes\/bombas-gasoleo\/iron-50-230-vca.html\" target=\"_blank\" rel=\"noopener\">IRON-50 230 VCA<\/a>\u00a0\u00b7 Caudal 40-50 l\/min<\/li>\n<\/ul>\n<p>Dimensiones y peso (aprox.):<\/p>\n<ul>\n<li>Dim.: 380x345x360 mm (LxWxH)<\/li>\n<li>Peso: 21 kg<\/li>\n<\/ul>\n<\/div>\n<\/div>\n<div id=\"ref-id-4755\" class=\"referencia-inter filter-color  \">\n<div class=\"referencia-codi\">\n<div class=\"title-in\">COMPACT 75M-230 V \u00b7 Equipo de suministro mec\u00e1nico<\/div>\n<div class=\"codi\">28270-CF00000<\/div>\n<\/div>\n<\/div>\n<div id=\"ref-id-4825\" class=\"referencia-inter filter-color  \">\n<div class=\"body-text\">\n<ul>\n<li><a href=\"https:\/\/www.gespasa.es\/es\/productos\/carburantes\/bombas-gasoleo\/iron-75-230-vca.html\" target=\"_blank\" rel=\"noopener\">IRON-75 230 VCA<\/a>\u00a0\u00b7 Caudal 65-70 l\/min<\/li>\n<\/ul>\n<p>Dimensiones y peso (aprox.):<\/p>\n<ul>\n<li>Dim.: 380x345x360 mm (LxWxH)<\/li>\n<li>Peso: 21 kg<\/li>\n<\/ul>\n<\/div>\n<\/div>\n<div id=\"ref-id-4756\" class=\"referencia-inter filter-color  \">\n<div class=\"referencia-codi\">\n<div class=\"title-in\">COMPACT 90M-12 V \u00b7 Equipo de suministro mec\u00e1nico<\/div>\n<div class=\"codi\">28190-CF00000<\/div>\n<\/div>\n<\/div>\n<div id=\"ref-id-4826\" class=\"referencia-inter filter-color  \">\n<div class=\"body-text\">\n<ul>\n<li><a href=\"https:\/\/www.gespasa.es\/es\/productos\/carburantes\/bombas-gasoleo\/ag-90-12-o-24-vcc.html\" target=\"_blank\" rel=\"noopener\">AG-90 12 VCC<\/a>\u00a0\u00b7 Caudal: 70-80 l\/min<\/li>\n<\/ul>\n<p>Dimensiones y peso (aprox.):<\/p>\n<ul>\n<li>Dim.: 383x345x360 mm (LxWxH)<\/li>\n<li>Peso: 28,5 kg<\/li>\n<\/ul>\n<\/div>\n<\/div>\n<div id=\"ref-id-4759\" class=\"referencia-inter filter-color  \">\n<div class=\"referencia-codi\">\n<div class=\"title-in\">COMPACT 100M-230 V \u00b7 Equipo de suministro mec\u00e1nico<\/div>\n<div class=\"codi\">28280-CF00000<\/div>\n<\/div>\n<\/div>\n<div id=\"ref-id-4827\" class=\"referencia-inter filter-color  \">\n<div class=\"body-text\">\n<ul>\n<li><a href=\"https:\/\/www.gespasa.es\/es\/productos\/carburantes\/bombas-gasoleo\/ag-100-230-vca.html\" target=\"_blank\" rel=\"noopener\">AG-100 230 VCA<\/a>\u00a0\u00b7 Caudal 75-85 l\/min<\/li>\n<\/ul>\n<p>Dimensiones y peso (aprox.):<\/p>\n<ul>\n<li>Dim.: 383x435x360 mm (LxWxH)<\/li>\n<li>Peso: 32 kg<\/li>\n<\/ul>\n<\/div>\n<\/div>\n<div id=\"ref-id-4268\" class=\"referencia-inter filter-color  \">\n<div class=\"body-text\">\n<p><strong>GASOLINA<\/strong><\/p>\n<\/div>\n<\/div>\n<div id=\"ref-id-4757\" class=\"referencia-inter filter-color  \">\n<div class=\"referencia-codi\">\n<div class=\"title-in\">COMPACT 50M-12 V Ex \u00b7 Equipo de suministro mec\u00e1nico<\/div>\n<div class=\"codi\">28140-CF00001<\/div>\n<\/div>\n<\/div>\n<div id=\"ref-id-4760\" class=\"referencia-inter filter-color  \">\n<div class=\"referencia-codi\">\n<div class=\"title-in\">COMPACT 50M-230 V Ex \u00b7 Equipo de suministro mec\u00e1nico<\/div>\n<div class=\"codi\">28140-CF00000<\/div>\n<\/div>\n<\/div>\n<div id=\"ref-id-4761\" class=\"referencia-inter filter-color  \">\n<div class=\"referencia-codi\">\n<div class=\"title-in\">COMPACT 800M-230 \u00b7 Equipo de suministro mec\u00e1nico<\/div>\n<div class=\"codi\">28150-CF00000<\/div>\n<\/div>\n<\/div>\n<div id=\"ref-id-4762\" class=\"referencia-inter filter-color  \">\n<div class=\"body-text\">\n<figure class=\"table\">\n<table>\n<thead>\n<tr>\n<th><i>Gasolina<\/i><\/th>\n<th>Voltaje<\/th>\n<th>Medidor mec\u00e1nico (Vit\u00f3n)<\/th>\n<th>Pistola autom\u00e1tica<\/th>\n<th>Caudal (l\/min)<\/th>\n<th colspan=\"2\">Dimensiones \u00a0y peso (aprox.)<\/th>\n<\/tr>\n<\/thead>\n<tbody>\n<tr>\n<td><strong>COMPACT 50M-12 Ex<\/strong><\/td>\n<td>12 VCC<\/td>\n<td rowspan=\"3\"><a href=\"https:\/\/www.gespasa.es\/es\/productos\/carburantes\/medidores\/mg-80-mecanico.html\" target=\"_blank\" rel=\"noopener\">MG-80V<\/a><\/td>\n<td rowspan=\"3\"><a href=\"https:\/\/www.gespasa.es\/es\/productos\/carburantes\/pistolas\/pa-80.html\" target=\"_blank\" rel=\"noopener\">PA-80<\/a><\/td>\n<td rowspan=\"2\">40-50<\/td>\n<td rowspan=\"3\">383x345x360 mm<\/td>\n<td rowspan=\"2\">28,5 kg<\/td>\n<\/tr>\n<tr>\n<td><strong>COMPACT 50M-230 Ex<\/strong><\/td>\n<td>230 VCA<\/td>\n<\/tr>\n<tr>\n<td><strong>COMPACT 800M-230<\/strong><\/td>\n<td>230 VCA<\/td>\n<td>70-80<\/td>\n<td>32 kg<\/td>\n<\/tr>\n<\/tbody>\n<\/table>\n<\/figure>\n<\/div>\n<\/div>\n<\/div>\n<\/div>\n<\/div>\n","protected":false},"excerpt":{"rendered":"<p>COMPACT M \u00b7 EQUIPOS DE SUMINISTRO MEC\u00c1NICOS &nbsp; COMPACT M \u00b7 EQUIPOS DE SUMINISTRO MEC\u00c1NICOS DI\u00c9SEL GASOLINA Equipos de suministro compacto apropiados para el suministro y medici\u00f3n del gas\u00f3leo o gasolina para el consumo propio de veh\u00edculos. [&hellip;]<\/p>\n","protected":false},"featured_media":2619,"comment_status":"open","ping_status":"closed","template":"","meta":[],"product_cat":[80,19],"product_tag":[81,85],"class_list":["post-2618","product","type-product","status-publish","has-post-thumbnail","hentry","product_cat-gespasa","product_cat-estaciones-de-servicio","product_tag-gespasa","product_tag-surtidores-y-dispensadores-de-combustible"],"_links":{"self":[{"href":"https:\/\/smartfluid.cl\/index.php\/wp-json\/wp\/v2\/product\/2618","targetHints":{"allow":["GET"]}}],"collection":[{"href":"https:\/\/smartfluid.cl\/index.php\/wp-json\/wp\/v2\/product"}],"about":[{"href":"https:\/\/smartfluid.cl\/index.php\/wp-json\/wp\/v2\/types\/product"}],"replies":[{"embeddable":true,"href":"https:\/\/smartfluid.cl\/index.php\/wp-json\/wp\/v2\/comments?post=2618"}],"wp:featuredmedia":[{"embeddable":true,"href":"https:\/\/smartfluid.cl\/index.php\/wp-json\/wp\/v2\/media\/2619"}],"wp:attachment":[{"href":"https:\/\/smartfluid.cl\/index.php\/wp-json\/wp\/v2\/media?parent=2618"}],"wp:term":[{"taxonomy":"product_cat","embeddable":true,"href":"https:\/\/smartfluid.cl\/index.php\/wp-json\/wp\/v2\/product_cat?post=2618"},{"taxonomy":"product_tag","embeddable":true,"href":"https:\/\/smartfluid.cl\/index.php\/wp-json\/wp\/v2\/product_tag?post=2618"}],"curies":[{"name":"wp","href":"https:\/\/api.w.org\/{rel}","templated":true}]}}