{"id":2632,"date":"2023-07-04T23:39:52","date_gmt":"2023-07-04T20:39:52","guid":{"rendered":"https:\/\/smartfluid.cl\/?post_type=product&#038;p=2632"},"modified":"2023-07-12T00:34:25","modified_gmt":"2023-07-11T21:34:25","slug":"cargador-para-vehiculos-electricos-de-40-kw","status":"publish","type":"product","link":"https:\/\/smartfluid.cl\/index.php\/producto\/cargador-para-vehiculos-electricos-de-40-kw\/","title":{"rendered":"Cargador Comercial para estacionamientos o flotas privadas  desde 22kw a 60 kw"},"content":{"rendered":"<p>Cargador para veh\u00edculos el\u00e9ctricos de 40 kW<\/p>\n<p><span>&#8211; M\u00e1x.\u00a0potencia de salida: 40kW<\/span><br \/>\n<span>&#8211; SAE Combo |\u00a0Conector de carga opcional CHAdeMO |GBT<\/span><br \/>\n<span>&#8211; Rango de voltaje de salida: 300~750V<\/span><br \/>\n<span>&#8211; Conectividad de red (OCPP)<\/span><br \/>\n<span>&#8211; Montaje en pared o en poste<\/span><br \/>\n<span>&#8211; IP54 para uso en exteriores<\/span><br \/>\n<span>&#8211; Garant\u00eda 2 a\u00f1os<\/span><\/p>\n<p>&nbsp;<\/p>\n<h2><span>Cargador para veh\u00edculos el\u00e9ctricos de CC de 40 kW<\/span><\/h2>\n<h3><span>M\u00e1x. 132A 750V |\u00a0Carga inteligente |\u00a0Wi-Fi, Ethernet, 4G<\/span><\/h3>\n<p><span>El cargador Grasen 40kW DC EV es una ampliaci\u00f3n del\u00a0<\/span><a href=\"https:\/\/www.grasen.com\/dc-fast-chargers\/30KW-CCS-CHADEMO-DC-Fast-Charger.html\" target=\"_self\" rel=\"noopener\"><span>cargador r\u00e1pido original de 30kW DC<\/span><\/a><span>\u00a0.\u00a0Benefici\u00e1ndose de su dise\u00f1o modular, el cargador EV de 40kW puede cargar de manera eficiente dos veh\u00edculos simult\u00e1neamente, entregando 20kW a cada puerto de salida.\u00a0Alternativamente, el cargador puede desviar toda la salida de 40kW a un solo veh\u00edculo para una carga r\u00e1pida.\u00a0Esta unidad de carga vers\u00e1til y de alta potencia ofrece una multitud de beneficios para los conductores de veh\u00edculos el\u00e9ctricos y es una valiosa adici\u00f3n a cualquier red de carga.<\/span><\/p>\n<p><span>Con el equilibrio perfecto entre tama\u00f1o y potencia, es ideal para recargas comerciales, laborales, de flotas y p\u00fablicas.\u00a0Ocupa poco espacio y tiene una estructura compacta, lo que puede reducir la complejidad y el costo de la instalaci\u00f3n.<\/span><\/p>\n<p><img decoding=\"async\" title=\"montaje\" src=\"https:\/\/www.grasen.com\/uploadfile\/ueditor\/image\/202305\/1684734895fc5502.png\" alt=\"montaje\" \/><\/p>\n<h2><span>Tiempo de carga del cargador EV de 40kW<\/span><\/h2>\n<p><span>Este cargador r\u00e1pido de CC de 40 kW puede cargar un veh\u00edculo de pasajeros t\u00edpico del 20 % al 80 % en una hora, que es 4 veces m\u00e1s r\u00e1pido que los cargadores de CA de nivel 2.<\/span><\/p>\n<h2><span>Carga multiest\u00e1ndar<\/span><\/h2>\n<p><span>Las estaciones de carga de CC de Grasens admiten opciones flexibles en los conectores de CC.\u00a0Puede elegir CCS, CHAdeMO, GB\/T o usar dos est\u00e1ndares diferentes.<\/span><\/p>\n<p><iframe src=\"https:\/\/www.youtube.com\/embed\/ttIObfph06c\" width=\"320\" height=\"560\" frameborder=\"0\" allowfullscreen=\"allowfullscreen\" data-mce-fragment=\"1\"><\/iframe><\/p>\n<p>Cargador para veh\u00edculos el\u00e9ctricos de 40 kW<\/p>\n","protected":false},"excerpt":{"rendered":"<p>Cargador para veh\u00edculos el\u00e9ctricos de 40 kW &#8211; M\u00e1x.\u00a0potencia de salida: 40kW &#8211; SAE Combo |\u00a0Conector de carga opcional CHAdeMO |GBT &#8211; Rango de voltaje de salida: 300~750V &#8211; Conectividad de red (OCPP) &#8211; Montaje en pared [&hellip;]<\/p>\n","protected":false},"featured_media":2634,"comment_status":"open","ping_status":"closed","template":"","meta":[],"product_cat":[92],"product_tag":[93],"class_list":["post-2632","product","type-product","status-publish","has-post-thumbnail","hentry","product_cat-cargadores-electricos","product_tag-cargadores-electricos"],"_links":{"self":[{"href":"https:\/\/smartfluid.cl\/index.php\/wp-json\/wp\/v2\/product\/2632","targetHints":{"allow":["GET"]}}],"collection":[{"href":"https:\/\/smartfluid.cl\/index.php\/wp-json\/wp\/v2\/product"}],"about":[{"href":"https:\/\/smartfluid.cl\/index.php\/wp-json\/wp\/v2\/types\/product"}],"replies":[{"embeddable":true,"href":"https:\/\/smartfluid.cl\/index.php\/wp-json\/wp\/v2\/comments?post=2632"}],"wp:featuredmedia":[{"embeddable":true,"href":"https:\/\/smartfluid.cl\/index.php\/wp-json\/wp\/v2\/media\/2634"}],"wp:attachment":[{"href":"https:\/\/smartfluid.cl\/index.php\/wp-json\/wp\/v2\/media?parent=2632"}],"wp:term":[{"taxonomy":"product_cat","embeddable":true,"href":"https:\/\/smartfluid.cl\/index.php\/wp-json\/wp\/v2\/product_cat?post=2632"},{"taxonomy":"product_tag","embeddable":true,"href":"https:\/\/smartfluid.cl\/index.php\/wp-json\/wp\/v2\/product_tag?post=2632"}],"curies":[{"name":"wp","href":"https:\/\/api.w.org\/{rel}","templated":true}]}}