{"id":2727,"date":"2023-10-06T00:58:30","date_gmt":"2023-10-05T21:58:30","guid":{"rendered":"https:\/\/smartfluid.cl\/?post_type=product&#038;p=2727"},"modified":"2023-10-06T00:58:30","modified_gmt":"2023-10-05T21:58:30","slug":"sensor-de-nivel-de-combustible-2","status":"publish","type":"product","link":"https:\/\/smartfluid.cl\/index.php\/producto\/sensor-de-nivel-de-combustible-2\/","title":{"rendered":"Sensor de nivel de combustible"},"content":{"rendered":"<div class=\"wpb_text_column wpb_content_element  vc_custom_1632326410853\">\n<div class=\"wpb_wrapper\">\n<p><span>El sensor de nivel de combustible DUT-E se utiliza para medir con precisi\u00f3n el nivel y el volumen de combustible en tanques de veh\u00edculos y unidades estacionarias.\u00a0DUT-E permite determinar el volumen de combustible actual y el cambio en el volumen (repostaje o drenaje) de combustible en el tanque.<\/span><\/p>\n<p><span>DUT-E se utiliza en sistemas telem\u00e1ticos de veh\u00edculos y rastreo GPS como sensor de combustible adicional o como reemplazo del sensor de nivel de combustible est\u00e1ndar incorporado (de f\u00e1brica).\u00a0Cuando se utiliza como parte del sistema telem\u00e1tico, DUT-E permite obtener informaci\u00f3n confiable y precisa sobre el volumen actual de combustible en el tanque y revelar el uso indebido y el robo de combustible del tanque.\u00a0DUT-E tambi\u00e9n ofrece una descripci\u00f3n general del uso de combustible por veh\u00edculo o unidad estacionaria.<\/span><\/p>\n<\/div>\n<\/div>\n<div class=\"wpb_text_column wpb_content_element  vc_custom_1625132014755\">\n<div class=\"wpb_wrapper\">\n<div><\/div>\n<\/div>\n<\/div>\n<div class=\"wpb_text_column wpb_content_element \">\n<div class=\"wpb_wrapper\">\n<h2><span>Tareas<\/span><\/h2>\n<\/div>\n<\/div>\n<div class=\"wpb_text_column wpb_content_element \">\n<div class=\"wpb_wrapper\">\n<div class=\"icon_vert\"><img decoding=\"async\" class=\"alignnone wp-image-28369 size-full\" title=\"Seguimiento del reabastecimiento de combustible y vaciado de combustible.\" src=\"https:\/\/jv-technoton.com\/wp-content\/uploads\/2019\/07\/004-1.png\" alt=\"\" width=\"50\" height=\"36\" \/><span>Seguimiento del reabastecimiento de combustible y vaciado de combustible.<\/span><\/div>\n<div class=\"icon_vert\"><img decoding=\"async\" class=\"alignnone wp-image-28373 size-full\" title=\"Prevenci\u00f3n del robo de combustible\" src=\"https:\/\/jv-technoton.com\/wp-content\/uploads\/2019\/07\/003-1.png\" alt=\"\" width=\"50\" height=\"36\" \/><span>Prevenci\u00f3n del robo de combustible<\/span><\/div>\n<div class=\"icon_vert\"><img decoding=\"async\" class=\"alignnone wp-image-28377 size-full\" title=\"Monitoreo del consumo de combustible\" src=\"https:\/\/jv-technoton.com\/wp-content\/uploads\/2019\/07\/001-1.png\" alt=\"\" width=\"50\" height=\"36\" \/><span>Monitoreo del consumo de combustible<\/span><\/div>\n<\/div>\n<div><\/div>\n<\/div>\n<div>\n<div class=\"vc_row wpb_row vc_row-fluid vc_custom_1623310959361 vc_row-has-fill\" data-vc-full-width=\"true\" data-vc-full-width-init=\"true\">\n<div class=\"wpb_column vc_column_container vc_col-sm-12\">\n<div class=\"vc_column-inner\">\n<div class=\"wpb_wrapper\">\n<div class=\"wpb_text_column wpb_content_element \">\n<div class=\"wpb_wrapper\">\n<h2><span>Ventajas del DUT-E<\/span><\/h2>\n<\/div>\n<\/div>\n<\/div>\n<\/div>\n<\/div>\n<\/div>\n<div class=\"vc_row-full-width vc_clearfix\"><\/div>\n<div class=\"vc_row wpb_row vc_row-fluid vc_custom_1615529129330\">\n<div class=\"wpb_column vc_column_container vc_col-sm-12\">\n<div class=\"vc_column-inner\">\n<div class=\"wpb_wrapper\">\n<div class=\"vc_row wpb_row vc_inner vc_row-fluid\">\n<div class=\"wpb_column vc_column_container vc_col-sm-6 vc_hidden-sm vc_hidden-xs\">\n<div class=\"vc_column-inner\">\n<div class=\"wpb_wrapper\">\n<div class=\"wpb_raw_code wpb_content_element wpb_raw_html\">\n<div class=\"wpb_wrapper\"><iframe src=\"https:\/\/www.jv-technoton.com\/wp-content\/uploads\/2017\/dut-e_eng\/dut_e_eng_1.html\" width=\"600\" height=\"694\" scrolling=\"no\" align=\"left\"><\/iframe><\/div>\n<\/div>\n<\/div>\n<\/div>\n<\/div>\n<div class=\"wpb_column vc_column_container vc_col-sm-6\">\n<div class=\"vc_column-inner\">\n<div class=\"wpb_wrapper\">\n<div class=\"wpb_text_column wpb_content_element \">\n<div class=\"wpb_wrapper\">\n<h3><span>Construido sobre nueva tecnolog\u00eda: IoT Burger<\/span><\/h3>\n<p><span>Los sensores de nivel de combustible DUT-E se basan en la tecnolog\u00eda IoT Burger y son compatibles con la tecnolog\u00eda S6.\u00a0La tecnolog\u00eda IoT Burger permite el m\u00e1ximo procesamiento de datos \u00aba bordo\u00bb.\u00a0Los datos brutos sobre el nivel de combustible se refinan mediante un sensor y solo se env\u00eda informaci\u00f3n \u00fatil a la unidad telem\u00e1tica.\u00a0Esto permite evitar puntos ciegos causados \u200b\u200bpor el intervalo de transferencia de datos y obtener informaci\u00f3n m\u00e1s precisa y estable en el software telem\u00e1tico.<\/span><\/p>\n<\/div>\n<\/div>\n<div class=\"wpb_text_column wpb_content_element \">\n<div class=\"wpb_wrapper\">\n<h3><span>Medici\u00f3n multitanque con tecnolog\u00eda S6<\/span><\/h3>\n<p><span>La tecnolog\u00eda S6 se utiliza para crear una red de dispositivos IoT dentro de un objeto.\u00a0Los DUT-E son compatibles con la tecnolog\u00eda S6 y eso permite crear una red de sensores en un veh\u00edculo\/unidad estacionaria.\u00a0Esta caracter\u00edstica permite monitorear el volumen de combustible en varios tanques al mismo tiempo y tambi\u00e9n brinda la oportunidad de conectar otros equipos telem\u00e1ticos a bordo.\u00a0La principal ventaja es que todos los sensores est\u00e1n configurados y todos los datos se env\u00edan a trav\u00e9s de un solo cable, conectado al puerto CAN del dispositivo telem\u00e1tico.<\/span><\/p>\n<\/div>\n<\/div>\n<div class=\"wpb_text_column wpb_content_element \">\n<div class=\"wpb_wrapper\">\n<h3><span>Longitud de corte en un 90%, extensi\u00f3n a 6000 mm<\/span><\/h3>\n<p><span>La sonda de medici\u00f3n de DUT-E se puede cortar en un 90% de su longitud inicial y\/o extenderse hasta 6000 mm.\u00a0El corte\/extensi\u00f3n de longitud se puede realizar directamente en el lugar de instalaci\u00f3n, justo antes del montaje en el tanque de combustible.\u00a0Esto aumenta la velocidad de instalaci\u00f3n, el tiempo de instalaci\u00f3n y reduce los costos de entrega del sensor al lugar de instalaci\u00f3n, lo que es especialmente importante para proyectos donde los tanques de combustible tienen m\u00e1s de 1000 mm.<\/span><\/p>\n<\/div>\n<\/div>\n<\/div>\n<\/div>\n<\/div>\n<\/div>\n<\/div>\n<\/div>\n<\/div>\n<\/div>\n<div class=\"vc_row wpb_row vc_row-fluid vc_custom_1615529119448 vc_row-has-fill\" data-vc-full-width=\"true\" data-vc-full-width-init=\"true\">\n<div class=\"wpb_column vc_column_container vc_col-sm-6\">\n<div class=\"vc_column-inner\">\n<div class=\"wpb_wrapper\">\n<div class=\"wpb_text_column wpb_content_element \">\n<div class=\"wpb_wrapper\">\n<h2><span>Instalaci\u00f3n DUT-E<\/span><\/h2>\n<\/div>\n<\/div>\n<div class=\"ult-spacer spacer-651c25e240f60\" data-id=\"651c25e240f60\" data-height=\"20\" data-height-mobile=\"20\" data-height-tab=\"20\" data-height-tab-portrait=\"\" data-height-mobile-landscape=\"\"><\/div>\n<div class=\"wpb_text_column wpb_content_element \">\n<div class=\"wpb_wrapper\">\n<p><span>DUT-E tiene una brida est\u00e1ndar de 5 pernos y se puede instalar en un lugar donde se encuentra el sensor de combustible est\u00e1ndar o en una abertura separada en el tanque de combustible.\u00a0Todos los detalles necesarios para la instalaci\u00f3n y sellado del sensor DUT-E est\u00e1n presentes en el kit de montaje DUT-E.<\/span><\/p>\n<p><span>Cuando se complete la instalaci\u00f3n de DUT-E, debe realizar la calibraci\u00f3n del tanque.\u00a0En el proceso se construye una tabla de calibraci\u00f3n, donde las se\u00f1ales de salida del sensor corresponden a los niveles correctos de combustible en el tanque.\u00a0Esta tabla es utilizada por un sistema de monitoreo de combustible para determinar cu\u00e1nto combustible hay en el tanque.<\/span><\/p>\n<\/div>\n<\/div>\n<div class=\"wpb_text_column wpb_content_element \">\n<div class=\"wpb_wrapper\">\n<div><a href=\"https:\/\/jv-technoton.com\/installations-portfolio\/\" target=\"_blank\" rel=\"noopener\"><img decoding=\"async\" src=\"https:\/\/jv-technoton.com\/wp-content\/uploads\/2019\/07\/arrow.png\" width=\"16\" \/><span>Portafolio de instalaciones<\/span><\/a><\/div>\n<\/div>\n<\/div>\n<div class=\"ult-spacer spacer-651c25e24116a\" data-id=\"651c25e24116a\" data-height=\"10\" data-height-mobile=\"10\" data-height-tab=\"10\" data-height-tab-portrait=\"\" data-height-mobile-landscape=\"\"><\/div>\n<div class=\"wpb_text_column wpb_content_element \">\n<div class=\"wpb_wrapper\">\n<h3><span>Accesorios<\/span><\/h3>\n<p><a href=\"https:\/\/jv-technoton.com\/products\/mounting-kit-mk-dut-e\/\" target=\"_blank\" rel=\"noopener\"><span>Kit de montaje MK DUT-E<\/span><\/a><br \/>\n<a href=\"https:\/\/jv-technoton.com\/products\/s6-sk-and-s6-bt-service-adapter\/\" target=\"_blank\" rel=\"noopener\"><span>Adaptadores de servicio S6 SK y S6 BT<\/span><\/a><br \/>\n<a href=\"https:\/\/jv-technoton.com\/products\/additional-section-dut-e-fuel-level-sensor\/\" target=\"_blank\" rel=\"noopener\"><span>Secci\u00f3n adicional DUT-E<\/span><\/a><a href=\"https:\/\/jv-technoton.com\/products\/dut-e-sum\/\" target=\"_blank\" rel=\"noopener\"><br \/>\n<span>Summator DUT-E SUM<\/span><\/a><br \/>\n<a href=\"https:\/\/jv-technoton.com\/products\/fuel-supply-automation-unit\/\" target=\"_blank\" rel=\"noopener\"><span>Unidad de automatizaci\u00f3n del suministro de combustible DUT-E SAU<\/span><\/a><\/p>\n<\/div>\n<\/div>\n<div class=\"ult-spacer spacer-651c25e2412a4\" data-id=\"651c25e2412a4\" data-height=\"20\" data-height-mobile=\"2\" data-height-tab=\"\" data-height-tab-portrait=\"\" data-height-mobile-landscape=\"2\"><\/div>\n<\/div>\n<\/div>\n<\/div>\n<div class=\"wpb_column vc_column_container vc_col-sm-6\">\n<div class=\"vc_column-inner\">\n<div class=\"wpb_wrapper\">\n<div class=\"ult-spacer spacer-651c25e241448\" data-id=\"651c25e241448\" data-height=\"60\" data-height-mobile=\"2\" data-height-tab=\"\" data-height-tab-portrait=\"\" data-height-mobile-landscape=\"2\"><\/div>\n<div class=\"wpb_text_column wpb_content_element \">\n<div class=\"wpb_wrapper\">\n<p><img loading=\"lazy\" decoding=\"async\" class=\"aligncenter title=\" src=\"https:\/\/jv-technoton.com\/wp-content\/uploads\/2018\/01\/dut-e_installation_to_fuel_tank.png\" alt=\"DUT-E instalado en el dep\u00f3sito de combustible de un veh\u00edculo\" width=\"628\" height=\"310\" \/><\/p>\n<\/div>\n<\/div>\n<div class=\"wpb_text_column wpb_content_element \">\n<div class=\"wpb_wrapper\">\n<p><span>Instale DUT-E en el centro geom\u00e9trico de un tanque de combustible.<\/span><\/p>\n<\/div>\n<\/div>\n<div class=\"ult-spacer spacer-651c25e2416ac\" data-id=\"651c25e2416ac\" data-height=\"20\" data-height-mobile=\"2\" data-height-tab=\"\" data-height-tab-portrait=\"\" data-height-mobile-landscape=\"2\"><\/div>\n<\/div>\n<\/div>\n<\/div>\n<\/div>\n<div class=\"vc_row-full-width vc_clearfix\"><\/div>\n<div class=\"vc_row wpb_row vc_row-fluid\">\n<div class=\"wpb_column vc_column_container vc_col-sm-12 vc_hidden-sm vc_hidden-xs\">\n<div class=\"vc_column-inner\">\n<div class=\"wpb_wrapper\">\n<div class=\"vc_tta-container\" data-vc-action=\"collapse\">\n<div class=\"vc_general vc_tta vc_tta-tabs vc_tta-color-grey vc_tta-style-classic vc_tta-shape-rounded vc_tta-spacing-1 vc_tta-tabs-position-top vc_tta-controls-align-left\">\n<div class=\"vc_tta-tabs-container\">\n<ul class=\"vc_tta-tabs-list\">\n<li class=\"vc_tta-tab vc_active\" data-vc-tab=\"\"><a href=\"https:\/\/jv-technoton.com\/products\/dut-e\/#1623934714867-51b4cb1e-7d8f\" data-vc-tabs=\"\" data-vc-container=\".vc_tta\" target=\"_blank\" rel=\"noopener\"><span class=\"vc_tta-title-text\"><span>Especificaci\u00f3n<\/span><\/span><\/a><\/li>\n<li class=\"vc_tta-tab\" data-vc-tab=\"\"><a href=\"https:\/\/jv-technoton.com\/products\/dut-e\/#1623934714909-ec89056d-5432\" data-vc-tabs=\"\" data-vc-container=\".vc_tta\" target=\"_blank\" rel=\"noopener\"><span class=\"vc_tta-title-text\"><span>Modelos<\/span><\/span><\/a><\/li>\n<li class=\"vc_tta-tab\" data-vc-tab=\"\"><a href=\"https:\/\/jv-technoton.com\/products\/dut-e\/#1623934718662-819ffd61-6c34\" data-vc-tabs=\"\" data-vc-container=\".vc_tta\" target=\"_blank\" rel=\"noopener\"><span class=\"vc_tta-title-text\"><span>Documentos del producto<\/span><\/span><\/a><\/li>\n<li class=\"vc_tta-tab\" data-vc-tab=\"\"><a href=\"https:\/\/jv-technoton.com\/products\/dut-e\/#1623934721228-052faf4f-7e13\" data-vc-tabs=\"\" data-vc-container=\".vc_tta\" target=\"_blank\" rel=\"noopener\"><span class=\"vc_tta-title-text\"><span>Certificados<\/span><\/span><\/a><\/li>\n<\/ul>\n<\/div>\n<div class=\"vc_tta-panels-container\">\n<div class=\"vc_tta-panels\">\n<div id=\"1623934714867-51b4cb1e-7d8f\" class=\"vc_tta-panel vc_active\" data-vc-content=\".vc_tta-panel-body\">\n<div class=\"vc_tta-panel-body\">\n<div class=\"wpb_text_column wpb_content_element \">\n<div class=\"wpb_wrapper\">\n<table border=\"0\" cellspacing=\"1\" cellpadding=\"1\" align=\"left\">\n<tbody>\n<tr>\n<td><span>Principio de operaci\u00f3n<\/span><\/td>\n<td width=\"5%\"><\/td>\n<td width=\"55%\"><span>capacitivo<\/span><\/td>\n<\/tr>\n<tr>\n<td><span>Inexactitud de la medici\u00f3n, %, no m\u00e1s de<\/span><\/td>\n<td width=\"5%\"><\/td>\n<td width=\"55%\"><span>0,2 para tanques de combustible estacionarios y veh\u00edculos parados;<\/span><br \/>\n<span>1 para veh\u00edculos en movimiento<\/span><\/td>\n<\/tr>\n<tr>\n<td><span>Tensi\u00f3n de alimentaci\u00f3n, V<\/span><\/td>\n<td width=\"5%\"><\/td>\n<td width=\"55%\"><span>10-45<\/span><\/td>\n<\/tr>\n<tr>\n<td><span>Protecci\u00f3n contra sobretensi\u00f3n, V<\/span><\/td>\n<td width=\"5%\"><\/td>\n<td width=\"55%\"><span>hasta 100<\/span><\/td>\n<\/tr>\n<tr>\n<td><span>Temperatura de funcionamiento,\u00a0\u00a0<\/span><sup><span>\u043e<\/span><\/sup><span>\u00a0C<\/span><\/td>\n<td width=\"5%\"><\/td>\n<td width=\"55%\"><span>de -40 a +85<\/span><\/td>\n<\/tr>\n<tr>\n<td><span>Error de medici\u00f3n relativo (a la longitud de la parte de medici\u00f3n), %, no m\u00e1s de<\/span><\/td>\n<td width=\"5%\"><\/td>\n<td width=\"55%\"><span>\u00b11<\/span><\/td>\n<\/tr>\n<tr>\n<td><span>Se\u00f1al de salida<\/span><\/td>\n<td width=\"5%\"><\/td>\n<td width=\"55%\">\n<ul>\n<li><span>digital, puede j1939\/S6<\/span><\/li>\n<li><span>digital, RS 232 (protocolo DUT-E COM)<\/span><\/li>\n<li><span>RS 485 digital (protocolo DUT-E COM)<\/span><\/li>\n<li><span>salida de frecuencia anal\u00f3gica 1-9 V \/ 500-1500 Hz;<\/span><\/li>\n<\/ul>\n<p><span>* \u2013 otras salidas tambi\u00e9n est\u00e1n disponibles bajo pedido<\/span><\/td>\n<\/tr>\n<tr>\n<td><span>Longitud est\u00e1ndar, mm<\/span><\/td>\n<td width=\"5%\"><\/td>\n<td width=\"55%\"><span>\u00a0350, 700, 1000<\/span><\/td>\n<\/tr>\n<tr>\n<td><\/td>\n<td width=\"5%\"><\/td>\n<td width=\"55%\"><\/td>\n<\/tr>\n<\/tbody>\n<\/table>\n<\/div>\n<\/div>\n<\/div>\n<\/div>\n<div id=\"1623934714909-ec89056d-5432\" class=\"vc_tta-panel\" data-vc-content=\".vc_tta-panel-body\"><\/div>\n<div id=\"1623934718662-819ffd61-6c34\" class=\"vc_tta-panel\" data-vc-content=\".vc_tta-panel-body\"><\/div>\n<div id=\"1623934721228-052faf4f-7e13\" class=\"vc_tta-panel\" data-vc-content=\".vc_tta-panel-body\"><\/div>\n<\/div>\n<\/div>\n<\/div>\n<\/div>\n<\/div>\n<\/div>\n<\/div>\n<\/div>\n<div class=\"vc_row wpb_row vc_row-fluid vc_custom_1633602206983 vc_row-has-fill\" data-vc-full-width=\"true\" data-vc-full-width-init=\"true\" data-vc-stretch-content=\"true\"><\/div>\n<div class=\"vc_row-full-width vc_clearfix\"><\/div>\n<div class=\"vc_row wpb_row vc_row-fluid\"><\/div>\n<div class=\"vc_row wpb_row vc_row-fluid\" data-vc-full-width=\"true\" data-vc-full-width-init=\"true\">\n<div class=\"wpb_column vc_column_container vc_col-sm-3\">\n<div class=\"vc_column-inner\">\n<div class=\"wpb_wrapper\"><\/div>\n<\/div>\n<\/div>\n<div class=\"wpb_column vc_column_container vc_col-sm-3\">\n<div class=\"vc_column-inner\">\n<div class=\"wpb_wrapper\">\n<div class=\"ult-spacer spacer-651c25e244ce4\" data-id=\"651c25e244ce4\" data-height=\"40\" data-height-mobile=\"20\" data-height-tab=\"20\" data-height-tab-portrait=\"20\" data-height-mobile-landscape=\"20\"><\/div>\n<div class=\"wpb_raw_code wpb_content_element wpb_raw_html\">\n<div class=\"wpb_wrapper\"><a href=\"https:\/\/www.jv-technoton.com\/products\/fuel-level-sensors\/request-for-fuel-level-sensors\/\" target=\"_blank\" rel=\"noopener\"><button class=\"bttn_r bttn_12\"><span>Seleccionar sensor<\/span><\/button><\/a><\/div>\n<\/div>\n<div class=\"ult-spacer spacer-651c25e244e23\" data-id=\"651c25e244e23\" data-height=\"40\" data-height-mobile=\"20\" data-height-tab=\"20\" data-height-tab-portrait=\"20\" data-height-mobile-landscape=\"20\"><\/div>\n<\/div>\n<\/div>\n<\/div>\n<div class=\"wpb_column vc_column_container vc_col-sm-3\">\n<div class=\"vc_column-inner\">\n<div class=\"wpb_wrapper\">\n<div class=\"ult-spacer spacer-651c25e244fcf\" data-id=\"651c25e244fcf\" data-height=\"40\" data-height-mobile=\"20\" data-height-tab=\"20\" data-height-tab-portrait=\"20\" data-height-mobile-landscape=\"20\"><\/div>\n<div class=\"wpb_raw_code wpb_content_element wpb_raw_html\">\n<div class=\"wpb_wrapper\"><a href=\"https:\/\/www.jv-technoton.com\/telematics-product-customization-odm\/\" target=\"_blank\" rel=\"noopener\"><button class=\"bttn_r bttn_02\"><span>Personalizaci\u00f3n del producto<\/span><\/button><\/a><\/div>\n<\/div>\n<div class=\"ult-spacer spacer-651c25e2450f4\" data-id=\"651c25e2450f4\" data-height=\"40\" data-height-mobile=\"20\" data-height-tab=\"20\" data-height-tab-portrait=\"20\" data-height-mobile-landscape=\"20\"><\/div>\n<\/div>\n<\/div>\n<\/div>\n<div class=\"wpb_column vc_column_container vc_col-sm-3\">\n<div class=\"vc_column-inner\">\n<div class=\"wpb_wrapper\"><\/div>\n<\/div>\n<\/div>\n<\/div>\n<div class=\"vc_row-full-width vc_clearfix\"><\/div>\n<div class=\"vc_row wpb_row vc_row-fluid vc_custom_1615529094816 vc_row-has-fill\" data-vc-full-width=\"true\" data-vc-full-width-init=\"true\">\n<div class=\"wpb_column vc_column_container vc_col-sm-12\">\n<div class=\"vc_column-inner\">\n<div class=\"wpb_wrapper\">\n<div class=\"vc_row wpb_row vc_inner vc_row-fluid\">\n<div class=\"wpb_column vc_column_container vc_col-sm-12\">\n<div class=\"vc_column-inner\">\n<div class=\"wpb_wrapper\"><\/div>\n<\/div>\n<\/div>\n<\/div>\n<\/div>\n<\/div>\n<\/div>\n<\/div>\n<\/div>\n","protected":false},"excerpt":{"rendered":"<p>El sensor de nivel de combustible DUT-E se utiliza para medir con precisi\u00f3n el nivel y el volumen de combustible en tanques de veh\u00edculos y unidades estacionarias.\u00a0DUT-E permite determinar el volumen de combustible actual y el cambio [&hellip;]<\/p>\n","protected":false},"featured_media":2729,"comment_status":"open","ping_status":"closed","template":"","meta":[],"product_cat":[95],"product_tag":[],"class_list":["post-2727","product","type-product","status-publish","has-post-thumbnail","hentry","product_cat-soluciones-telematicas"],"_links":{"self":[{"href":"https:\/\/smartfluid.cl\/index.php\/wp-json\/wp\/v2\/product\/2727","targetHints":{"allow":["GET"]}}],"collection":[{"href":"https:\/\/smartfluid.cl\/index.php\/wp-json\/wp\/v2\/product"}],"about":[{"href":"https:\/\/smartfluid.cl\/index.php\/wp-json\/wp\/v2\/types\/product"}],"replies":[{"embeddable":true,"href":"https:\/\/smartfluid.cl\/index.php\/wp-json\/wp\/v2\/comments?post=2727"}],"wp:featuredmedia":[{"embeddable":true,"href":"https:\/\/smartfluid.cl\/index.php\/wp-json\/wp\/v2\/media\/2729"}],"wp:attachment":[{"href":"https:\/\/smartfluid.cl\/index.php\/wp-json\/wp\/v2\/media?parent=2727"}],"wp:term":[{"taxonomy":"product_cat","embeddable":true,"href":"https:\/\/smartfluid.cl\/index.php\/wp-json\/wp\/v2\/product_cat?post=2727"},{"taxonomy":"product_tag","embeddable":true,"href":"https:\/\/smartfluid.cl\/index.php\/wp-json\/wp\/v2\/product_tag?post=2727"}],"curies":[{"name":"wp","href":"https:\/\/api.w.org\/{rel}","templated":true}]}}