{"id":2730,"date":"2023-10-06T01:01:22","date_gmt":"2023-10-05T22:01:22","guid":{"rendered":"https:\/\/smartfluid.cl\/?post_type=product&#038;p=2730"},"modified":"2023-10-06T01:01:22","modified_gmt":"2023-10-05T22:01:22","slug":"medidor-de-flujo-de-combustible-2","status":"publish","type":"product","link":"https:\/\/smartfluid.cl\/index.php\/producto\/medidor-de-flujo-de-combustible-2\/","title":{"rendered":"medidor de flujo de combustible"},"content":{"rendered":"<div class=\"wpb_text_column wpb_content_element \">\n<div class=\"wpb_wrapper\">\n<p><span>DFM est\u00e1 dise\u00f1ado para medir el consumo de combustible en l\u00edneas de combustible de veh\u00edculos y m\u00e1quinas estacionarias, tambi\u00e9n para monitorear el tiempo de funcionamiento en diferentes modos de trabajo del motor.<\/span><\/p>\n<p><span>El medidor de flujo de combustible DFM se utiliza para medir el consumo de los siguientes fluidos:<\/span><\/p>\n<ul>\n<li><span>combustible diesel<\/span><\/li>\n<li><span>aceite de calefaccion<\/span><\/li>\n<li><span>otros combustibles l\u00edquidos y aceites minerales con una viscosidad cinem\u00e1tica de 1,5 a 6 mm\u00a0<\/span><sup><span>2<\/span><\/sup><span>\u00a0\/s.<\/span><\/li>\n<\/ul>\n<p><span>DFM es una herramienta para la medici\u00f3n directa del consumo de combustible, que se utiliza como parte del sistema de seguimiento GPS, el sistema telem\u00e1tico del veh\u00edculo o como una soluci\u00f3n independiente (aut\u00f3noma) para el seguimiento del consumo de combustible.<\/span><\/p>\n<p><span>Los medidores de flujo de combustible DFM de una c\u00e1mara est\u00e1n destinados principalmente a motores peque\u00f1os y medianos con sistema de inyecci\u00f3n indirecta de combustible.<\/span><\/p>\n<\/div>\n<\/div>\n<div class=\"wpb_text_column wpb_content_element  vc_custom_1625138143927\">\n<div class=\"wpb_wrapper\">\n<div><img fetchpriority=\"high\" decoding=\"async\" class=\"alignnone size-full wp-image-56588\" title=\"Medidor de flujo de combustible diesel\" src=\"https:\/\/jv-technoton.com\/wp-content\/uploads\/2020\/07\/diesel-fuel-flow-meter.jpg\" sizes=\"(max-width: 1699px) 100vw, 1699px\" srcset=\"https:\/\/jv-technoton.com\/wp-content\/uploads\/2020\/07\/diesel-fuel-flow-meter.jpg 1699w, https:\/\/jv-technoton.com\/wp-content\/uploads\/2020\/07\/diesel-fuel-flow-meter-300x176.jpg 300w, https:\/\/jv-technoton.com\/wp-content\/uploads\/2020\/07\/diesel-fuel-flow-meter-1024x600.jpg 1024w, https:\/\/jv-technoton.com\/wp-content\/uploads\/2020\/07\/diesel-fuel-flow-meter-768x450.jpg 768w, https:\/\/jv-technoton.com\/wp-content\/uploads\/2020\/07\/diesel-fuel-flow-meter-1536x900.jpg 1536w\" alt=\"Medidor de flujo de combustible diesel\" width=\"1699\" height=\"995\" \/><\/div>\n<\/div>\n<\/div>\n<div class=\"wpb_text_column wpb_content_element \">\n<div class=\"wpb_wrapper\">\n<h2><span>Tareas<\/span><\/h2>\n<\/div>\n<\/div>\n<div class=\"wpb_text_column wpb_content_element \">\n<div class=\"wpb_wrapper\">\n<div class=\"icon_vert\"><img decoding=\"async\" title=\"Prevenir robos de combustible\" src=\"https:\/\/jv-technoton.com\/wp-content\/uploads\/2019\/06\/predotvraschenie-hishcheniya.png\" width=\"50\" \/><span>Prevenir el robo de combustible<\/span><\/div>\n<div class=\"icon_vert\"><a href=\"https:\/\/jv-technoton.com\/fuel-consumption-monitoring\/\" target=\"_blank\" rel=\"noopener\"><img decoding=\"async\" title=\"Monitoreo del consumo de combustible\" src=\"https:\/\/jv-technoton.com\/wp-content\/uploads\/2019\/07\/002.png\" width=\"50\" \/><\/a><a href=\"https:\/\/jv-technoton.com\/fuel-consumption-monitoring\/\" target=\"_blank\" rel=\"noopener\"><span>Monitoreo del consumo de combustible<\/span><\/a><\/div>\n<div class=\"icon_vert\"><img decoding=\"async\" title=\"Pruebas del motor para el consumo de combustible.\" src=\"https:\/\/jv-technoton.com\/wp-content\/uploads\/2019\/06\/optimizaciya-tehobsluzivaniya.png\" width=\"50\" \/><span>Pruebas del motor para el consumo de combustible.<\/span><\/div>\n<div class=\"icon_vert\"><img decoding=\"async\" class=\"alignnone\" title=\"Seguimiento del tiempo de funcionamiento de la m\u00e1quina\" src=\"https:\/\/jv-technoton.com\/wp-content\/uploads\/2019\/07\/001.png\" alt=\"Seguimiento del tiempo de funcionamiento de la m\u00e1quina\" width=\"50\" height=\"50\" \/><span>Seguimiento del tiempo de funcionamiento de la m\u00e1quina<\/span><\/div>\n<\/div>\n<\/div>\n","protected":false},"excerpt":{"rendered":"<p>DFM est\u00e1 dise\u00f1ado para medir el consumo de combustible en l\u00edneas de combustible de veh\u00edculos y m\u00e1quinas estacionarias, tambi\u00e9n para monitorear el tiempo de funcionamiento en diferentes modos de trabajo del motor. El medidor de flujo de [&hellip;]<\/p>\n","protected":false},"featured_media":2731,"comment_status":"open","ping_status":"closed","template":"","meta":[],"product_cat":[95],"product_tag":[],"class_list":["post-2730","product","type-product","status-publish","has-post-thumbnail","hentry","product_cat-soluciones-telematicas"],"_links":{"self":[{"href":"https:\/\/smartfluid.cl\/index.php\/wp-json\/wp\/v2\/product\/2730","targetHints":{"allow":["GET"]}}],"collection":[{"href":"https:\/\/smartfluid.cl\/index.php\/wp-json\/wp\/v2\/product"}],"about":[{"href":"https:\/\/smartfluid.cl\/index.php\/wp-json\/wp\/v2\/types\/product"}],"replies":[{"embeddable":true,"href":"https:\/\/smartfluid.cl\/index.php\/wp-json\/wp\/v2\/comments?post=2730"}],"wp:featuredmedia":[{"embeddable":true,"href":"https:\/\/smartfluid.cl\/index.php\/wp-json\/wp\/v2\/media\/2731"}],"wp:attachment":[{"href":"https:\/\/smartfluid.cl\/index.php\/wp-json\/wp\/v2\/media?parent=2730"}],"wp:term":[{"taxonomy":"product_cat","embeddable":true,"href":"https:\/\/smartfluid.cl\/index.php\/wp-json\/wp\/v2\/product_cat?post=2730"},{"taxonomy":"product_tag","embeddable":true,"href":"https:\/\/smartfluid.cl\/index.php\/wp-json\/wp\/v2\/product_tag?post=2730"}],"curies":[{"name":"wp","href":"https:\/\/api.w.org\/{rel}","templated":true}]}}