{"id":2742,"date":"2023-10-06T01:18:50","date_gmt":"2023-10-05T22:18:50","guid":{"rendered":"https:\/\/smartfluid.cl\/?post_type=product&#038;p=2742"},"modified":"2023-10-06T01:18:51","modified_gmt":"2023-10-05T22:18:51","slug":"lector-de-bus-sin-contacto-j1708-sae-j1587","status":"publish","type":"product","link":"https:\/\/smartfluid.cl\/index.php\/producto\/lector-de-bus-sin-contacto-j1708-sae-j1587\/","title":{"rendered":"Lector de bus sin contacto J1708 (SAE J1587)"},"content":{"rendered":"<div class=\"wpb_text_column wpb_content_element \">\n<div class=\"wpb_wrapper\">\n<p><span>Lector de bus sin contacto J1708 (SAE J1587),\u00a0 1708Crocodile est\u00e1 dise\u00f1ado para la lectura segura de datos del bus J1708 (SAE J1587) de veh\u00edculos. El lector sin contacto se utiliza en la telem\u00e1tica del veh\u00edculo y en los sistemas de seguimiento GPS para recibir varios par\u00e1metros del funcionamiento del veh\u00edculo desde el autob\u00fas: velocidad, RPM, presi\u00f3n y temperatura del aceite, volumen y consumo de combustible, etc.<\/span><\/p>\n<p><span>La lectura de datos se realiza sin conexi\u00f3n el\u00e9ctrica y sin da\u00f1ar los cables.\u00a01708Crocodile funciona \u00fanicamente en modo \u00abescuchar\u00bb, es decir, no cambia los mensajes originales J1708 y no env\u00eda ninguna se\u00f1al al CANbus.<\/span><\/p>\n<\/div>\n<\/div>\n<div class=\"wpb_text_column wpb_content_element  vc_custom_1625476066071\">\n<div class=\"wpb_wrapper\">\n<div><img fetchpriority=\"high\" decoding=\"async\" class=\"alignnone size-full wp-image-35601\" title=\"Conector SAE J1587 \/ J1708\" src=\"https:\/\/jv-technoton.com\/wp-content\/uploads\/2020\/05\/kanal-sae-j1587j1708.jpg\" alt=\"Conector SAE J1587 \/ J1708\" width=\"1795\" height=\"1200\" \/><\/div>\n<\/div>\n<\/div>\n<div class=\"wpb_text_column wpb_content_element \">\n<div class=\"wpb_wrapper\">\n<h2><span>Objetivos<\/span><\/h2>\n<\/div>\n<\/div>\n<div class=\"wpb_text_column wpb_content_element \">\n<div class=\"wpb_wrapper\">\n<div class=\"icon_vert\"><img decoding=\"async\" class=\"wp-image-926 size-full alignnone\" title=\"Control del tiempo del motor seg\u00fan datos J1708\" src=\"https:\/\/jv-technoton.com\/wp-content\/uploads\/2020\/01\/003.png\" alt=\"Control del tiempo del motor seg\u00fan datos J1708\" width=\"46\" height=\"33\" \/><span>Control del tiempo del motor seg\u00fan datos J1708\u00a0<\/span><\/div>\n<div class=\"icon_vert\"><img decoding=\"async\" class=\"wp-image-930 alignnone\" title=\"Monitoreo del consumo de combustible a partir de datos de 1708 autobuses\" src=\"https:\/\/jv-technoton.com\/wp-content\/uploads\/2019\/06\/predotvraschenie-hishcheniya.png\" alt=\"Monitoreo del consumo de combustible a partir de datos de 1708 autobuses\" width=\"46\" height=\"33\" \/><span>Monitoreo del consumo de combustible a partir de datos de 1708 autobuses<\/span><\/div>\n<div class=\"icon_vert\"><img loading=\"lazy\" decoding=\"async\" class=\"wp-image-926 size-full alignnone\" title=\"Lectura de par\u00e1metros del motor desde el bus J1708\" src=\"https:\/\/jv-technoton.com\/wp-content\/uploads\/2020\/01\/005.png\" alt=\"Lectura de par\u00e1metros del motor desde el bus J1708\" width=\"46\" height=\"33\" \/><span>Lectura de par\u00e1metros del motor desde el bus J1708<\/span><\/div>\n<\/div>\n<\/div>\n","protected":false},"excerpt":{"rendered":"<p>Lector de bus sin contacto J1708 (SAE J1587),\u00a0 1708Crocodile est\u00e1 dise\u00f1ado para la lectura segura de datos del bus J1708 (SAE J1587) de veh\u00edculos. El lector sin contacto se utiliza en la telem\u00e1tica del veh\u00edculo y en [&hellip;]<\/p>\n","protected":false},"featured_media":2743,"comment_status":"open","ping_status":"closed","template":"","meta":[],"product_cat":[96],"product_tag":[],"class_list":["post-2742","product","type-product","status-publish","has-post-thumbnail","hentry","product_cat-lectores-sin-contacto"],"_links":{"self":[{"href":"https:\/\/smartfluid.cl\/index.php\/wp-json\/wp\/v2\/product\/2742","targetHints":{"allow":["GET"]}}],"collection":[{"href":"https:\/\/smartfluid.cl\/index.php\/wp-json\/wp\/v2\/product"}],"about":[{"href":"https:\/\/smartfluid.cl\/index.php\/wp-json\/wp\/v2\/types\/product"}],"replies":[{"embeddable":true,"href":"https:\/\/smartfluid.cl\/index.php\/wp-json\/wp\/v2\/comments?post=2742"}],"wp:featuredmedia":[{"embeddable":true,"href":"https:\/\/smartfluid.cl\/index.php\/wp-json\/wp\/v2\/media\/2743"}],"wp:attachment":[{"href":"https:\/\/smartfluid.cl\/index.php\/wp-json\/wp\/v2\/media?parent=2742"}],"wp:term":[{"taxonomy":"product_cat","embeddable":true,"href":"https:\/\/smartfluid.cl\/index.php\/wp-json\/wp\/v2\/product_cat?post=2742"},{"taxonomy":"product_tag","embeddable":true,"href":"https:\/\/smartfluid.cl\/index.php\/wp-json\/wp\/v2\/product_tag?post=2742"}],"curies":[{"name":"wp","href":"https:\/\/api.w.org\/{rel}","templated":true}]}}