{"id":2760,"date":"2023-10-06T01:57:57","date_gmt":"2023-10-05T22:57:57","guid":{"rendered":"https:\/\/smartfluid.cl\/?post_type=product&#038;p=2760"},"modified":"2023-10-06T01:57:58","modified_gmt":"2023-10-05T22:57:58","slug":"convertidores-de-datos-mastercan","status":"publish","type":"product","link":"https:\/\/smartfluid.cl\/index.php\/producto\/convertidores-de-datos-mastercan\/","title":{"rendered":"Convertidores de datos MasterCAN"},"content":{"rendered":"<div class=\"vc_row wpb_row vc_row-fluid vc_row-o-equal-height vc_row-flex\" data-vc-full-width=\"true\" data-vc-full-width-init=\"true\">\n<div class=\"wpb_column vc_column_container vc_col-sm-6\">\n<div class=\"vc_column-inner vc_custom_1625576188115\">\n<div class=\"wpb_wrapper\">\n<div class=\"wpb_text_column wpb_content_element  vc_custom_1625576207211\">\n<div class=\"wpb_wrapper\">\n<p><span>El conversor de datos MasterCAN es una herramienta de interfaz y transformaci\u00f3n entre los est\u00e1ndares de comunicaci\u00f3n CAN J1939\/71, J1708 (SAE J1587) y RS-485\/232 (Modbus RTU), dise\u00f1ada para telem\u00e1tica vehicular (seguimiento de veh\u00edculos por GPS) y automatizaci\u00f3n industrial (IIoT).<\/span><\/p>\n<p><span>El convertidor de datos MasterCAN se utiliza para integrar sensores y perif\u00e9ricos con diferentes interfaces en un \u00fanico sistema telem\u00e1tico y\/o de gesti\u00f3n remota, filtrando mensajes J1939\/71 y Modbus y simplificando la configuraci\u00f3n de una unidad terminal: rastreador, controlador, pantalla.<\/span><\/p>\n<p><span>Hay diferentes modelos de convertidor de datos MasterCAN disponibles;\u00a0<\/span><a href=\"https:\/\/jv-technoton.com\/products\/data-converter\/#anchor_models\" target=\"_blank\" rel=\"noopener\"><span>consulte la lista de modelos a continuaci\u00f3n.<\/span><\/a><\/p>\n<\/div>\n<\/div>\n<div class=\"wpb_text_column wpb_content_element  vc_custom_1625576342014\">\n<div class=\"wpb_wrapper\">\n<h2><span>Tareas<\/span><\/h2>\n<\/div>\n<\/div>\n<div class=\"wpb_text_column wpb_content_element  vc_custom_1625576375205\">\n<div class=\"wpb_wrapper\">\n<ul>\n<li><span>Convierta datos entre interfaces CAN J1939, RS-232, RS-485<\/span><\/li>\n<li><span>Traducir mensajes de los est\u00e1ndares J1939\/71, FMS, ISObus, J1708, Modbus RTU<\/span><\/li>\n<li><span>Transformar par\u00e1metros del bus J1708 a J1939\/71 y RS-232 (ASCII, Modbus RTU)<\/span><\/li>\n<\/ul>\n<\/div>\n<\/div>\n<div class=\"ult-spacer spacer-651c16b3ed80b\" data-id=\"651c16b3ed80b\" data-height=\"40\" data-height-mobile=\"40\" data-height-tab=\"40\" data-height-tab-portrait=\"40\" data-height-mobile-landscape=\"40\"><\/div>\n<div class=\"wpb_raw_code wpb_content_element wpb_raw_html\">\n<div class=\"wpb_wrapper\"><a href=\"https:\/\/www.jv-technoton.com\/products\/can-bus-tools\/can-bus-tools-inquiry\/\" target=\"_blank\" rel=\"noopener\"><button class=\"bttn_r bttn_17\"><span>Obtener cotizaci\u00f3n<\/span><\/button><\/a><\/div>\n<\/div>\n<\/div>\n<\/div>\n<\/div>\n<\/div>\n<div class=\"vc_row-full-width vc_clearfix\"><\/div>\n<div class=\"vc_row wpb_row vc_row-fluid vc_custom_1615536240400 vc_row-has-fill\" data-vc-full-width=\"true\" data-vc-full-width-init=\"true\">\n<div class=\"wpb_column vc_column_container vc_col-sm-12\">\n<div class=\"vc_column-inner\">\n<div class=\"wpb_wrapper\"><\/div>\n<\/div>\n<\/div>\n<\/div>\n","protected":false},"excerpt":{"rendered":"<p>Convertidores de datos MasterCAN<\/p>\n","protected":false},"featured_media":2761,"comment_status":"open","ping_status":"closed","template":"","meta":[],"product_cat":[95],"product_tag":[],"class_list":["post-2760","product","type-product","status-publish","has-post-thumbnail","hentry","product_cat-soluciones-telematicas"],"_links":{"self":[{"href":"https:\/\/smartfluid.cl\/index.php\/wp-json\/wp\/v2\/product\/2760","targetHints":{"allow":["GET"]}}],"collection":[{"href":"https:\/\/smartfluid.cl\/index.php\/wp-json\/wp\/v2\/product"}],"about":[{"href":"https:\/\/smartfluid.cl\/index.php\/wp-json\/wp\/v2\/types\/product"}],"replies":[{"embeddable":true,"href":"https:\/\/smartfluid.cl\/index.php\/wp-json\/wp\/v2\/comments?post=2760"}],"wp:featuredmedia":[{"embeddable":true,"href":"https:\/\/smartfluid.cl\/index.php\/wp-json\/wp\/v2\/media\/2761"}],"wp:attachment":[{"href":"https:\/\/smartfluid.cl\/index.php\/wp-json\/wp\/v2\/media?parent=2760"}],"wp:term":[{"taxonomy":"product_cat","embeddable":true,"href":"https:\/\/smartfluid.cl\/index.php\/wp-json\/wp\/v2\/product_cat?post=2760"},{"taxonomy":"product_tag","embeddable":true,"href":"https:\/\/smartfluid.cl\/index.php\/wp-json\/wp\/v2\/product_tag?post=2760"}],"curies":[{"name":"wp","href":"https:\/\/api.w.org\/{rel}","templated":true}]}}