{"id":2766,"date":"2023-10-06T02:04:33","date_gmt":"2023-10-05T23:04:33","guid":{"rendered":"https:\/\/smartfluid.cl\/?post_type=product&#038;p=2766"},"modified":"2023-10-06T02:04:34","modified_gmt":"2023-10-05T23:04:34","slug":"pasarela-telematica","status":"publish","type":"product","link":"https:\/\/smartfluid.cl\/index.php\/producto\/pasarela-telematica\/","title":{"rendered":"Pasarela telem\u00e1tica"},"content":{"rendered":"<div class=\"vc_row wpb_row vc_row-fluid vc_row-o-equal-height vc_row-flex\" data-vc-full-width=\"true\" data-vc-full-width-init=\"true\">\n<div class=\"wpb_column vc_column_container vc_col-sm-6\">\n<div class=\"vc_column-inner vc_custom_1624988806016\">\n<div class=\"wpb_wrapper\">\n<div class=\"wpb_text_column wpb_content_element  vc_custom_1626765117959\">\n<div class=\"wpb_wrapper\">\n<p><span>La puerta de enlace telem\u00e1tica CANUp est\u00e1 dise\u00f1ada para identificar y registrar una gran cantidad de par\u00e1metros de operaci\u00f3n de maquinaria.\u00a0CANUp se emplea en telem\u00e1tica y rastreo GPS de veh\u00edculos, tambi\u00e9n para sistemas remotos de monitoreo de objetos estacionarios para:<\/span><\/p>\n<ul>\n<li><span>recopilar y analizar datos de sensores telem\u00e1ticos adicionales,<\/span><\/li>\n<li><span>escanea y analiza autom\u00e1ticamente mensajes J1939\/71 e ISOBUS,<\/span><\/li>\n<li><span>integrar mensajes de interfaces J1708 y Modbus RTU,<\/span><\/li>\n<li><span>rastrear la posici\u00f3n del objeto a trav\u00e9s de GPS y GLONASS,<\/span><\/li>\n<li><span>generar y enviar informes de operaci\u00f3n v\u00eda 2G, 3G, LTE (4G) o Wi-Fi.<\/span><\/li>\n<\/ul>\n<\/div>\n<\/div>\n<div class=\"ult-spacer spacer-651c177be391d\" data-id=\"651c177be391d\" data-height=\"10\" data-height-mobile=\"10\" data-height-tab=\"10\" data-height-tab-portrait=\"\" data-height-mobile-landscape=\"\"><\/div>\n<div class=\"wpb_text_column wpb_content_element  vc_custom_1626765248199\">\n<div class=\"wpb_wrapper\">\n<p><span>Caracter\u00edstica principal de la puerta de enlace CANUp: utilizaci\u00f3n de m\u00e9todos de computaci\u00f3n de borde\/niebla, que permiten detectar m\u00e1s de 10,000 par\u00e1metros posibles de operaci\u00f3n del veh\u00edculo o equipo y enviar informes de operaci\u00f3n generados a un servidor telem\u00e1tico basado en web y directamente a un usuario a trav\u00e9s de correo electr\u00f3nico y SMS.<\/span><\/p>\n<\/div>\n<\/div>\n<div class=\"wpb_raw_code wpb_content_element wpb_raw_html\">\n<div class=\"wpb_wrapper\">\n<div><img fetchpriority=\"high\" decoding=\"async\" src=\"https:\/\/jv-technoton.com\/wp-content\/uploads\/2021\/07\/telematics_gateway.png\" alt=\"Pasarela telem\u00e1tica\" width=\"600\" height=\"344\" \/><\/div>\n<\/div>\n<\/div>\n<\/div>\n<\/div>\n<\/div>\n<\/div>\n<div class=\"vc_row-full-width vc_clearfix\"><\/div>\n<div class=\"vc_row wpb_row vc_row-fluid vc_custom_1625571377388 vc_row-has-fill vc_row-o-content-middle vc_row-flex\" data-vc-full-width=\"true\" data-vc-full-width-init=\"true\">\n<div class=\"wpb_column vc_column_container vc_col-sm-12\">\n<div class=\"vc_column-inner\">\n<div class=\"wpb_wrapper\">\n<div class=\"wpb_text_column wpb_content_element \">\n<div class=\"wpb_wrapper\">\n<h2><span>M\u00e1s de 10 000 par\u00e1metros telem\u00e1ticos<\/span><\/h2>\n<\/div>\n<\/div>\n<\/div>\n<\/div>\n<\/div>\n<\/div>\n<div class=\"vc_row-full-width vc_clearfix\"><\/div>\n<div class=\"vc_row wpb_row vc_row-fluid vc_custom_1625566009668 vc_row-o-content-middle vc_row-flex\" data-vc-full-width=\"true\" data-vc-full-width-init=\"true\">\n<div class=\"wpb_column vc_column_container vc_col-sm-12\">\n<div class=\"vc_column-inner\">\n<div class=\"wpb_wrapper\">\n<div class=\"wpb_text_column wpb_content_element \">\n<div class=\"wpb_wrapper\">\n<p><span>La puerta de enlace telem\u00e1tica CANUp est\u00e1 dise\u00f1ada para medir los par\u00e1metros operativos de veh\u00edculos y equipos e informar sobre su rendimiento.\u00a0<\/span><a href=\"https:\/\/jv-technoton.com\/solutions\/\" target=\"_blank\" rel=\"noopener\"><span>Las soluciones telem\u00e1ticas de maquinaria<\/span><\/a><span>\u00a0avanzada\u00a0se fabrican para embarcaciones mar\u00edtimas y fluviales, m\u00e1quinas ferroviarias, equipos de miner\u00eda y canteras, equipos de extracci\u00f3n de petr\u00f3leo y gas, maquinaria agr\u00edcola, camiones de combustible, generadores de energ\u00eda di\u00e9sel, calderas\/calentadores, gasolineras corporativas y otros objetos m\u00f3viles y estacionarios. .<\/span><\/p>\n<p><span>La maquinaria avanzada se caracteriza por m\u00faltiples puntos de monitoreo y control de operaci\u00f3n: uno o varios motores y tanques de combustible, equipos adjuntos o especiales (generador de vapor, pluma de gr\u00faa, brazo de gr\u00faa, pala, etc.), sensores y transmisores anal\u00f3gicos est\u00e1ndar, varios buses de datos digitales. e interfaces.<\/span><\/p>\n<\/div>\n<\/div>\n<\/div>\n<\/div>\n<\/div>\n<\/div>\n<div class=\"vc_row-full-width vc_clearfix\"><\/div>\n<div class=\"vc_row wpb_row vc_row-fluid vc_custom_1625566009668 vc_row-o-content-middle vc_row-flex\" data-vc-full-width=\"true\" data-vc-full-width-init=\"true\">\n<div class=\"wpb_column vc_column_container vc_col-sm-12 vc_hidden-sm vc_hidden-xs\">\n<div class=\"vc_column-inner\">\n<div class=\"wpb_wrapper\">\n<div class=\"wpb_raw_code wpb_content_element wpb_raw_html\">\n<div class=\"wpb_wrapper\"><iframe src=\"https:\/\/jv-technoton.com\/data\/animation\/can_up_eng\/\" data-mce-fragment=\"1\"><\/iframe><\/div>\n<\/div>\n<\/div>\n<\/div>\n<\/div>\n<\/div>\n<div class=\"vc_row-full-width vc_clearfix\"><\/div>\n<div class=\"vc_row wpb_row vc_row-fluid vc_custom_1625566009668 vc_row-o-content-middle vc_row-flex\" data-vc-full-width=\"true\" data-vc-full-width-init=\"true\"><\/div>\n<div class=\"vc_row-full-width vc_clearfix\"><\/div>\n<div class=\"vc_row wpb_row vc_row-fluid vc_custom_1625566009668 vc_row-o-content-middle vc_row-flex\" data-vc-full-width=\"true\" data-vc-full-width-init=\"true\">\n<div class=\"wpb_column vc_column_container vc_col-sm-12\">\n<div class=\"vc_column-inner\">\n<div class=\"wpb_wrapper\">\n<div class=\"ult-spacer spacer-651c177be4d3b\" data-id=\"651c177be4d3b\" data-height=\"20\" data-height-mobile=\"20\" data-height-tab=\"20\" data-height-tab-portrait=\"\" data-height-mobile-landscape=\"\"><\/div>\n<div class=\"wpb_text_column wpb_content_element \">\n<div class=\"wpb_wrapper\">\n<p><span>Por lo tanto, la unidad telem\u00e1tica para maquinaria avanzada deber\u00eda poder resolver una amplia gama de tareas.\u00a0Adem\u00e1s de recibir datos de\u00a0<\/span><a href=\"https:\/\/jv-technoton.com\/products\/\" target=\"_blank\" rel=\"noopener\"><span>sensores inteligentes adicionales para telem\u00e1tica<\/span><\/a><span>\u00a0y\u00a0<\/span><a href=\"https:\/\/jv-technoton.com\/products\/mastercan-dac\/\" target=\"_blank\" rel=\"noopener\"><span>transmisores de veh\u00edculos anal\u00f3gicos<\/span><\/a><span>\u00a0est\u00e1ndar , CANUp es capaz de escanear y analizar autom\u00e1ticamente CAN J1939\/71 e ISOBUS.\u00a0CANUp tambi\u00e9n puede recibir mensajes de las interfaces SEA J1578 (J1708) y Modbus RTU a trav\u00e9s del\u00a0<\/span><a href=\"https:\/\/jv-technoton.com\/products\/data-converter\/\" target=\"_blank\" rel=\"noopener\"><span>convertidor de datos MasterCAN<\/span><\/a><span>\u00a0.<\/span><\/p>\n<\/div>\n<\/div>\n<\/div>\n<\/div>\n<\/div>\n<\/div>\n","protected":false},"excerpt":{"rendered":"<p>Pasarela telem\u00e1tica<\/p>\n","protected":false},"featured_media":2767,"comment_status":"open","ping_status":"closed","template":"","meta":[],"product_cat":[95],"product_tag":[],"class_list":["post-2766","product","type-product","status-publish","has-post-thumbnail","hentry","product_cat-soluciones-telematicas"],"_links":{"self":[{"href":"https:\/\/smartfluid.cl\/index.php\/wp-json\/wp\/v2\/product\/2766","targetHints":{"allow":["GET"]}}],"collection":[{"href":"https:\/\/smartfluid.cl\/index.php\/wp-json\/wp\/v2\/product"}],"about":[{"href":"https:\/\/smartfluid.cl\/index.php\/wp-json\/wp\/v2\/types\/product"}],"replies":[{"embeddable":true,"href":"https:\/\/smartfluid.cl\/index.php\/wp-json\/wp\/v2\/comments?post=2766"}],"wp:featuredmedia":[{"embeddable":true,"href":"https:\/\/smartfluid.cl\/index.php\/wp-json\/wp\/v2\/media\/2767"}],"wp:attachment":[{"href":"https:\/\/smartfluid.cl\/index.php\/wp-json\/wp\/v2\/media?parent=2766"}],"wp:term":[{"taxonomy":"product_cat","embeddable":true,"href":"https:\/\/smartfluid.cl\/index.php\/wp-json\/wp\/v2\/product_cat?post=2766"},{"taxonomy":"product_tag","embeddable":true,"href":"https:\/\/smartfluid.cl\/index.php\/wp-json\/wp\/v2\/product_tag?post=2766"}],"curies":[{"name":"wp","href":"https:\/\/api.w.org\/{rel}","templated":true}]}}