{"id":3129,"date":"2024-05-23T18:36:57","date_gmt":"2024-05-23T15:36:57","guid":{"rendered":"https:\/\/smartfluid.cl\/?post_type=product&#038;p=3129"},"modified":"2024-05-23T18:36:58","modified_gmt":"2024-05-23T15:36:58","slug":"compresor-de-aire-de-tornillo-de-compresion-de-2-etapas-de-22-355-kw","status":"publish","type":"product","link":"https:\/\/smartfluid.cl\/index.php\/producto\/compresor-de-aire-de-tornillo-de-compresion-de-2-etapas-de-22-355-kw\/","title":{"rendered":"Compresor de aire de tornillo de compresi\u00f3n de 2 etapas de 22-355 kW"},"content":{"rendered":"<h1><span>Compresor de aire de tornillo de compresi\u00f3n de 2 etapas de 22-355 kW<\/span><\/h1>\n<p>&nbsp;<\/p>\n<div class=\"de_dihh\"><span>Descripci\u00f3n<\/span><\/div>\n<div class=\"de_tapp\">\n<p><span>La gama WBS II es nuestro compresor de compresi\u00f3n de dos etapas est\u00e1ndar. El extremo de aire es de tipo vertical con 8 pares de cojinetes&#8230; m\u00e1s eficiencia y m\u00e1s salida de aire comprimido.<\/span><\/p>\n<p><span>Motor el\u00e9ctrico IP55, controlador de pantalla t\u00e1ctil y radiaci\u00f3n ampliada&#8230; aseg\u00farese de que el compresor tenga mayor eficiencia, operaci\u00f3n mucho m\u00e1s sencilla y mejor rendimiento.<\/span><\/p>\n<p><span>Est\u00e1n disponibles tanto velocidad fija como velocidad variable.<\/span><\/p>\n<\/div>\n","protected":false},"excerpt":{"rendered":"<h1>Compresor de aire de tornillo de compresi\u00f3n de 2 etapas de 22-355 kW<\/h1>\n<p>&nbsp;<\/p>\n","protected":false},"featured_media":3130,"comment_status":"open","ping_status":"closed","template":"","meta":[],"product_cat":[97],"product_tag":[],"class_list":["post-3129","product","type-product","status-publish","has-post-thumbnail","hentry","product_cat-compresores-de-aire"],"_links":{"self":[{"href":"https:\/\/smartfluid.cl\/index.php\/wp-json\/wp\/v2\/product\/3129","targetHints":{"allow":["GET"]}}],"collection":[{"href":"https:\/\/smartfluid.cl\/index.php\/wp-json\/wp\/v2\/product"}],"about":[{"href":"https:\/\/smartfluid.cl\/index.php\/wp-json\/wp\/v2\/types\/product"}],"replies":[{"embeddable":true,"href":"https:\/\/smartfluid.cl\/index.php\/wp-json\/wp\/v2\/comments?post=3129"}],"wp:featuredmedia":[{"embeddable":true,"href":"https:\/\/smartfluid.cl\/index.php\/wp-json\/wp\/v2\/media\/3130"}],"wp:attachment":[{"href":"https:\/\/smartfluid.cl\/index.php\/wp-json\/wp\/v2\/media?parent=3129"}],"wp:term":[{"taxonomy":"product_cat","embeddable":true,"href":"https:\/\/smartfluid.cl\/index.php\/wp-json\/wp\/v2\/product_cat?post=3129"},{"taxonomy":"product_tag","embeddable":true,"href":"https:\/\/smartfluid.cl\/index.php\/wp-json\/wp\/v2\/product_tag?post=3129"}],"curies":[{"name":"wp","href":"https:\/\/api.w.org\/{rel}","templated":true}]}}