{"id":539,"date":"2023-02-26T23:41:32","date_gmt":"2023-02-26T20:41:32","guid":{"rendered":"https:\/\/wordpress-914273-3271339.cloudwaysapps.com\/?post_type=product&#038;p=539"},"modified":"2023-03-17T03:03:35","modified_gmt":"2023-03-17T00:03:35","slug":"telemedicion-de-estanque","status":"publish","type":"product","link":"https:\/\/smartfluid.cl\/index.php\/producto\/telemedicion-de-estanque\/","title":{"rendered":"Telemedici\u00f3n de estanque"},"content":{"rendered":"<h1 class=\"product_title entry-title\">TELEMEDICION DE ESTANQUES<\/h1>\n<div class=\"woocommerce-product-details__short-description\">\n<ul>\n<li>Pantalla de visualizaci\u00f3n a color Touch.<\/li>\n<li>Sondas fabricadas en Acero inoxidable.( Altura de la sonda seg\u00fan diametro del Estanque)<\/li>\n<li>Flotadores para producto en hechos en Buna\/ Vit\u00f3n\/ Inoxidable para productos quimicos.<\/li>\n<li>Certficaci\u00f3n Atex Europea para zona Explosiva<\/li>\n<\/ul>\n<\/div>\n","protected":false},"excerpt":{"rendered":"<div class=\"woocommerce-tabs wc-tabs-wrapper\">\n<div id=\"tab-description\" class=\"woocommerce-Tabs-panel woocommerce-Tabs-panel--description panel entry-content wc-tab\" role=\"tabpanel\" aria-labelledby=\"tab-title-description\">\n<p>Actualmente la necesidad de medici\u00f3n exacta junto otros parametros hace imprescindible usar medici\u00f3n electr\u00f3nica de estanques en Estaciones de Servicio para combustibles y almacenamiento de productos quimicos.<\/p>\n<p>Nuestra consola posee pantalla Touch que permite leer la altura y volumen y temperatura en base a una tabla de calibraci\u00f3n programada<\/p>\n<p>Gracias a su protocolo veeder root es capaz de entregar toda la informaci\u00f3n a sistemas de control de ventas o de flota\u00a0 , posee salida de impresora, RS 232, Ethernet TCP\/IP<\/p>\n<\/div>\n<\/div>\n","protected":false},"featured_media":2460,"comment_status":"open","ping_status":"closed","template":"","meta":[],"product_cat":[23],"product_tag":[61],"class_list":["post-539","product","type-product","status-publish","has-post-thumbnail","hentry","product_cat-telemedicion","product_tag-telemedicion"],"_links":{"self":[{"href":"https:\/\/smartfluid.cl\/index.php\/wp-json\/wp\/v2\/product\/539","targetHints":{"allow":["GET"]}}],"collection":[{"href":"https:\/\/smartfluid.cl\/index.php\/wp-json\/wp\/v2\/product"}],"about":[{"href":"https:\/\/smartfluid.cl\/index.php\/wp-json\/wp\/v2\/types\/product"}],"replies":[{"embeddable":true,"href":"https:\/\/smartfluid.cl\/index.php\/wp-json\/wp\/v2\/comments?post=539"}],"wp:featuredmedia":[{"embeddable":true,"href":"https:\/\/smartfluid.cl\/index.php\/wp-json\/wp\/v2\/media\/2460"}],"wp:attachment":[{"href":"https:\/\/smartfluid.cl\/index.php\/wp-json\/wp\/v2\/media?parent=539"}],"wp:term":[{"taxonomy":"product_cat","embeddable":true,"href":"https:\/\/smartfluid.cl\/index.php\/wp-json\/wp\/v2\/product_cat?post=539"},{"taxonomy":"product_tag","embeddable":true,"href":"https:\/\/smartfluid.cl\/index.php\/wp-json\/wp\/v2\/product_tag?post=539"}],"curies":[{"name":"wp","href":"https:\/\/api.w.org\/{rel}","templated":true}]}}