{"id":544,"date":"2023-02-26T23:46:58","date_gmt":"2023-02-26T20:46:58","guid":{"rendered":"https:\/\/wordpress-914273-3271339.cloudwaysapps.com\/?post_type=product&#038;p=544"},"modified":"2023-03-17T02:17:38","modified_gmt":"2023-03-16T23:17:38","slug":"surtidor-doble","status":"publish","type":"product","link":"https:\/\/smartfluid.cl\/index.php\/producto\/surtidor-doble\/","title":{"rendered":"Surtidor doble"},"content":{"rendered":"<div class=\"woocommerce-product-details__short-description\">\n<p>&nbsp;<\/p>\n<\/div>\n<div class=\"woocommerce-tabs wc-tabs-wrapper\">\n<div id=\"tab-description\" class=\"woocommerce-Tabs-panel woocommerce-Tabs-panel--description panel entry-content wc-tab\" role=\"tabpanel\" aria-labelledby=\"tab-title-description\">\n<p>Dise\u00f1ada para dar servicio a ambos lados de la isla dispensadora, la l\u00ednea Oasis puede proporcionar el mismo tipo de combustible independientemente de la direcci\u00f3n de aproximaci\u00f3n. El modelo se ofrece con 4 pantallas en 2 modelos de boquillas, hechas para un trabajo duro y continuo<\/p>\n<p><strong>Caracter\u00edsticas:<\/strong><\/p>\n<p>Elemento de calor de la unidad electr\u00f3nica 300W<br \/>\nColumnas de acero inoxidable SS 304 \u2013 SS 316<br \/>\nOpcional Combo Diesel Adblue<br \/>\nRecuperaci\u00f3n de vapor Estadio II<br \/>\nFLUJO DE\u00a0 45\u00a0 70, 120 litros \/ min<\/p>\n<p>Motores electricos en 380 Volts 3 fases \u00f3 220 Volts 1 fase<\/p>\n<\/div>\n<\/div>\n","protected":false},"excerpt":{"rendered":"<h1 class=\"product_title entry-title\">SURTIDOR DOBLE<\/h1>\n<div class=\"woocommerce-product-details__short-description\">\n<p>Dise\u00f1ada para dar servicio a ambos lados de la isla dispensadora, la\u00a0l\u00ednea\u00a0Oasis\u00a0puede proporcionar el mismo tipo de combustible independientemente de la direcci\u00f3n de aproximaci\u00f3n.\u00a0El modelo se ofrece con 4 pantallas en 2 modelos de boquillas.<\/p>\n<\/div>\n","protected":false},"featured_media":2455,"comment_status":"open","ping_status":"closed","template":"","meta":[],"product_cat":[19],"product_tag":[60],"class_list":["post-544","product","type-product","status-publish","has-post-thumbnail","hentry","product_cat-estaciones-de-servicio","product_tag-dispensador-de-combustible"],"_links":{"self":[{"href":"https:\/\/smartfluid.cl\/index.php\/wp-json\/wp\/v2\/product\/544","targetHints":{"allow":["GET"]}}],"collection":[{"href":"https:\/\/smartfluid.cl\/index.php\/wp-json\/wp\/v2\/product"}],"about":[{"href":"https:\/\/smartfluid.cl\/index.php\/wp-json\/wp\/v2\/types\/product"}],"replies":[{"embeddable":true,"href":"https:\/\/smartfluid.cl\/index.php\/wp-json\/wp\/v2\/comments?post=544"}],"wp:featuredmedia":[{"embeddable":true,"href":"https:\/\/smartfluid.cl\/index.php\/wp-json\/wp\/v2\/media\/2455"}],"wp:attachment":[{"href":"https:\/\/smartfluid.cl\/index.php\/wp-json\/wp\/v2\/media?parent=544"}],"wp:term":[{"taxonomy":"product_cat","embeddable":true,"href":"https:\/\/smartfluid.cl\/index.php\/wp-json\/wp\/v2\/product_cat?post=544"},{"taxonomy":"product_tag","embeddable":true,"href":"https:\/\/smartfluid.cl\/index.php\/wp-json\/wp\/v2\/product_tag?post=544"}],"curies":[{"name":"wp","href":"https:\/\/api.w.org\/{rel}","templated":true}]}}