{"id":555,"date":"2023-02-27T00:00:30","date_gmt":"2023-02-26T21:00:30","guid":{"rendered":"https:\/\/wordpress-914273-3271339.cloudwaysapps.com\/?post_type=product&#038;p=555"},"modified":"2023-03-17T01:42:15","modified_gmt":"2023-03-16T22:42:15","slug":"surtidor-de-diesel-para-punto-industrial","status":"publish","type":"product","link":"https:\/\/smartfluid.cl\/index.php\/producto\/surtidor-de-diesel-para-punto-industrial\/","title":{"rendered":"Surtidor de Diesel para punto industrial"},"content":{"rendered":"<h1 class=\"product_title entry-title\">Surtidor de Diesel para punto industrial<\/h1>\n<div class=\"woocommerce-product-details__short-description\">\n<p>Surtidor ideal para estaciones de servicio privadas con flota de camiones o maquinarias que necesiten ser reabastecidos de Diesel y adblue , de precio efectivo de f\u00e1cil instalaci\u00f3n<\/p>\n<\/div>\n<p class=\"stock available-on-backorder\">Disponible para reserva<\/p>\n","protected":false},"excerpt":{"rendered":"<div class=\"woocommerce-tabs wc-tabs-wrapper\">\n<ul class=\"tabs wc-tabs ui-tabs ui-corner-all ui-widget ui-widget-content\" role=\"tablist\">\n<li id=\"tab-title-description\" class=\"description_tab active\" role=\"tab\" aria-controls=\"tab-description\"><a href=\"https:\/\/smartfluid.cl\/producto\/surtidor-para-punto-industrial\/#tab-description\">DESCRIPCI\u00d3N<\/a><\/li>\n<\/ul>\n<div id=\"tab-description\" class=\"woocommerce-Tabs-panel woocommerce-Tabs-panel--description panel entry-content wc-tab\" role=\"tabpanel\" aria-labelledby=\"tab-title-description\">\n<p>Los conocimientos y las ventajas de Mekser en formato compacto. Utilizando acero galvanizado como comienzo,fuerte protecci\u00f3n contra la oxidaci\u00f3n. O puede optar por el acero inoxidable para una m\u00e1xima protecci\u00f3n contra las condiciones externas.<\/p>\n<p><strong>Caracter\u00edsticas:<\/strong><\/p>\n<p>Electronic Unit Heat Element 300W<br \/>\nCombo DEF<br \/>\nDestorcedor de 3\/4\u2033<br \/>\nHigh Efficiency 70, 120 lt \/ min<\/p>\n<\/div>\n<\/div>\n","protected":false},"featured_media":2451,"comment_status":"open","ping_status":"closed","template":"","meta":[],"product_cat":[19,20],"product_tag":[60],"class_list":["post-555","product","type-product","status-publish","has-post-thumbnail","hentry","product_cat-estaciones-de-servicio","product_cat-adblue","product_tag-dispensador-de-combustible"],"_links":{"self":[{"href":"https:\/\/smartfluid.cl\/index.php\/wp-json\/wp\/v2\/product\/555","targetHints":{"allow":["GET"]}}],"collection":[{"href":"https:\/\/smartfluid.cl\/index.php\/wp-json\/wp\/v2\/product"}],"about":[{"href":"https:\/\/smartfluid.cl\/index.php\/wp-json\/wp\/v2\/types\/product"}],"replies":[{"embeddable":true,"href":"https:\/\/smartfluid.cl\/index.php\/wp-json\/wp\/v2\/comments?post=555"}],"wp:featuredmedia":[{"embeddable":true,"href":"https:\/\/smartfluid.cl\/index.php\/wp-json\/wp\/v2\/media\/2451"}],"wp:attachment":[{"href":"https:\/\/smartfluid.cl\/index.php\/wp-json\/wp\/v2\/media?parent=555"}],"wp:term":[{"taxonomy":"product_cat","embeddable":true,"href":"https:\/\/smartfluid.cl\/index.php\/wp-json\/wp\/v2\/product_cat?post=555"},{"taxonomy":"product_tag","embeddable":true,"href":"https:\/\/smartfluid.cl\/index.php\/wp-json\/wp\/v2\/product_tag?post=555"}],"curies":[{"name":"wp","href":"https:\/\/api.w.org\/{rel}","templated":true}]}}