{"id":561,"date":"2023-02-27T00:13:13","date_gmt":"2023-02-26T21:13:13","guid":{"rendered":"https:\/\/wordpress-914273-3271339.cloudwaysapps.com\/?post_type=product&#038;p=561"},"modified":"2023-03-17T14:55:39","modified_gmt":"2023-03-17T11:55:39","slug":"codo-de-descarga-compacto","status":"publish","type":"product","link":"https:\/\/smartfluid.cl\/index.php\/producto\/codo-de-descarga-compacto\/","title":{"rendered":"Codo de descarga compacto"},"content":{"rendered":"<p>SISTEMA DE PREVENCI\u00d3N DE CONTAMINACI\u00d3N DE COMBUSTIBLE PARA PUNTOS DE LLENADO POR ENCIMA DEL SUELO.<\/p>\n<p>Gracias a los componentes de bloqueo del brazo de leva, el Midas Compact (codo de descarga) puede acoplarse a adaptadores de 4 pulgadas sobre el suelo.<\/p>\n","protected":false},"excerpt":{"rendered":"<p>Codo de descarga compacto Midas, todo el poder de los codos inteligente de Berrys en un formato m\u00e1s compacto pero igual de preciso que sus antecesores.<\/p>\n<p>El MIDAS compacto ofrece la mejor soluci\u00f3n para el suministro de combustible por encima del suelo. Encaja perfectamente en cualquier proceso de suministro, mejorar la manipulaci\u00f3n y ofrecerle la m\u00e1xima protecci\u00f3n MIDAS son s\u00f3lo algunas de las ventajas de utilizar el MIDAS compact.<\/p>\n<p>Conexi\u00f3n RFID compacta<\/p>\n<p>En la variante compacta, cada adaptador de punto de llenado est\u00e1 equipado con un soporte RFID. \u00c9ste contiene el tipo de combustible, la direcci\u00f3n del emplazamiento y el n\u00famero del dep\u00f3sito. Cuando el MIDAS se conecta al punto de llenado, el lector RFID de la base de la unidad MIDAS detecta autom\u00e1ticamente el tipo de combustible del dep\u00f3sito al que est\u00e1 conectado y calibra la unidad en consecuencia.<\/p>\n<p>De este modo se garantiza que el tipo de combustible correcto s\u00f3lo pasar\u00e1 por el MIDAS.<\/p>\n","protected":false},"featured_media":2477,"comment_status":"open","ping_status":"closed","template":"","meta":[],"product_cat":[56],"product_tag":[59],"class_list":["post-561","product","type-product","status-publish","has-post-thumbnail","hentry","product_cat-codos-inteligentes-de-descarga","product_tag-codo-de-descarga"],"_links":{"self":[{"href":"https:\/\/smartfluid.cl\/index.php\/wp-json\/wp\/v2\/product\/561","targetHints":{"allow":["GET"]}}],"collection":[{"href":"https:\/\/smartfluid.cl\/index.php\/wp-json\/wp\/v2\/product"}],"about":[{"href":"https:\/\/smartfluid.cl\/index.php\/wp-json\/wp\/v2\/types\/product"}],"replies":[{"embeddable":true,"href":"https:\/\/smartfluid.cl\/index.php\/wp-json\/wp\/v2\/comments?post=561"}],"wp:featuredmedia":[{"embeddable":true,"href":"https:\/\/smartfluid.cl\/index.php\/wp-json\/wp\/v2\/media\/2477"}],"wp:attachment":[{"href":"https:\/\/smartfluid.cl\/index.php\/wp-json\/wp\/v2\/media?parent=561"}],"wp:term":[{"taxonomy":"product_cat","embeddable":true,"href":"https:\/\/smartfluid.cl\/index.php\/wp-json\/wp\/v2\/product_cat?post=561"},{"taxonomy":"product_tag","embeddable":true,"href":"https:\/\/smartfluid.cl\/index.php\/wp-json\/wp\/v2\/product_tag?post=561"}],"curies":[{"name":"wp","href":"https:\/\/api.w.org\/{rel}","templated":true}]}}