{"id":575,"date":"2023-02-27T00:33:55","date_gmt":"2023-02-26T21:33:55","guid":{"rendered":"https:\/\/wordpress-914273-3271339.cloudwaysapps.com\/?post_type=product&#038;p=575"},"modified":"2023-07-20T04:05:14","modified_gmt":"2023-07-20T01:05:14","slug":"detector-de-llamas","status":"publish","type":"product","link":"https:\/\/smartfluid.cl\/index.php\/producto\/detector-de-llamas\/","title":{"rendered":"Detector de Llamas"},"content":{"rendered":"<p>Detector de llama UVIR | RFD-2FTN<\/p>\n<p>El RFD-2FTN es un detector de llama de tipo UV\/IR.<\/p>\n<p>&nbsp;<\/p>\n<p>Identifica el fuego cuando los sensores UV e IR detectan simult\u00e1neamente la presencia de una llama.<\/p>\n<p>M\u00e1ximo 30 metros de alcance de detecci\u00f3n con un cono de visi\u00f3n de 100 grados.<\/p>\n<p>Permite el funcionamiento en zonas peligrosas.<\/p>\n<p>Opciones de salida seleccionables por el usuario entre rel\u00e9s, salida escalonada de 4-20\u3383 y RS-485.<\/p>\n","protected":false},"excerpt":{"rendered":"<p>Detector de llama UVIR | RFD-2FTN El RFD-2FTN es un detector de llama de tipo UV\/IR. &nbsp; Identifica el fuego cuando los sensores UV e IR detectan simult\u00e1neamente la presencia de una llama. M\u00e1ximo 30 metros de [&hellip;]<\/p>\n","protected":false},"featured_media":460,"comment_status":"open","ping_status":"closed","template":"","meta":[],"product_cat":[55],"product_tag":[57],"class_list":["post-575","product","type-product","status-publish","has-post-thumbnail","hentry","product_cat-detector-de-llama","product_tag-detector-de-llama"],"_links":{"self":[{"href":"https:\/\/smartfluid.cl\/index.php\/wp-json\/wp\/v2\/product\/575","targetHints":{"allow":["GET"]}}],"collection":[{"href":"https:\/\/smartfluid.cl\/index.php\/wp-json\/wp\/v2\/product"}],"about":[{"href":"https:\/\/smartfluid.cl\/index.php\/wp-json\/wp\/v2\/types\/product"}],"replies":[{"embeddable":true,"href":"https:\/\/smartfluid.cl\/index.php\/wp-json\/wp\/v2\/comments?post=575"}],"wp:featuredmedia":[{"embeddable":true,"href":"https:\/\/smartfluid.cl\/index.php\/wp-json\/wp\/v2\/media\/460"}],"wp:attachment":[{"href":"https:\/\/smartfluid.cl\/index.php\/wp-json\/wp\/v2\/media?parent=575"}],"wp:term":[{"taxonomy":"product_cat","embeddable":true,"href":"https:\/\/smartfluid.cl\/index.php\/wp-json\/wp\/v2\/product_cat?post=575"},{"taxonomy":"product_tag","embeddable":true,"href":"https:\/\/smartfluid.cl\/index.php\/wp-json\/wp\/v2\/product_tag?post=575"}],"curies":[{"name":"wp","href":"https:\/\/api.w.org\/{rel}","templated":true}]}}